{"id":85,"date":"2021-06-22T17:14:30","date_gmt":"2021-06-22T15:14:30","guid":{"rendered":"https:\/\/ksiegarnia.republikaostrowska.pl\/?post_type=product&#038;p=85"},"modified":"2022-02-13T20:38:34","modified_gmt":"2022-02-13T19:38:34","slug":"hymn-zachwytu-antologia-pokonkursowa-2016","status":"publish","type":"product","link":"https:\/\/ksiegarnia.republikaostrowska.pl\/index.php\/produkt\/hymn-zachwytu-antologia-pokonkursowa-2016\/","title":{"rendered":"Hymn zachwytu. Antologia pokonkursowa 2016"},"content":{"rendered":"<p>Czego \u015bwiadectwem s\u0105 zgromadzone w antologii utwory?<br \/>\nStanowi\u0105 dow\u00f3d znamiennej, dawno przez Micha\u0142a G\u0142owi\u0144skiego opisanej tendencji: \u201eLiteracko\u015b\u0107 muzyki przejawia si\u0119 w \u2013 bezpo\u015brednich b\u0105d\u017a po\u015brednich \u2013 d\u0105\u017ceniach do wyj\u015bcia z tworzywa i przezwyci\u0119\u017cania jego naturalnych ogranicze\u0144. Muzyczno\u015b\u0107 literatury ujawnia si\u0119 w d\u0105\u017ceniu do wej\u015bcia w tworzywo, a dok\u0142adnie \u2013 w jedn\u0105 jego warstw\u0119: brzmieniow\u0105. Ale i temu towarzyszy \u2013 i tu w przeciwie\u0144stwie ujawnia si\u0119 analogia \u2013 d\u0105\u017cenie do przezwyci\u0119\u017cenia naturalnych ogranicze\u0144 tworzywa. Tylko \u017ce s\u0105 to ograniczenia inne: w przypadku pierwszym ub\u00f3stwo semantyczno\u015bci, w drugim \u2013 ub\u00f3stwo mo\u017cliwo\u015bci brzmieniowych\u201d \u2013 pisa\u0142 Micha\u0142 G\u0142owi\u0144ski w szkicu \u201eLiteracko\u015b\u0107 muzyki \u2013 muzyczno\u015b\u0107 literatury\u201d (\u201ePoetyka i okolice\u201d, Warszawa 1992, s. 315). [\u2026]<br \/>\nPrezentowane w antologii \u201eHymn zachwytu\u201d wiersze \u015bwiadcz\u0105 o ryzyku, na jakie nara\u017ca si\u0119 ka\u017cdy poruszaj\u0105cy si\u0119 w przestrzeni korespondencji sztuk. Cz\u0119sto s\u0105 rezultatem zabieg\u00f3w tw\u00f3rczych wynikaj\u0105cych z niezgody na ograniczenia swoistego dla poezji tworzywa \u2013 j\u0119zyka. One nie mog\u0142y by\u0107 nagrodzone, ale z pewno\u015bci\u0105 dla czytelnik\u00f3w \u201eliterackich\u201d b\u0119d\u0105 ciekawym do\u015bwiadczeniem, dla mi\u0142o\u015bnik\u00f3w muzyki \u2013 pi\u0119kn\u0105 ilustracj\u0105 ich w\u0142asnych przyg\u00f3d \u201emeloma\u0144skich\u201d, dla autor\u00f3w \u2013 materia\u0142em do refleksji metapoetyckiej. Dla juror\u00f3w pozostaj\u0105 wszystkim tym jednocze\u015bnie \u2013 oddanym w r\u0119ce czytelnik\u00f3w ze \u015bwiadomo\u015bci\u0105 uchylania r\u0105bka tajemnicy warsztatu pracy.<br \/>\nMa\u0142gorzata Juda-Mieloch<\/p>\n<p>Autorzy wierszy zamieszczonych w antologii:<\/p>\n<ul>\n<li>Dorota Betlewska-Gutowska<\/li>\n<li>Iwona Czech<\/li>\n<li>Karina \u0106wirze\u0144<\/li>\n<li>El\u017cbieta D\u0105browa-Hibel<\/li>\n<li>Monika Dubiel<\/li>\n<li>Tomasz Fatalski<\/li>\n<li>Ma\u0142gorzata Fruzi\u0144ska<\/li>\n<li>Micha\u0142 Gajda<\/li>\n<li>Maciej Gardziejewski<\/li>\n<li>Ewa Grabna<\/li>\n<li>Jan Henzel<\/li>\n<li>Ma\u0142gorzata Januszewska<\/li>\n<li>Katarzyna K\u0119pi\u0144ska<\/li>\n<li>Tadeusz Knyziak<\/li>\n<li>Waldemar Konieczny<\/li>\n<li>Urszula Kope\u0107-Zaborniak<\/li>\n<li>Mariusz Kosmala<\/li>\n<li>Dawid Koteja<\/li>\n<li>Lech Kotwicz<\/li>\n<li>Barbara Kowalewska<\/li>\n<li>Maria Kozan<\/li>\n<li>Artur Koz\u0142owski<\/li>\n<li>Marcin Kr\u00f3likowski<\/li>\n<li>Alicja Kuberska<\/li>\n<li>Ewelina Ku\u015bka<\/li>\n<li>Marzenna Lewandowska<\/li>\n<li>Janusz Lisicki<\/li>\n<li>Agnieszka Marek<\/li>\n<li>Andrzej Mularczyk<\/li>\n<li>Bogdan Nowicki<\/li>\n<li>Pawe\u0142 Nycz-Wasilec<\/li>\n<li>Wies\u0142aw Owerczuk<\/li>\n<li>Joanna Pisarska<\/li>\n<li>Anna Piliszewska<\/li>\n<li>Grzegorz Raputa<\/li>\n<li>Kazimierz Rink<\/li>\n<li>Dorota Ryst<\/li>\n<li>S\u0142awomir Sadowski<\/li>\n<li>Tomasz Smog\u00f3r<\/li>\n<li>Katarzyna Stachowiak-Ksi\u0105\u017cek<\/li>\n<li>Jaros\u0142aw \u015awi\u0105cik<\/li>\n<li>Marta Tomczyk-Maryon<\/li>\n<li>Teresa Tomsia<\/li>\n<li>Wies\u0142aw Trzeciakowski<\/li>\n<li>Robert Weiss<\/li>\n<li>Anna Wierzchucka<\/li>\n<li>Maria W\u00f3jtowicz<\/li>\n<li>Edyta Wysocka<\/li>\n<li>Katarzyna Zychla<\/li>\n<\/ul>\n","protected":false},"excerpt":{"rendered":"<p>Czego \u015bwiadectwem s\u0105 zgromadzone w antologii utwory? Stanowi\u0105 dow\u00f3d znamiennej, dawno przez Micha\u0142a G\u0142owi\u0144skiego opisanej tendencji: \u201eLiteracko\u015b\u0107 muzyki przejawia si\u0119 w \u2013 bezpo\u015brednich b\u0105d\u017a po\u015brednich \u2013 d\u0105\u017ceniach do wyj\u015bcia z tworzywa i przezwyci\u0119\u017cania jego naturalnych ogranicze\u0144. Muzyczno\u015b\u0107 literatury ujawnia si\u0119 w d\u0105\u017ceniu do wej\u015bcia w tworzywo, a dok\u0142adnie \u2013 w jedn\u0105 jego warstw\u0119: brzmieniow\u0105. Ale [&hellip;]<\/p>\n","protected":false},"featured_media":86,"comment_status":"open","ping_status":"closed","template":"","meta":[],"product_brand":[],"product_cat":[45],"product_tag":[],"class_list":{"0":"post-85","1":"product","2":"type-product","3":"status-publish","4":"has-post-thumbnail","6":"product_cat-poezja","8":"first","9":"instock","10":"taxable","11":"shipping-taxable","12":"purchasable","13":"product-type-simple"},"yoast_head":"<!-- This site is optimized with the Yoast SEO plugin v26.9 - https:\/\/yoast.com\/product\/yoast-seo-wordpress\/ -->\n<title>Ksi\u0119garnia Wydawnictwa Republika Ostrowska<\/title>\n<meta name=\"robots\" content=\"index, follow, max-snippet:-1, max-image-preview:large, max-video-preview:-1\" \/>\n<link rel=\"canonical\" href=\"https:\/\/ksiegarnia.republikaostrowska.pl\/index.php\/produkt\/hymn-zachwytu-antologia-pokonkursowa-2016\/\" \/>\n<meta property=\"og:locale\" content=\"pl_PL\" \/>\n<meta property=\"og:type\" content=\"article\" \/>\n<meta property=\"og:title\" content=\"Ksi\u0119garnia Wydawnictwa Republika Ostrowska\" \/>\n<meta property=\"og:description\" content=\"Czego \u015bwiadectwem s\u0105 zgromadzone w antologii utwory? Stanowi\u0105 dow\u00f3d znamiennej, dawno przez Micha\u0142a G\u0142owi\u0144skiego opisanej tendencji: \u201eLiteracko\u015b\u0107 muzyki przejawia si\u0119 w \u2013 bezpo\u015brednich b\u0105d\u017a po\u015brednich \u2013 d\u0105\u017ceniach do wyj\u015bcia z tworzywa i przezwyci\u0119\u017cania jego naturalnych ogranicze\u0144. Muzyczno\u015b\u0107 literatury ujawnia si\u0119 w d\u0105\u017ceniu do wej\u015bcia w tworzywo, a dok\u0142adnie \u2013 w jedn\u0105 jego warstw\u0119: brzmieniow\u0105. Ale [&hellip;]\" \/>\n<meta property=\"og:url\" content=\"https:\/\/ksiegarnia.republikaostrowska.pl\/index.php\/produkt\/hymn-zachwytu-antologia-pokonkursowa-2016\/\" \/>\n<meta property=\"og:site_name\" content=\"Ksi\u0119garnia Wydawnictwa Republika Ostrowska\" \/>\n<meta property=\"article:modified_time\" content=\"2022-02-13T19:38:34+00:00\" \/>\n<meta property=\"og:image\" content=\"https:\/\/ksiegarnia.republikaostrowska.pl\/wp-content\/uploads\/2021\/06\/Hymn-zachwytu-2016.jpg\" \/>\n\t<meta property=\"og:image:width\" content=\"247\" \/>\n\t<meta property=\"og:image:height\" content=\"350\" \/>\n\t<meta property=\"og:image:type\" content=\"image\/jpeg\" \/>\n<meta name=\"twitter:card\" content=\"summary_large_image\" \/>\n<meta name=\"twitter:label1\" content=\"Szacowany czas czytania\" \/>\n\t<meta name=\"twitter:data1\" content=\"2 minuty\" \/>\n<script type=\"application\/ld+json\" class=\"yoast-schema-graph\">{\"@context\":\"https:\/\/schema.org\",\"@graph\":[{\"@type\":\"WebPage\",\"@id\":\"https:\/\/ksiegarnia.republikaostrowska.pl\/index.php\/produkt\/hymn-zachwytu-antologia-pokonkursowa-2016\/\",\"url\":\"https:\/\/ksiegarnia.republikaostrowska.pl\/index.php\/produkt\/hymn-zachwytu-antologia-pokonkursowa-2016\/\",\"name\":\"Ksi\u0119garnia Wydawnictwa Republika Ostrowska\",\"isPartOf\":{\"@id\":\"https:\/\/ksiegarnia.republikaostrowska.pl\/#website\"},\"primaryImageOfPage\":{\"@id\":\"https:\/\/ksiegarnia.republikaostrowska.pl\/index.php\/produkt\/hymn-zachwytu-antologia-pokonkursowa-2016\/#primaryimage\"},\"image\":{\"@id\":\"https:\/\/ksiegarnia.republikaostrowska.pl\/index.php\/produkt\/hymn-zachwytu-antologia-pokonkursowa-2016\/#primaryimage\"},\"thumbnailUrl\":\"https:\/\/i0.wp.com\/ksiegarnia.republikaostrowska.pl\/wp-content\/uploads\/2021\/06\/Hymn-zachwytu-2016.jpg?fit=247%2C350&ssl=1\",\"datePublished\":\"2021-06-22T15:14:30+00:00\",\"dateModified\":\"2022-02-13T19:38:34+00:00\",\"breadcrumb\":{\"@id\":\"https:\/\/ksiegarnia.republikaostrowska.pl\/index.php\/produkt\/hymn-zachwytu-antologia-pokonkursowa-2016\/#breadcrumb\"},\"inLanguage\":\"pl-PL\",\"potentialAction\":[{\"@type\":\"ReadAction\",\"target\":[\"https:\/\/ksiegarnia.republikaostrowska.pl\/index.php\/produkt\/hymn-zachwytu-antologia-pokonkursowa-2016\/\"]}]},{\"@type\":\"ImageObject\",\"inLanguage\":\"pl-PL\",\"@id\":\"https:\/\/ksiegarnia.republikaostrowska.pl\/index.php\/produkt\/hymn-zachwytu-antologia-pokonkursowa-2016\/#primaryimage\",\"url\":\"https:\/\/i0.wp.com\/ksiegarnia.republikaostrowska.pl\/wp-content\/uploads\/2021\/06\/Hymn-zachwytu-2016.jpg?fit=247%2C350&ssl=1\",\"contentUrl\":\"https:\/\/i0.wp.com\/ksiegarnia.republikaostrowska.pl\/wp-content\/uploads\/2021\/06\/Hymn-zachwytu-2016.jpg?fit=247%2C350&ssl=1\",\"width\":247,\"height\":350},{\"@type\":\"BreadcrumbList\",\"@id\":\"https:\/\/ksiegarnia.republikaostrowska.pl\/index.php\/produkt\/hymn-zachwytu-antologia-pokonkursowa-2016\/#breadcrumb\",\"itemListElement\":[{\"@type\":\"ListItem\",\"position\":1,\"name\":\"Strona g\u0142\u00f3wna\",\"item\":\"https:\/\/ksiegarnia.republikaostrowska.pl\/\"},{\"@type\":\"ListItem\",\"position\":2,\"name\":\"Sklep\",\"item\":\"https:\/\/ksiegarnia.republikaostrowska.pl\/\"},{\"@type\":\"ListItem\",\"position\":3,\"name\":\"Hymn zachwytu. Antologia pokonkursowa 2016\"}]},{\"@type\":\"WebSite\",\"@id\":\"https:\/\/ksiegarnia.republikaostrowska.pl\/#website\",\"url\":\"https:\/\/ksiegarnia.republikaostrowska.pl\/\",\"name\":\"Ksi\u0119garnia Wydawnictwa Republika Ostrowska\",\"description\":\"Sprzeda\u017c ksi\u0105\u017cek Wydawnictwa Republika Ostrowska\",\"publisher\":{\"@id\":\"https:\/\/ksiegarnia.republikaostrowska.pl\/#organization\"},\"potentialAction\":[{\"@type\":\"SearchAction\",\"target\":{\"@type\":\"EntryPoint\",\"urlTemplate\":\"https:\/\/ksiegarnia.republikaostrowska.pl\/?s={search_term_string}\"},\"query-input\":{\"@type\":\"PropertyValueSpecification\",\"valueRequired\":true,\"valueName\":\"search_term_string\"}}],\"inLanguage\":\"pl-PL\"},{\"@type\":\"Organization\",\"@id\":\"https:\/\/ksiegarnia.republikaostrowska.pl\/#organization\",\"name\":\"Wydawnictwo Republika Ostrowska\",\"url\":\"https:\/\/ksiegarnia.republikaostrowska.pl\/\",\"logo\":{\"@type\":\"ImageObject\",\"inLanguage\":\"pl-PL\",\"@id\":\"https:\/\/ksiegarnia.republikaostrowska.pl\/#\/schema\/logo\/image\/\",\"url\":\"https:\/\/i0.wp.com\/ksiegarnia.republikaostrowska.pl\/wp-content\/uploads\/2021\/07\/Wydawnictwo-Republika-Ostrowska-LOGO.png?fit=512%2C512&ssl=1\",\"contentUrl\":\"https:\/\/i0.wp.com\/ksiegarnia.republikaostrowska.pl\/wp-content\/uploads\/2021\/07\/Wydawnictwo-Republika-Ostrowska-LOGO.png?fit=512%2C512&ssl=1\",\"width\":512,\"height\":512,\"caption\":\"Wydawnictwo Republika Ostrowska\"},\"image\":{\"@id\":\"https:\/\/ksiegarnia.republikaostrowska.pl\/#\/schema\/logo\/image\/\"}}]}<\/script>\n<!-- \/ Yoast SEO plugin. -->","yoast_head_json":{"title":"Ksi\u0119garnia Wydawnictwa Republika Ostrowska","robots":{"index":"index","follow":"follow","max-snippet":"max-snippet:-1","max-image-preview":"max-image-preview:large","max-video-preview":"max-video-preview:-1"},"canonical":"https:\/\/ksiegarnia.republikaostrowska.pl\/index.php\/produkt\/hymn-zachwytu-antologia-pokonkursowa-2016\/","og_locale":"pl_PL","og_type":"article","og_title":"Ksi\u0119garnia Wydawnictwa Republika Ostrowska","og_description":"Czego \u015bwiadectwem s\u0105 zgromadzone w antologii utwory? Stanowi\u0105 dow\u00f3d znamiennej, dawno przez Micha\u0142a G\u0142owi\u0144skiego opisanej tendencji: \u201eLiteracko\u015b\u0107 muzyki przejawia si\u0119 w \u2013 bezpo\u015brednich b\u0105d\u017a po\u015brednich \u2013 d\u0105\u017ceniach do wyj\u015bcia z tworzywa i przezwyci\u0119\u017cania jego naturalnych ogranicze\u0144. Muzyczno\u015b\u0107 literatury ujawnia si\u0119 w d\u0105\u017ceniu do wej\u015bcia w tworzywo, a dok\u0142adnie \u2013 w jedn\u0105 jego warstw\u0119: brzmieniow\u0105. Ale [&hellip;]","og_url":"https:\/\/ksiegarnia.republikaostrowska.pl\/index.php\/produkt\/hymn-zachwytu-antologia-pokonkursowa-2016\/","og_site_name":"Ksi\u0119garnia Wydawnictwa Republika Ostrowska","article_modified_time":"2022-02-13T19:38:34+00:00","og_image":[{"width":247,"height":350,"url":"https:\/\/ksiegarnia.republikaostrowska.pl\/wp-content\/uploads\/2021\/06\/Hymn-zachwytu-2016.jpg","type":"image\/jpeg"}],"twitter_card":"summary_large_image","twitter_misc":{"Szacowany czas czytania":"2 minuty"},"schema":{"@context":"https:\/\/schema.org","@graph":[{"@type":"WebPage","@id":"https:\/\/ksiegarnia.republikaostrowska.pl\/index.php\/produkt\/hymn-zachwytu-antologia-pokonkursowa-2016\/","url":"https:\/\/ksiegarnia.republikaostrowska.pl\/index.php\/produkt\/hymn-zachwytu-antologia-pokonkursowa-2016\/","name":"Ksi\u0119garnia Wydawnictwa Republika Ostrowska","isPartOf":{"@id":"https:\/\/ksiegarnia.republikaostrowska.pl\/#website"},"primaryImageOfPage":{"@id":"https:\/\/ksiegarnia.republikaostrowska.pl\/index.php\/produkt\/hymn-zachwytu-antologia-pokonkursowa-2016\/#primaryimage"},"image":{"@id":"https:\/\/ksiegarnia.republikaostrowska.pl\/index.php\/produkt\/hymn-zachwytu-antologia-pokonkursowa-2016\/#primaryimage"},"thumbnailUrl":"https:\/\/i0.wp.com\/ksiegarnia.republikaostrowska.pl\/wp-content\/uploads\/2021\/06\/Hymn-zachwytu-2016.jpg?fit=247%2C350&ssl=1","datePublished":"2021-06-22T15:14:30+00:00","dateModified":"2022-02-13T19:38:34+00:00","breadcrumb":{"@id":"https:\/\/ksiegarnia.republikaostrowska.pl\/index.php\/produkt\/hymn-zachwytu-antologia-pokonkursowa-2016\/#breadcrumb"},"inLanguage":"pl-PL","potentialAction":[{"@type":"ReadAction","target":["https:\/\/ksiegarnia.republikaostrowska.pl\/index.php\/produkt\/hymn-zachwytu-antologia-pokonkursowa-2016\/"]}]},{"@type":"ImageObject","inLanguage":"pl-PL","@id":"https:\/\/ksiegarnia.republikaostrowska.pl\/index.php\/produkt\/hymn-zachwytu-antologia-pokonkursowa-2016\/#primaryimage","url":"https:\/\/i0.wp.com\/ksiegarnia.republikaostrowska.pl\/wp-content\/uploads\/2021\/06\/Hymn-zachwytu-2016.jpg?fit=247%2C350&ssl=1","contentUrl":"https:\/\/i0.wp.com\/ksiegarnia.republikaostrowska.pl\/wp-content\/uploads\/2021\/06\/Hymn-zachwytu-2016.jpg?fit=247%2C350&ssl=1","width":247,"height":350},{"@type":"BreadcrumbList","@id":"https:\/\/ksiegarnia.republikaostrowska.pl\/index.php\/produkt\/hymn-zachwytu-antologia-pokonkursowa-2016\/#breadcrumb","itemListElement":[{"@type":"ListItem","position":1,"name":"Strona g\u0142\u00f3wna","item":"https:\/\/ksiegarnia.republikaostrowska.pl\/"},{"@type":"ListItem","position":2,"name":"Sklep","item":"https:\/\/ksiegarnia.republikaostrowska.pl\/"},{"@type":"ListItem","position":3,"name":"Hymn zachwytu. Antologia pokonkursowa 2016"}]},{"@type":"WebSite","@id":"https:\/\/ksiegarnia.republikaostrowska.pl\/#website","url":"https:\/\/ksiegarnia.republikaostrowska.pl\/","name":"Ksi\u0119garnia Wydawnictwa Republika Ostrowska","description":"Sprzeda\u017c ksi\u0105\u017cek Wydawnictwa Republika Ostrowska","publisher":{"@id":"https:\/\/ksiegarnia.republikaostrowska.pl\/#organization"},"potentialAction":[{"@type":"SearchAction","target":{"@type":"EntryPoint","urlTemplate":"https:\/\/ksiegarnia.republikaostrowska.pl\/?s={search_term_string}"},"query-input":{"@type":"PropertyValueSpecification","valueRequired":true,"valueName":"search_term_string"}}],"inLanguage":"pl-PL"},{"@type":"Organization","@id":"https:\/\/ksiegarnia.republikaostrowska.pl\/#organization","name":"Wydawnictwo Republika Ostrowska","url":"https:\/\/ksiegarnia.republikaostrowska.pl\/","logo":{"@type":"ImageObject","inLanguage":"pl-PL","@id":"https:\/\/ksiegarnia.republikaostrowska.pl\/#\/schema\/logo\/image\/","url":"https:\/\/i0.wp.com\/ksiegarnia.republikaostrowska.pl\/wp-content\/uploads\/2021\/07\/Wydawnictwo-Republika-Ostrowska-LOGO.png?fit=512%2C512&ssl=1","contentUrl":"https:\/\/i0.wp.com\/ksiegarnia.republikaostrowska.pl\/wp-content\/uploads\/2021\/07\/Wydawnictwo-Republika-Ostrowska-LOGO.png?fit=512%2C512&ssl=1","width":512,"height":512,"caption":"Wydawnictwo Republika Ostrowska"},"image":{"@id":"https:\/\/ksiegarnia.republikaostrowska.pl\/#\/schema\/logo\/image\/"}}]}},"jetpack-related-posts":[{"id":146,"url":"https:\/\/ksiegarnia.republikaostrowska.pl\/index.php\/produkt\/noc-chopina-jubileuszowa-antologia-pokonkursowa-v-ogolnopolskiego-poetyckiego-konkursu-chopinowskiego-hymn-zachwytu-2020\/","url_meta":{"origin":85,"position":0},"title":"Noc Chopina. Jubileuszowa antologia pokonkursowa V Og\u00f3lnopolskiego Poetyckiego Konkursu Chopinowskiego ,\u201eHymn zachwytu\u201d 2020","author":"Tomasz Mieloch","date":"1 lipca 2021","format":false,"excerpt":"Jubileusze to dobry moment na podsumowania. W\u00a0czasie pi\u0119ciu edycji na konkurs nap\u0142yn\u0119\u0142o \u0142\u0105cznie 916 utwor\u00f3w. Zwa\u017cywszy na jego tematyczne ograniczenie, liczba ta jest imponuj\u0105ca, a\u00a0w\u00a0tym roku zapewne w\u00a0zwi\u0105zku z\u00a0mo\u017cliwo\u015bci\u0105 zg\u0142oszenia przez jednego autora a\u017c trzech wierszy\u00a0\u2013 ogromna: 460 utwor\u00f3w. Konkursowe ograniczenie\u00a0\u2013 jak pisa\u0142am w\u00a0antologii podsumowuj\u0105cej pierwsz\u0105 edycj\u0119\u00a0\u2013 nie jest jedynie\u2026","rel":"","context":"Podobny wpis","block_context":{"text":"Podobny wpis","link":""},"img":{"alt_text":"","src":"https:\/\/i0.wp.com\/ksiegarnia.republikaostrowska.pl\/wp-content\/uploads\/2021\/07\/Noc-Chopina-OKLADKA-store.jpg?fit=846%2C1200&ssl=1&resize=350%2C200","width":350,"height":200,"srcset":"https:\/\/i0.wp.com\/ksiegarnia.republikaostrowska.pl\/wp-content\/uploads\/2021\/07\/Noc-Chopina-OKLADKA-store.jpg?fit=846%2C1200&ssl=1&resize=350%2C200 1x, https:\/\/i0.wp.com\/ksiegarnia.republikaostrowska.pl\/wp-content\/uploads\/2021\/07\/Noc-Chopina-OKLADKA-store.jpg?fit=846%2C1200&ssl=1&resize=525%2C300 1.5x, https:\/\/i0.wp.com\/ksiegarnia.republikaostrowska.pl\/wp-content\/uploads\/2021\/07\/Noc-Chopina-OKLADKA-store.jpg?fit=846%2C1200&ssl=1&resize=700%2C400 2x"},"classes":[]},{"id":96,"url":"https:\/\/ksiegarnia.republikaostrowska.pl\/index.php\/produkt\/hymn-zachwytu-antologia-pokonkursowa-2018\/","url_meta":{"origin":85,"position":1},"title":"Hymn zachwytu. Antologia pokonkursowa 2018","author":"Tomasz Mieloch","date":"30 czerwca 2021","format":false,"excerpt":"\u201eOni byli poetami. Ich kr\u0119powa\u0142a jasno\u015b\u0107 poj\u0119\u0107, \u015bcis\u0142o\u015b\u0107 s\u0142owa, bo nawet nasza mowa, tak dziwnie pi\u0119kna i bogata, wypowiedzie\u0107 wszystkiego nie jest w stanie\u201d \u2013 m\u00f3wi\u0142 Paderewski. Samo podj\u0119cie si\u0119 napisania \u201ewiersza chopinowskiego\u201d i to jeszcze w blasku Norwidowskiego flesza jest \u015bwiadectwem gotowo\u015bci prze\u0142amania barier. A je\u015bli te pr\u00f3by podejmowane\u2026","rel":"","context":"Podobny wpis","block_context":{"text":"Podobny wpis","link":""},"img":{"alt_text":"","src":"https:\/\/i0.wp.com\/ksiegarnia.republikaostrowska.pl\/wp-content\/uploads\/2021\/06\/Hymn-zachwytu-2018.jpg?fit=248%2C350&ssl=1&resize=350%2C200","width":350,"height":200},"classes":[]},{"id":98,"url":"https:\/\/ksiegarnia.republikaostrowska.pl\/index.php\/produkt\/hymn-zachwytu-antologia-pokonkursowa-2019\/","url_meta":{"origin":85,"position":2},"title":"Hymn zachwytu. Antologia pokonkursowa 2019","author":"Tomasz Mieloch","date":"30 czerwca 2021","format":false,"excerpt":"Tradycj\u0105 Mi\u0119dzynarodowego Festiwalu \u201eChopin w barwach jesieni\u201d w Antoninie jest poszukiwanie kontrapunkt\u00f3w dla tw\u00f3rczo\u015bci Fryderyka Chopina. R\u00f3\u017cne s\u0105 p\u0142aszczyzny tych eksploracji: uczestnicy koncert\u00f3w przemieszczaj\u0105 si\u0119 w czasie (szukaj\u0105c muzycznych \u017ar\u00f3de\u0142 w przesz\u0142o\u015bci, ale tak\u017ce pok\u0142osia licznych kontynuator\u00f3w Chopina), przestrzeni (pod\u0105\u017caj\u0105 za interpretacjami utwor\u00f3w Chopina zaprezentowanymi przez przedstawicieli r\u00f3\u017cnych narod\u00f3w), prze\u0142\u0105czaj\u0105\u2026","rel":"","context":"Podobny wpis","block_context":{"text":"Podobny wpis","link":""},"img":{"alt_text":"","src":"https:\/\/i0.wp.com\/ksiegarnia.republikaostrowska.pl\/wp-content\/uploads\/2021\/06\/Hymn-zachwytu-2019.jpg?fit=248%2C350&ssl=1&resize=350%2C200","width":350,"height":200},"classes":[]},{"id":94,"url":"https:\/\/ksiegarnia.republikaostrowska.pl\/index.php\/produkt\/hymn-zachwytu-antologia-pokonkursowa-2017\/","url_meta":{"origin":85,"position":3},"title":"Hymn zachwytu. Antologia pokonkursowa 2017","author":"Tomasz Mieloch","date":"30 czerwca 2021","format":false,"excerpt":"Nie mo\u017cna lepiej wyrazi\u0107 idei artystycznej konkursu \u201eHymn zachwytu\u201d: muzyka Fryderyka Chopina ma sta\u0107 si\u0119 wieloznacz\u0105cym symbolem dla tych, kt\u00f3rzy w niestrudzonej pracy podejm\u0105 wyzwanie poszukiwania nowego wyrazu. Zamieszczone w antologii 43 prace poetyckie s\u0105 \u015bwiadectwem podj\u0119cia tego wysi\u0142ku. A poniewa\u017c punkt wyj\u015bcia z za\u0142o\u017cenia jest wieloznaczny, jako czytelnicy mo\u017cemy\u2026","rel":"","context":"Podobny wpis","block_context":{"text":"Podobny wpis","link":""},"img":{"alt_text":"","src":"https:\/\/i0.wp.com\/ksiegarnia.republikaostrowska.pl\/wp-content\/uploads\/2021\/06\/Hymn-zachwytu-2017.jpg?fit=247%2C350&ssl=1&resize=350%2C200","width":350,"height":200},"classes":[]},{"id":198,"url":"https:\/\/ksiegarnia.republikaostrowska.pl\/index.php\/produkt\/ebook-aneta-franc-wojna-nie-byla-kobieta-powiesc-o-powstaniu-wielkopolskim\/","url_meta":{"origin":85,"position":4},"title":"EBOOK Aneta Franc, Wojna nie by\u0142a kobiet\u0105. Powie\u015b\u0107 o Powstaniu Wielkopolskim","author":"Tomasz Mieloch","date":"7 lutego 2022","format":false,"excerpt":"Ksi\u0105\u017cka w formacie elektronicznym ePub i mobi. Pobierz fragment","rel":"","context":"Podobny wpis","block_context":{"text":"Podobny wpis","link":""},"img":{"alt_text":"Ok\u0142adka ebooka \u201eWojna nie by\u0142a kobiet\u0105\u201d","src":"https:\/\/i0.wp.com\/ksiegarnia.republikaostrowska.pl\/wp-content\/uploads\/2022\/02\/Wojna-cover-EBOOK.jpg?fit=750%2C1200&ssl=1&resize=350%2C200","width":350,"height":200,"srcset":"https:\/\/i0.wp.com\/ksiegarnia.republikaostrowska.pl\/wp-content\/uploads\/2022\/02\/Wojna-cover-EBOOK.jpg?fit=750%2C1200&ssl=1&resize=350%2C200 1x, https:\/\/i0.wp.com\/ksiegarnia.republikaostrowska.pl\/wp-content\/uploads\/2022\/02\/Wojna-cover-EBOOK.jpg?fit=750%2C1200&ssl=1&resize=525%2C300 1.5x, https:\/\/i0.wp.com\/ksiegarnia.republikaostrowska.pl\/wp-content\/uploads\/2022\/02\/Wojna-cover-EBOOK.jpg?fit=750%2C1200&ssl=1&resize=700%2C400 2x"},"classes":[]},{"id":102,"url":"https:\/\/ksiegarnia.republikaostrowska.pl\/index.php\/produkt\/szymon-babuchowski-zanim-przyjdziesz-wiersze-metafizyczne-i-religijne\/","url_meta":{"origin":85,"position":5},"title":"Szymon Babuchowski, Zanim przyjdziesz. Wiersze metafizyczne i religijne","author":"Tomasz Mieloch","date":"30 czerwca 2021","format":false,"excerpt":"\u201eZanim przyjdziesz\u201d Szymona Babuchowskiego to drugi tom serii wydawniczej \u201eBiblioteka \u015bwi\u0119tego Grzegorza z Nazjanzu. Polska wsp\u00f3\u0142czesna poezja religijna\u201d. \u201eDruga Rzeczpospolita mia\u0142a Jerzego Lieberta. W naszej kulturze podobn\u0105 rol\u0119 pe\u0142ni Szymon Babuchowski. Gdybym mia\u0142 poda\u0107 jedno s\u0142owo, kt\u00f3re mi si\u0119 z nim kojarzy, brzmia\u0142oby ono: wierno\u015b\u0107. U\u015bwi\u0119caj\u0105c czas marny, w kt\u00f3rym\u2026","rel":"","context":"Podobny wpis","block_context":{"text":"Podobny wpis","link":""},"img":{"alt_text":"","src":"https:\/\/i0.wp.com\/ksiegarnia.republikaostrowska.pl\/wp-content\/uploads\/2021\/06\/Zanim-przyjdziesz.jpg?fit=247%2C350&ssl=1&resize=350%2C200","width":350,"height":200},"classes":[]}],"jetpack_sharing_enabled":true,"_links":{"self":[{"href":"https:\/\/ksiegarnia.republikaostrowska.pl\/index.php\/wp-json\/wp\/v2\/product\/85","targetHints":{"allow":["GET"]}}],"collection":[{"href":"https:\/\/ksiegarnia.republikaostrowska.pl\/index.php\/wp-json\/wp\/v2\/product"}],"about":[{"href":"https:\/\/ksiegarnia.republikaostrowska.pl\/index.php\/wp-json\/wp\/v2\/types\/product"}],"replies":[{"embeddable":true,"href":"https:\/\/ksiegarnia.republikaostrowska.pl\/index.php\/wp-json\/wp\/v2\/comments?post=85"}],"wp:featuredmedia":[{"embeddable":true,"href":"https:\/\/ksiegarnia.republikaostrowska.pl\/index.php\/wp-json\/wp\/v2\/media\/86"}],"wp:attachment":[{"href":"https:\/\/ksiegarnia.republikaostrowska.pl\/index.php\/wp-json\/wp\/v2\/media?parent=85"}],"wp:term":[{"taxonomy":"product_brand","embeddable":true,"href":"https:\/\/ksiegarnia.republikaostrowska.pl\/index.php\/wp-json\/wp\/v2\/product_brand?post=85"},{"taxonomy":"product_cat","embeddable":true,"href":"https:\/\/ksiegarnia.republikaostrowska.pl\/index.php\/wp-json\/wp\/v2\/product_cat?post=85"},{"taxonomy":"product_tag","embeddable":true,"href":"https:\/\/ksiegarnia.republikaostrowska.pl\/index.php\/wp-json\/wp\/v2\/product_tag?post=85"}],"curies":[{"name":"wp","href":"https:\/\/api.w.org\/{rel}","templated":true}]}}