{"id":83,"date":"2021-06-22T17:02:42","date_gmt":"2021-06-22T15:02:42","guid":{"rendered":"https:\/\/ksiegarnia.republikaostrowska.pl\/?post_type=product&#038;p=83"},"modified":"2021-06-30T22:19:08","modified_gmt":"2021-06-30T20:19:08","slug":"tomasz-niewodniczanski-marna-glowa-jednozakresowa","status":"publish","type":"product","link":"https:\/\/ksiegarnia.republikaostrowska.pl\/index.php\/produkt\/tomasz-niewodniczanski-marna-glowa-jednozakresowa\/","title":{"rendered":"Tomasz Niewodnicza\u0144ski, Marna g\u0142owa jednozakresowa"},"content":{"rendered":"<p>Tomasz Niewodnicza\u0144ski w barwny spos\u00f3b opowiada o swojej \u017cyciowej pasji \u2013 kr\u00f3tkofalarstwie. Z pe\u0142nej anegdot opowie\u015bci, kt\u00f3rej porz\u0105dku pilnuje prowadz\u0105ca rozmow\u0119 Ma\u0142gorzata Juda-Mieloch, mo\u017cna odtworzy\u0107 zar\u00f3wno niebanalny portret kr\u00f3tkofalarskiego mistrza, jak i histori\u0119 polskiego kr\u00f3tkofalarstwa. Czytelnik dowie si\u0119 r\u00f3wnie\u017c, jaki sprz\u0119t potrzebny jest, by zosta\u0107 kr\u00f3tkofalowcem, oraz jakie s\u0105 dziedziny kr\u00f3tkofalarskiej aktywno\u015bci. Najwa\u017cniejszym przes\u0142aniem ksi\u0105\u017cki jest jednak wyra\u017cone w jej tytule prze\u015bwiadczenie, \u017ce kr\u00f3tkofalarstwo to pasja niezwykle rozwijaj\u0105ca: od geografii, elektroniki, konstruowania, j\u0119zyk\u00f3w obcych, poprzez planowanie dzia\u0142ania, sztuk\u0119 cierpliwo\u015bci, a\u017c po podr\u00f3\u017ce i niezwyk\u0142e kontakty z ciekawymi lud\u017ami. \u201eMarna g\u0142owa jednozakresowa\u201d to tak\u017ce sentymentalne spotkanie po dwudziestu pi\u0119ciu latach: rozmow\u0119 prowadzi ze swoim nauczycielem fizyki jego dawna uczennica.<\/p>\n","protected":false},"excerpt":{"rendered":"<p>Tomasz Niewodnicza\u0144ski w barwny spos\u00f3b opowiada o swojej \u017cyciowej pasji \u2013 kr\u00f3tkofalarstwie. Z pe\u0142nej anegdot opowie\u015bci, kt\u00f3rej porz\u0105dku pilnuje prowadz\u0105ca rozmow\u0119 Ma\u0142gorzata Juda-Mieloch, mo\u017cna odtworzy\u0107 zar\u00f3wno niebanalny portret kr\u00f3tkofalarskiego mistrza, jak i histori\u0119 polskiego kr\u00f3tkofalarstwa. Czytelnik dowie si\u0119 r\u00f3wnie\u017c, jaki sprz\u0119t potrzebny jest, by zosta\u0107 kr\u00f3tkofalowcem, oraz jakie s\u0105 dziedziny kr\u00f3tkofalarskiej aktywno\u015bci. Najwa\u017cniejszym przes\u0142aniem ksi\u0105\u017cki [&hellip;]<\/p>\n","protected":false},"featured_media":84,"comment_status":"open","ping_status":"closed","template":"","meta":[],"product_brand":[],"product_cat":[43],"product_tag":[],"class_list":{"0":"post-83","1":"product","2":"type-product","3":"status-publish","4":"has-post-thumbnail","6":"product_cat-hobby","8":"first","9":"instock","10":"taxable","11":"shipping-taxable","12":"purchasable","13":"product-type-simple"},"yoast_head":"<!-- This site is optimized with the Yoast SEO plugin v26.9 - https:\/\/yoast.com\/product\/yoast-seo-wordpress\/ -->\n<title>Ksi\u0119garnia Wydawnictwa Republika Ostrowska<\/title>\n<meta name=\"robots\" content=\"index, follow, max-snippet:-1, max-image-preview:large, max-video-preview:-1\" \/>\n<link rel=\"canonical\" href=\"https:\/\/ksiegarnia.republikaostrowska.pl\/index.php\/produkt\/tomasz-niewodniczanski-marna-glowa-jednozakresowa\/\" \/>\n<meta property=\"og:locale\" content=\"pl_PL\" \/>\n<meta property=\"og:type\" content=\"article\" \/>\n<meta property=\"og:title\" content=\"Ksi\u0119garnia Wydawnictwa Republika Ostrowska\" \/>\n<meta property=\"og:description\" content=\"Tomasz Niewodnicza\u0144ski w barwny spos\u00f3b opowiada o swojej \u017cyciowej pasji \u2013 kr\u00f3tkofalarstwie. Z pe\u0142nej anegdot opowie\u015bci, kt\u00f3rej porz\u0105dku pilnuje prowadz\u0105ca rozmow\u0119 Ma\u0142gorzata Juda-Mieloch, mo\u017cna odtworzy\u0107 zar\u00f3wno niebanalny portret kr\u00f3tkofalarskiego mistrza, jak i histori\u0119 polskiego kr\u00f3tkofalarstwa. Czytelnik dowie si\u0119 r\u00f3wnie\u017c, jaki sprz\u0119t potrzebny jest, by zosta\u0107 kr\u00f3tkofalowcem, oraz jakie s\u0105 dziedziny kr\u00f3tkofalarskiej aktywno\u015bci. Najwa\u017cniejszym przes\u0142aniem ksi\u0105\u017cki [&hellip;]\" \/>\n<meta property=\"og:url\" content=\"https:\/\/ksiegarnia.republikaostrowska.pl\/index.php\/produkt\/tomasz-niewodniczanski-marna-glowa-jednozakresowa\/\" \/>\n<meta property=\"og:site_name\" content=\"Ksi\u0119garnia Wydawnictwa Republika Ostrowska\" \/>\n<meta property=\"article:modified_time\" content=\"2021-06-30T20:19:08+00:00\" \/>\n<meta property=\"og:image\" content=\"https:\/\/i0.wp.com\/ksiegarnia.republikaostrowska.pl\/wp-content\/uploads\/2021\/06\/Marna-glowa-jednozakresowa.jpg?fit=226%2C350&ssl=1\" \/>\n\t<meta property=\"og:image:width\" content=\"226\" \/>\n\t<meta property=\"og:image:height\" content=\"350\" \/>\n\t<meta property=\"og:image:type\" content=\"image\/jpeg\" \/>\n<meta name=\"twitter:card\" content=\"summary_large_image\" \/>\n<meta name=\"twitter:label1\" content=\"Szacowany czas czytania\" \/>\n\t<meta name=\"twitter:data1\" content=\"1 minuta\" \/>\n<script type=\"application\/ld+json\" class=\"yoast-schema-graph\">{\"@context\":\"https:\/\/schema.org\",\"@graph\":[{\"@type\":\"WebPage\",\"@id\":\"https:\/\/ksiegarnia.republikaostrowska.pl\/index.php\/produkt\/tomasz-niewodniczanski-marna-glowa-jednozakresowa\/\",\"url\":\"https:\/\/ksiegarnia.republikaostrowska.pl\/index.php\/produkt\/tomasz-niewodniczanski-marna-glowa-jednozakresowa\/\",\"name\":\"Ksi\u0119garnia Wydawnictwa Republika Ostrowska\",\"isPartOf\":{\"@id\":\"https:\/\/ksiegarnia.republikaostrowska.pl\/#website\"},\"primaryImageOfPage\":{\"@id\":\"https:\/\/ksiegarnia.republikaostrowska.pl\/index.php\/produkt\/tomasz-niewodniczanski-marna-glowa-jednozakresowa\/#primaryimage\"},\"image\":{\"@id\":\"https:\/\/ksiegarnia.republikaostrowska.pl\/index.php\/produkt\/tomasz-niewodniczanski-marna-glowa-jednozakresowa\/#primaryimage\"},\"thumbnailUrl\":\"https:\/\/i0.wp.com\/ksiegarnia.republikaostrowska.pl\/wp-content\/uploads\/2021\/06\/Marna-glowa-jednozakresowa.jpg?fit=226%2C350&ssl=1\",\"datePublished\":\"2021-06-22T15:02:42+00:00\",\"dateModified\":\"2021-06-30T20:19:08+00:00\",\"breadcrumb\":{\"@id\":\"https:\/\/ksiegarnia.republikaostrowska.pl\/index.php\/produkt\/tomasz-niewodniczanski-marna-glowa-jednozakresowa\/#breadcrumb\"},\"inLanguage\":\"pl-PL\",\"potentialAction\":[{\"@type\":\"ReadAction\",\"target\":[\"https:\/\/ksiegarnia.republikaostrowska.pl\/index.php\/produkt\/tomasz-niewodniczanski-marna-glowa-jednozakresowa\/\"]}]},{\"@type\":\"ImageObject\",\"inLanguage\":\"pl-PL\",\"@id\":\"https:\/\/ksiegarnia.republikaostrowska.pl\/index.php\/produkt\/tomasz-niewodniczanski-marna-glowa-jednozakresowa\/#primaryimage\",\"url\":\"https:\/\/i0.wp.com\/ksiegarnia.republikaostrowska.pl\/wp-content\/uploads\/2021\/06\/Marna-glowa-jednozakresowa.jpg?fit=226%2C350&ssl=1\",\"contentUrl\":\"https:\/\/i0.wp.com\/ksiegarnia.republikaostrowska.pl\/wp-content\/uploads\/2021\/06\/Marna-glowa-jednozakresowa.jpg?fit=226%2C350&ssl=1\",\"width\":226,\"height\":350},{\"@type\":\"BreadcrumbList\",\"@id\":\"https:\/\/ksiegarnia.republikaostrowska.pl\/index.php\/produkt\/tomasz-niewodniczanski-marna-glowa-jednozakresowa\/#breadcrumb\",\"itemListElement\":[{\"@type\":\"ListItem\",\"position\":1,\"name\":\"Strona g\u0142\u00f3wna\",\"item\":\"https:\/\/ksiegarnia.republikaostrowska.pl\/\"},{\"@type\":\"ListItem\",\"position\":2,\"name\":\"Sklep\",\"item\":\"https:\/\/ksiegarnia.republikaostrowska.pl\/\"},{\"@type\":\"ListItem\",\"position\":3,\"name\":\"Tomasz Niewodnicza\u0144ski, Marna g\u0142owa jednozakresowa\"}]},{\"@type\":\"WebSite\",\"@id\":\"https:\/\/ksiegarnia.republikaostrowska.pl\/#website\",\"url\":\"https:\/\/ksiegarnia.republikaostrowska.pl\/\",\"name\":\"Ksi\u0119garnia Wydawnictwa Republika Ostrowska\",\"description\":\"Sprzeda\u017c ksi\u0105\u017cek Wydawnictwa Republika Ostrowska\",\"publisher\":{\"@id\":\"https:\/\/ksiegarnia.republikaostrowska.pl\/#organization\"},\"potentialAction\":[{\"@type\":\"SearchAction\",\"target\":{\"@type\":\"EntryPoint\",\"urlTemplate\":\"https:\/\/ksiegarnia.republikaostrowska.pl\/?s={search_term_string}\"},\"query-input\":{\"@type\":\"PropertyValueSpecification\",\"valueRequired\":true,\"valueName\":\"search_term_string\"}}],\"inLanguage\":\"pl-PL\"},{\"@type\":\"Organization\",\"@id\":\"https:\/\/ksiegarnia.republikaostrowska.pl\/#organization\",\"name\":\"Wydawnictwo Republika Ostrowska\",\"url\":\"https:\/\/ksiegarnia.republikaostrowska.pl\/\",\"logo\":{\"@type\":\"ImageObject\",\"inLanguage\":\"pl-PL\",\"@id\":\"https:\/\/ksiegarnia.republikaostrowska.pl\/#\/schema\/logo\/image\/\",\"url\":\"https:\/\/i0.wp.com\/ksiegarnia.republikaostrowska.pl\/wp-content\/uploads\/2021\/07\/Wydawnictwo-Republika-Ostrowska-LOGO.png?fit=512%2C512&ssl=1\",\"contentUrl\":\"https:\/\/i0.wp.com\/ksiegarnia.republikaostrowska.pl\/wp-content\/uploads\/2021\/07\/Wydawnictwo-Republika-Ostrowska-LOGO.png?fit=512%2C512&ssl=1\",\"width\":512,\"height\":512,\"caption\":\"Wydawnictwo Republika Ostrowska\"},\"image\":{\"@id\":\"https:\/\/ksiegarnia.republikaostrowska.pl\/#\/schema\/logo\/image\/\"}}]}<\/script>\n<!-- \/ Yoast SEO plugin. -->","yoast_head_json":{"title":"Ksi\u0119garnia Wydawnictwa Republika Ostrowska","robots":{"index":"index","follow":"follow","max-snippet":"max-snippet:-1","max-image-preview":"max-image-preview:large","max-video-preview":"max-video-preview:-1"},"canonical":"https:\/\/ksiegarnia.republikaostrowska.pl\/index.php\/produkt\/tomasz-niewodniczanski-marna-glowa-jednozakresowa\/","og_locale":"pl_PL","og_type":"article","og_title":"Ksi\u0119garnia Wydawnictwa Republika Ostrowska","og_description":"Tomasz Niewodnicza\u0144ski w barwny spos\u00f3b opowiada o swojej \u017cyciowej pasji \u2013 kr\u00f3tkofalarstwie. Z pe\u0142nej anegdot opowie\u015bci, kt\u00f3rej porz\u0105dku pilnuje prowadz\u0105ca rozmow\u0119 Ma\u0142gorzata Juda-Mieloch, mo\u017cna odtworzy\u0107 zar\u00f3wno niebanalny portret kr\u00f3tkofalarskiego mistrza, jak i histori\u0119 polskiego kr\u00f3tkofalarstwa. Czytelnik dowie si\u0119 r\u00f3wnie\u017c, jaki sprz\u0119t potrzebny jest, by zosta\u0107 kr\u00f3tkofalowcem, oraz jakie s\u0105 dziedziny kr\u00f3tkofalarskiej aktywno\u015bci. Najwa\u017cniejszym przes\u0142aniem ksi\u0105\u017cki [&hellip;]","og_url":"https:\/\/ksiegarnia.republikaostrowska.pl\/index.php\/produkt\/tomasz-niewodniczanski-marna-glowa-jednozakresowa\/","og_site_name":"Ksi\u0119garnia Wydawnictwa Republika Ostrowska","article_modified_time":"2021-06-30T20:19:08+00:00","og_image":[{"width":226,"height":350,"url":"https:\/\/i0.wp.com\/ksiegarnia.republikaostrowska.pl\/wp-content\/uploads\/2021\/06\/Marna-glowa-jednozakresowa.jpg?fit=226%2C350&ssl=1","type":"image\/jpeg"}],"twitter_card":"summary_large_image","twitter_misc":{"Szacowany czas czytania":"1 minuta"},"schema":{"@context":"https:\/\/schema.org","@graph":[{"@type":"WebPage","@id":"https:\/\/ksiegarnia.republikaostrowska.pl\/index.php\/produkt\/tomasz-niewodniczanski-marna-glowa-jednozakresowa\/","url":"https:\/\/ksiegarnia.republikaostrowska.pl\/index.php\/produkt\/tomasz-niewodniczanski-marna-glowa-jednozakresowa\/","name":"Ksi\u0119garnia Wydawnictwa Republika Ostrowska","isPartOf":{"@id":"https:\/\/ksiegarnia.republikaostrowska.pl\/#website"},"primaryImageOfPage":{"@id":"https:\/\/ksiegarnia.republikaostrowska.pl\/index.php\/produkt\/tomasz-niewodniczanski-marna-glowa-jednozakresowa\/#primaryimage"},"image":{"@id":"https:\/\/ksiegarnia.republikaostrowska.pl\/index.php\/produkt\/tomasz-niewodniczanski-marna-glowa-jednozakresowa\/#primaryimage"},"thumbnailUrl":"https:\/\/i0.wp.com\/ksiegarnia.republikaostrowska.pl\/wp-content\/uploads\/2021\/06\/Marna-glowa-jednozakresowa.jpg?fit=226%2C350&ssl=1","datePublished":"2021-06-22T15:02:42+00:00","dateModified":"2021-06-30T20:19:08+00:00","breadcrumb":{"@id":"https:\/\/ksiegarnia.republikaostrowska.pl\/index.php\/produkt\/tomasz-niewodniczanski-marna-glowa-jednozakresowa\/#breadcrumb"},"inLanguage":"pl-PL","potentialAction":[{"@type":"ReadAction","target":["https:\/\/ksiegarnia.republikaostrowska.pl\/index.php\/produkt\/tomasz-niewodniczanski-marna-glowa-jednozakresowa\/"]}]},{"@type":"ImageObject","inLanguage":"pl-PL","@id":"https:\/\/ksiegarnia.republikaostrowska.pl\/index.php\/produkt\/tomasz-niewodniczanski-marna-glowa-jednozakresowa\/#primaryimage","url":"https:\/\/i0.wp.com\/ksiegarnia.republikaostrowska.pl\/wp-content\/uploads\/2021\/06\/Marna-glowa-jednozakresowa.jpg?fit=226%2C350&ssl=1","contentUrl":"https:\/\/i0.wp.com\/ksiegarnia.republikaostrowska.pl\/wp-content\/uploads\/2021\/06\/Marna-glowa-jednozakresowa.jpg?fit=226%2C350&ssl=1","width":226,"height":350},{"@type":"BreadcrumbList","@id":"https:\/\/ksiegarnia.republikaostrowska.pl\/index.php\/produkt\/tomasz-niewodniczanski-marna-glowa-jednozakresowa\/#breadcrumb","itemListElement":[{"@type":"ListItem","position":1,"name":"Strona g\u0142\u00f3wna","item":"https:\/\/ksiegarnia.republikaostrowska.pl\/"},{"@type":"ListItem","position":2,"name":"Sklep","item":"https:\/\/ksiegarnia.republikaostrowska.pl\/"},{"@type":"ListItem","position":3,"name":"Tomasz Niewodnicza\u0144ski, Marna g\u0142owa jednozakresowa"}]},{"@type":"WebSite","@id":"https:\/\/ksiegarnia.republikaostrowska.pl\/#website","url":"https:\/\/ksiegarnia.republikaostrowska.pl\/","name":"Ksi\u0119garnia Wydawnictwa Republika Ostrowska","description":"Sprzeda\u017c ksi\u0105\u017cek Wydawnictwa Republika Ostrowska","publisher":{"@id":"https:\/\/ksiegarnia.republikaostrowska.pl\/#organization"},"potentialAction":[{"@type":"SearchAction","target":{"@type":"EntryPoint","urlTemplate":"https:\/\/ksiegarnia.republikaostrowska.pl\/?s={search_term_string}"},"query-input":{"@type":"PropertyValueSpecification","valueRequired":true,"valueName":"search_term_string"}}],"inLanguage":"pl-PL"},{"@type":"Organization","@id":"https:\/\/ksiegarnia.republikaostrowska.pl\/#organization","name":"Wydawnictwo Republika Ostrowska","url":"https:\/\/ksiegarnia.republikaostrowska.pl\/","logo":{"@type":"ImageObject","inLanguage":"pl-PL","@id":"https:\/\/ksiegarnia.republikaostrowska.pl\/#\/schema\/logo\/image\/","url":"https:\/\/i0.wp.com\/ksiegarnia.republikaostrowska.pl\/wp-content\/uploads\/2021\/07\/Wydawnictwo-Republika-Ostrowska-LOGO.png?fit=512%2C512&ssl=1","contentUrl":"https:\/\/i0.wp.com\/ksiegarnia.republikaostrowska.pl\/wp-content\/uploads\/2021\/07\/Wydawnictwo-Republika-Ostrowska-LOGO.png?fit=512%2C512&ssl=1","width":512,"height":512,"caption":"Wydawnictwo Republika Ostrowska"},"image":{"@id":"https:\/\/ksiegarnia.republikaostrowska.pl\/#\/schema\/logo\/image\/"}}]}},"jetpack-related-posts":[{"id":106,"url":"https:\/\/ksiegarnia.republikaostrowska.pl\/index.php\/produkt\/krzysztof-kuczkowski-kladka-wiersze-duchowe\/","url_meta":{"origin":83,"position":0},"title":"Krzysztof Kuczkowski, K\u0142adka. Wiersze duchowe","author":"Tomasz Mieloch","date":"30 czerwca 2021","format":false,"excerpt":"Wiersze pisze si\u0119 po to \u2013 twierdzi Krzysztof Kuczkowski \u2013 \u017ceby wej\u015b\u0107 w komuni\u0119, nawi\u0105za\u0107 kontakt, rozmow\u0119, zainicjowa\u0107 wymian\u0119 my\u015bli i idei, a nie po to \u017ceby rzuci\u0107 na kolana, by\u0107 podziwianym, zyska\u0107 presti\u017c i zdoby\u0107 znaczenie. To chyba dlatego prawdziwemu poecie tak trudno uwierzy\u0107, \u017ce naprawd\u0119 jest poet\u0105. Sam\u2026","rel":"","context":"Podobny wpis","block_context":{"text":"Podobny wpis","link":""},"img":{"alt_text":"","src":"https:\/\/i0.wp.com\/ksiegarnia.republikaostrowska.pl\/wp-content\/uploads\/2021\/06\/Kladka.jpg?fit=247%2C350&ssl=1&resize=350%2C200","width":350,"height":200},"classes":[]},{"id":76,"url":"https:\/\/ksiegarnia.republikaostrowska.pl\/index.php\/produkt\/wspomnienia-z-kulturkampfu-1875-1878\/","url_meta":{"origin":83,"position":1},"title":"Wspomnienia z kulturkampfu 1875-1878","author":"Tomasz Mieloch","date":"22 czerwca 2021","format":false,"excerpt":"Autentyczna i przejmuj\u0105ca, napisana z\u00a0humorem, niezwykle barwna opowie\u015b\u0107 o\u00a0heroicznym sprzeciwie Polak\u00f3w\u00a0\u2013 \u015bwieckich oraz duchownych\u00a0\u2013 wobec germanizacyjnej i\u00a0antyko\u015bcielnej polityki kanclerza Ottona von Bismarcka. Ksi\u0105dz Walenty \u015amigielski (1849\u00a0\u2013 1906), mianowany przez kardyna\u0142a Mieczys\u0142awa Halk\u0119-Led\u00f3chowskiego tajnym misjonarzem w\u00a0parafii kot\u0142owskiej, przedstawia swoje perypetie, prowadz\u0105c czytelnika od obrazu nielegalnej pracy duszpasterskiej poprzez salon ksi\u0105\u017c\u0105t Radziwi\u0142\u0142\u00f3w\u2026","rel":"","context":"Podobny wpis","block_context":{"text":"Podobny wpis","link":""},"img":{"alt_text":"","src":"https:\/\/i0.wp.com\/ksiegarnia.republikaostrowska.pl\/wp-content\/uploads\/2021\/06\/Wspomnienia-z-kulturkampfu.png?fit=775%2C1200&ssl=1&resize=350%2C200","width":350,"height":200,"srcset":"https:\/\/i0.wp.com\/ksiegarnia.republikaostrowska.pl\/wp-content\/uploads\/2021\/06\/Wspomnienia-z-kulturkampfu.png?fit=775%2C1200&ssl=1&resize=350%2C200 1x, https:\/\/i0.wp.com\/ksiegarnia.republikaostrowska.pl\/wp-content\/uploads\/2021\/06\/Wspomnienia-z-kulturkampfu.png?fit=775%2C1200&ssl=1&resize=525%2C300 1.5x, https:\/\/i0.wp.com\/ksiegarnia.republikaostrowska.pl\/wp-content\/uploads\/2021\/06\/Wspomnienia-z-kulturkampfu.png?fit=775%2C1200&ssl=1&resize=700%2C400 2x"},"classes":[]},{"id":142,"url":"https:\/\/ksiegarnia.republikaostrowska.pl\/index.php\/produkt\/ostrowskie-misteria-meki-panskiej-2014-2020\/","url_meta":{"origin":83,"position":2},"title":"Ostrowskie Misteria M\u0119ki Pa\u0144skiej 2014-2020","author":"Tomasz Mieloch","date":"1 lipca 2021","format":false,"excerpt":"Misterium M\u0119ki Pa\u0144skiej wystawiane cyklicznie od 2014 roku w\u00a0Ostrowie Wielkopolskim uderza rozmachem i\u00a0dba\u0142o\u015bci\u0105 o\u00a0szczeg\u00f3\u0142. Prace nad spektaklem rozpoczynaj\u0105 si\u0119 tu\u017c po \u015awi\u0119tach Bo\u017cego Narodzenia. Zar\u00f3wno aktorzy, obs\u0142uga techniczna, jak i\u00a0widzowie podkre\u015blaj\u0105, \u017ce udzia\u0142 w\u00a0wydarzeniu stanowi rodzaj rekolekcji przed \u015awi\u0119tami Wielkiej Nocy. Przez siedem lat misterium zgromadzi\u0142o setki zaanga\u017cowanych os\u00f3b, kt\u00f3re\u2026","rel":"","context":"Podobny wpis","block_context":{"text":"Podobny wpis","link":""},"img":{"alt_text":"","src":"https:\/\/i0.wp.com\/ksiegarnia.republikaostrowska.pl\/wp-content\/uploads\/2021\/07\/Ostrowskie-Misteria.jpg?fit=858%2C1200&ssl=1&resize=350%2C200","width":350,"height":200,"srcset":"https:\/\/i0.wp.com\/ksiegarnia.republikaostrowska.pl\/wp-content\/uploads\/2021\/07\/Ostrowskie-Misteria.jpg?fit=858%2C1200&ssl=1&resize=350%2C200 1x, https:\/\/i0.wp.com\/ksiegarnia.republikaostrowska.pl\/wp-content\/uploads\/2021\/07\/Ostrowskie-Misteria.jpg?fit=858%2C1200&ssl=1&resize=525%2C300 1.5x, https:\/\/i0.wp.com\/ksiegarnia.republikaostrowska.pl\/wp-content\/uploads\/2021\/07\/Ostrowskie-Misteria.jpg?fit=858%2C1200&ssl=1&resize=700%2C400 2x"},"classes":[]},{"id":98,"url":"https:\/\/ksiegarnia.republikaostrowska.pl\/index.php\/produkt\/hymn-zachwytu-antologia-pokonkursowa-2019\/","url_meta":{"origin":83,"position":3},"title":"Hymn zachwytu. Antologia pokonkursowa 2019","author":"Tomasz Mieloch","date":"30 czerwca 2021","format":false,"excerpt":"Tradycj\u0105 Mi\u0119dzynarodowego Festiwalu \u201eChopin w barwach jesieni\u201d w Antoninie jest poszukiwanie kontrapunkt\u00f3w dla tw\u00f3rczo\u015bci Fryderyka Chopina. R\u00f3\u017cne s\u0105 p\u0142aszczyzny tych eksploracji: uczestnicy koncert\u00f3w przemieszczaj\u0105 si\u0119 w czasie (szukaj\u0105c muzycznych \u017ar\u00f3de\u0142 w przesz\u0142o\u015bci, ale tak\u017ce pok\u0142osia licznych kontynuator\u00f3w Chopina), przestrzeni (pod\u0105\u017caj\u0105 za interpretacjami utwor\u00f3w Chopina zaprezentowanymi przez przedstawicieli r\u00f3\u017cnych narod\u00f3w), prze\u0142\u0105czaj\u0105\u2026","rel":"","context":"Podobny wpis","block_context":{"text":"Podobny wpis","link":""},"img":{"alt_text":"","src":"https:\/\/i0.wp.com\/ksiegarnia.republikaostrowska.pl\/wp-content\/uploads\/2021\/06\/Hymn-zachwytu-2019.jpg?fit=248%2C350&ssl=1&resize=350%2C200","width":350,"height":200},"classes":[]},{"id":146,"url":"https:\/\/ksiegarnia.republikaostrowska.pl\/index.php\/produkt\/noc-chopina-jubileuszowa-antologia-pokonkursowa-v-ogolnopolskiego-poetyckiego-konkursu-chopinowskiego-hymn-zachwytu-2020\/","url_meta":{"origin":83,"position":4},"title":"Noc Chopina. Jubileuszowa antologia pokonkursowa V Og\u00f3lnopolskiego Poetyckiego Konkursu Chopinowskiego ,\u201eHymn zachwytu\u201d 2020","author":"Tomasz Mieloch","date":"1 lipca 2021","format":false,"excerpt":"Jubileusze to dobry moment na podsumowania. W\u00a0czasie pi\u0119ciu edycji na konkurs nap\u0142yn\u0119\u0142o \u0142\u0105cznie 916 utwor\u00f3w. Zwa\u017cywszy na jego tematyczne ograniczenie, liczba ta jest imponuj\u0105ca, a\u00a0w\u00a0tym roku zapewne w\u00a0zwi\u0105zku z\u00a0mo\u017cliwo\u015bci\u0105 zg\u0142oszenia przez jednego autora a\u017c trzech wierszy\u00a0\u2013 ogromna: 460 utwor\u00f3w. Konkursowe ograniczenie\u00a0\u2013 jak pisa\u0142am w\u00a0antologii podsumowuj\u0105cej pierwsz\u0105 edycj\u0119\u00a0\u2013 nie jest jedynie\u2026","rel":"","context":"Podobny wpis","block_context":{"text":"Podobny wpis","link":""},"img":{"alt_text":"","src":"https:\/\/i0.wp.com\/ksiegarnia.republikaostrowska.pl\/wp-content\/uploads\/2021\/07\/Noc-Chopina-OKLADKA-store.jpg?fit=846%2C1200&ssl=1&resize=350%2C200","width":350,"height":200,"srcset":"https:\/\/i0.wp.com\/ksiegarnia.republikaostrowska.pl\/wp-content\/uploads\/2021\/07\/Noc-Chopina-OKLADKA-store.jpg?fit=846%2C1200&ssl=1&resize=350%2C200 1x, https:\/\/i0.wp.com\/ksiegarnia.republikaostrowska.pl\/wp-content\/uploads\/2021\/07\/Noc-Chopina-OKLADKA-store.jpg?fit=846%2C1200&ssl=1&resize=525%2C300 1.5x, https:\/\/i0.wp.com\/ksiegarnia.republikaostrowska.pl\/wp-content\/uploads\/2021\/07\/Noc-Chopina-OKLADKA-store.jpg?fit=846%2C1200&ssl=1&resize=700%2C400 2x"},"classes":[]},{"id":104,"url":"https:\/\/ksiegarnia.republikaostrowska.pl\/index.php\/produkt\/wojciech-gawlowski-rozo-szronu-wiersze-metafizyczne-i-religijne\/","url_meta":{"origin":83,"position":5},"title":"Wojciech Gaw\u0142owski, R\u00f3\u017co szronu. Wiersze metafizyczne i religijne","author":"Tomasz Mieloch","date":"30 czerwca 2021","format":false,"excerpt":"\u201eR\u00f3\u017co szronu\u201d Wojciecha Gaw\u0142owskiego to trzeci tom serii wydawniczej \u201eBiblioteka \u015bwi\u0119tego Grzegorza z Nazjanzu. Polska wsp\u00f3\u0142czesna poezja religijna\u201d. \u201eWiersze Wojciecha Gaw\u0142owskiego po mistrzowsku balansuj\u0105 pomi\u0119dzy oczywisto\u015bci\u0105 a tajemnic\u0105. Tylko niewielu poet\u00f3w potrafi tak pisa\u0107, \u017ceby podszewk\u0105 tego, co jawne, by\u0142o to, co zakryte, i na odwr\u00f3t, \u017ceby tajemnica by\u0142a podszyta\u2026","rel":"","context":"Podobny wpis","block_context":{"text":"Podobny wpis","link":""},"img":{"alt_text":"","src":"https:\/\/i0.wp.com\/ksiegarnia.republikaostrowska.pl\/wp-content\/uploads\/2021\/06\/Rozo-szronu.jpg?fit=247%2C350&ssl=1&resize=350%2C200","width":350,"height":200},"classes":[]}],"jetpack_sharing_enabled":true,"_links":{"self":[{"href":"https:\/\/ksiegarnia.republikaostrowska.pl\/index.php\/wp-json\/wp\/v2\/product\/83","targetHints":{"allow":["GET"]}}],"collection":[{"href":"https:\/\/ksiegarnia.republikaostrowska.pl\/index.php\/wp-json\/wp\/v2\/product"}],"about":[{"href":"https:\/\/ksiegarnia.republikaostrowska.pl\/index.php\/wp-json\/wp\/v2\/types\/product"}],"replies":[{"embeddable":true,"href":"https:\/\/ksiegarnia.republikaostrowska.pl\/index.php\/wp-json\/wp\/v2\/comments?post=83"}],"wp:featuredmedia":[{"embeddable":true,"href":"https:\/\/ksiegarnia.republikaostrowska.pl\/index.php\/wp-json\/wp\/v2\/media\/84"}],"wp:attachment":[{"href":"https:\/\/ksiegarnia.republikaostrowska.pl\/index.php\/wp-json\/wp\/v2\/media?parent=83"}],"wp:term":[{"taxonomy":"product_brand","embeddable":true,"href":"https:\/\/ksiegarnia.republikaostrowska.pl\/index.php\/wp-json\/wp\/v2\/product_brand?post=83"},{"taxonomy":"product_cat","embeddable":true,"href":"https:\/\/ksiegarnia.republikaostrowska.pl\/index.php\/wp-json\/wp\/v2\/product_cat?post=83"},{"taxonomy":"product_tag","embeddable":true,"href":"https:\/\/ksiegarnia.republikaostrowska.pl\/index.php\/wp-json\/wp\/v2\/product_tag?post=83"}],"curies":[{"name":"wp","href":"https:\/\/api.w.org\/{rel}","templated":true}]}}