{"id":80,"date":"2021-06-22T16:34:47","date_gmt":"2021-06-22T14:34:47","guid":{"rendered":"https:\/\/ksiegarnia.republikaostrowska.pl\/?post_type=product&#038;p=80"},"modified":"2022-02-05T21:15:47","modified_gmt":"2022-02-05T20:15:47","slug":"apostol-wielkiej-dobroci-sluga-bozy-ksiadz-kazimierz-rolewski","status":"publish","type":"product","link":"https:\/\/ksiegarnia.republikaostrowska.pl\/index.php\/produkt\/apostol-wielkiej-dobroci-sluga-bozy-ksiadz-kazimierz-rolewski\/","title":{"rendered":"Aposto\u0142 wielkiej dobroci. S\u0142uga Bo\u017cy ksi\u0105dz Kazimierz Rolewski"},"content":{"rendered":"<p>Fascynacja osob\u0105 i dzia\u0142alno\u015bci\u0105 ksi\u0119dza Kazimierza Rolewskiego jest w pewniej mierze deklaracj\u0105. W czasach, kiedy \u017cycie rodzinne i spo\u0142eczne reguluje konkubinat, asertywno\u015b\u0107, tutoring i ewaluacja, mo\u017ce warto przypomnie\u0107 \u2013 i dobr\u0105 okazj\u0105 ku temu s\u0105 studia nad \u017cyciem S\u0142ugi Bo\u017cego \u2013 czym jest ma\u0142\u017ce\u0144stwo, po\u015bwi\u0119cenie, autorytet i rachunek sumienia. Pracy nad ksi\u0105\u017ck\u0105 towarzyszy\u0142a wiara, \u017ce nie jest to walka jedynie o s\u0142owa, i przekonanie, \u017ce zapomniane albo u\u017cywane wstydliwie s\u0142owa zmieniaj\u0105 nasz\u0105 rzeczywisto\u015b\u0107 wcale nie na lepsz\u0105.<\/p>\n<p>Podczas uroczystej Mszy \u015awi\u0119tej w intencji beatyfikacji S\u0142ugi Bo\u017cego w 78 rocznic\u0119 \u015bmierci Kazimierza Rolewskiego 13 marca 2014 roku w farze ksi\u0105dz Adam Kraska przybli\u017cy\u0142 duchow\u0105 sylwetk\u0119 by\u0142ego proboszcza ostrowskiej konkatedry. Z tych s\u0142\u00f3w p\u0142yn\u0119\u0142a zach\u0119ta do na\u015bladowania, a jednocze\u015bnie obawa: \u201eCzy wystarczy odwagi?\u201d.<\/p>\n<p>\u201eBoj\u0119 si\u0119 bardzo czy\u015b\u0107ca\u201d \u2013 powiedzia\u0142 na chwil\u0119 przed \u015bmierci\u0105 ksi\u0105dz Kazimierz Rolewski. Skoro ba\u0142 si\u0119 czy\u015b\u0107ca on \u2013 wz\u00f3r chrze\u015bcijanina \u2013 czy my mo\u017cemy liczy\u0107 cho\u0107by na czy\u015bciec? Je\u015bli niniejsza ksi\u0105\u017cka nie b\u0119dzie dla czytelnik\u00f3w pasjonuj\u0105c\u0105 lektur\u0105 historyczn\u0105 czy biograficzn\u0105, mo\u017ce chocia\u017c w drobnej mierze pobudzi refleksj\u0119 nad w\u0142asnym \u017cyciem. Nie b\u0119dzie to w\u00f3wczas lektura ja\u0142owa.<\/p>\n","protected":false},"excerpt":{"rendered":"<p>Fascynacja osob\u0105 i dzia\u0142alno\u015bci\u0105 ksi\u0119dza Kazimierza Rolewskiego jest w pewniej mierze deklaracj\u0105. W czasach, kiedy \u017cycie rodzinne i spo\u0142eczne reguluje konkubinat, asertywno\u015b\u0107, tutoring i ewaluacja, mo\u017ce warto przypomnie\u0107 \u2013 i dobr\u0105 okazj\u0105 ku temu s\u0105 studia nad \u017cyciem S\u0142ugi Bo\u017cego \u2013 czym jest ma\u0142\u017ce\u0144stwo, po\u015bwi\u0119cenie, autorytet i rachunek sumienia. Pracy nad ksi\u0105\u017ck\u0105 towarzyszy\u0142a wiara, \u017ce [&hellip;]<\/p>\n","protected":false},"featured_media":81,"comment_status":"open","ping_status":"closed","template":"","meta":[],"product_brand":[],"product_cat":[37],"product_tag":[],"class_list":{"0":"post-80","1":"product","2":"type-product","3":"status-publish","4":"has-post-thumbnail","6":"product_cat-historia","8":"first","9":"instock","10":"featured","11":"taxable","12":"shipping-taxable","13":"purchasable","14":"product-type-simple"},"yoast_head":"<!-- This site is optimized with the Yoast SEO plugin v26.9 - https:\/\/yoast.com\/product\/yoast-seo-wordpress\/ -->\n<title>Ksi\u0119garnia Wydawnictwa Republika Ostrowska<\/title>\n<meta name=\"robots\" content=\"index, follow, max-snippet:-1, max-image-preview:large, max-video-preview:-1\" \/>\n<link rel=\"canonical\" href=\"https:\/\/ksiegarnia.republikaostrowska.pl\/index.php\/produkt\/apostol-wielkiej-dobroci-sluga-bozy-ksiadz-kazimierz-rolewski\/\" \/>\n<meta property=\"og:locale\" content=\"pl_PL\" \/>\n<meta property=\"og:type\" content=\"article\" \/>\n<meta property=\"og:title\" content=\"Ksi\u0119garnia Wydawnictwa Republika Ostrowska\" \/>\n<meta property=\"og:description\" content=\"Fascynacja osob\u0105 i dzia\u0142alno\u015bci\u0105 ksi\u0119dza Kazimierza Rolewskiego jest w pewniej mierze deklaracj\u0105. W czasach, kiedy \u017cycie rodzinne i spo\u0142eczne reguluje konkubinat, asertywno\u015b\u0107, tutoring i ewaluacja, mo\u017ce warto przypomnie\u0107 \u2013 i dobr\u0105 okazj\u0105 ku temu s\u0105 studia nad \u017cyciem S\u0142ugi Bo\u017cego \u2013 czym jest ma\u0142\u017ce\u0144stwo, po\u015bwi\u0119cenie, autorytet i rachunek sumienia. Pracy nad ksi\u0105\u017ck\u0105 towarzyszy\u0142a wiara, \u017ce [&hellip;]\" \/>\n<meta property=\"og:url\" content=\"https:\/\/ksiegarnia.republikaostrowska.pl\/index.php\/produkt\/apostol-wielkiej-dobroci-sluga-bozy-ksiadz-kazimierz-rolewski\/\" \/>\n<meta property=\"og:site_name\" content=\"Ksi\u0119garnia Wydawnictwa Republika Ostrowska\" \/>\n<meta property=\"article:modified_time\" content=\"2022-02-05T20:15:47+00:00\" \/>\n<meta property=\"og:image\" content=\"https:\/\/i0.wp.com\/ksiegarnia.republikaostrowska.pl\/wp-content\/uploads\/2021\/06\/Apostol-wielkiej-dobroci.jpg?fit=233%2C350&ssl=1\" \/>\n\t<meta property=\"og:image:width\" content=\"233\" \/>\n\t<meta property=\"og:image:height\" content=\"350\" \/>\n\t<meta property=\"og:image:type\" content=\"image\/jpeg\" \/>\n<meta name=\"twitter:card\" content=\"summary_large_image\" \/>\n<meta name=\"twitter:label1\" content=\"Szacowany czas czytania\" \/>\n\t<meta name=\"twitter:data1\" content=\"1 minuta\" \/>\n<script type=\"application\/ld+json\" class=\"yoast-schema-graph\">{\"@context\":\"https:\/\/schema.org\",\"@graph\":[{\"@type\":\"WebPage\",\"@id\":\"https:\/\/ksiegarnia.republikaostrowska.pl\/index.php\/produkt\/apostol-wielkiej-dobroci-sluga-bozy-ksiadz-kazimierz-rolewski\/\",\"url\":\"https:\/\/ksiegarnia.republikaostrowska.pl\/index.php\/produkt\/apostol-wielkiej-dobroci-sluga-bozy-ksiadz-kazimierz-rolewski\/\",\"name\":\"Ksi\u0119garnia Wydawnictwa Republika Ostrowska\",\"isPartOf\":{\"@id\":\"https:\/\/ksiegarnia.republikaostrowska.pl\/#website\"},\"primaryImageOfPage\":{\"@id\":\"https:\/\/ksiegarnia.republikaostrowska.pl\/index.php\/produkt\/apostol-wielkiej-dobroci-sluga-bozy-ksiadz-kazimierz-rolewski\/#primaryimage\"},\"image\":{\"@id\":\"https:\/\/ksiegarnia.republikaostrowska.pl\/index.php\/produkt\/apostol-wielkiej-dobroci-sluga-bozy-ksiadz-kazimierz-rolewski\/#primaryimage\"},\"thumbnailUrl\":\"https:\/\/i0.wp.com\/ksiegarnia.republikaostrowska.pl\/wp-content\/uploads\/2021\/06\/Apostol-wielkiej-dobroci.jpg?fit=233%2C350&ssl=1\",\"datePublished\":\"2021-06-22T14:34:47+00:00\",\"dateModified\":\"2022-02-05T20:15:47+00:00\",\"breadcrumb\":{\"@id\":\"https:\/\/ksiegarnia.republikaostrowska.pl\/index.php\/produkt\/apostol-wielkiej-dobroci-sluga-bozy-ksiadz-kazimierz-rolewski\/#breadcrumb\"},\"inLanguage\":\"pl-PL\",\"potentialAction\":[{\"@type\":\"ReadAction\",\"target\":[\"https:\/\/ksiegarnia.republikaostrowska.pl\/index.php\/produkt\/apostol-wielkiej-dobroci-sluga-bozy-ksiadz-kazimierz-rolewski\/\"]}]},{\"@type\":\"ImageObject\",\"inLanguage\":\"pl-PL\",\"@id\":\"https:\/\/ksiegarnia.republikaostrowska.pl\/index.php\/produkt\/apostol-wielkiej-dobroci-sluga-bozy-ksiadz-kazimierz-rolewski\/#primaryimage\",\"url\":\"https:\/\/i0.wp.com\/ksiegarnia.republikaostrowska.pl\/wp-content\/uploads\/2021\/06\/Apostol-wielkiej-dobroci.jpg?fit=233%2C350&ssl=1\",\"contentUrl\":\"https:\/\/i0.wp.com\/ksiegarnia.republikaostrowska.pl\/wp-content\/uploads\/2021\/06\/Apostol-wielkiej-dobroci.jpg?fit=233%2C350&ssl=1\",\"width\":233,\"height\":350},{\"@type\":\"BreadcrumbList\",\"@id\":\"https:\/\/ksiegarnia.republikaostrowska.pl\/index.php\/produkt\/apostol-wielkiej-dobroci-sluga-bozy-ksiadz-kazimierz-rolewski\/#breadcrumb\",\"itemListElement\":[{\"@type\":\"ListItem\",\"position\":1,\"name\":\"Strona g\u0142\u00f3wna\",\"item\":\"https:\/\/ksiegarnia.republikaostrowska.pl\/\"},{\"@type\":\"ListItem\",\"position\":2,\"name\":\"Sklep\",\"item\":\"https:\/\/ksiegarnia.republikaostrowska.pl\/\"},{\"@type\":\"ListItem\",\"position\":3,\"name\":\"Aposto\u0142 wielkiej dobroci. S\u0142uga Bo\u017cy ksi\u0105dz Kazimierz Rolewski\"}]},{\"@type\":\"WebSite\",\"@id\":\"https:\/\/ksiegarnia.republikaostrowska.pl\/#website\",\"url\":\"https:\/\/ksiegarnia.republikaostrowska.pl\/\",\"name\":\"Ksi\u0119garnia Wydawnictwa Republika Ostrowska\",\"description\":\"Sprzeda\u017c ksi\u0105\u017cek Wydawnictwa Republika Ostrowska\",\"publisher\":{\"@id\":\"https:\/\/ksiegarnia.republikaostrowska.pl\/#organization\"},\"potentialAction\":[{\"@type\":\"SearchAction\",\"target\":{\"@type\":\"EntryPoint\",\"urlTemplate\":\"https:\/\/ksiegarnia.republikaostrowska.pl\/?s={search_term_string}\"},\"query-input\":{\"@type\":\"PropertyValueSpecification\",\"valueRequired\":true,\"valueName\":\"search_term_string\"}}],\"inLanguage\":\"pl-PL\"},{\"@type\":\"Organization\",\"@id\":\"https:\/\/ksiegarnia.republikaostrowska.pl\/#organization\",\"name\":\"Wydawnictwo Republika Ostrowska\",\"url\":\"https:\/\/ksiegarnia.republikaostrowska.pl\/\",\"logo\":{\"@type\":\"ImageObject\",\"inLanguage\":\"pl-PL\",\"@id\":\"https:\/\/ksiegarnia.republikaostrowska.pl\/#\/schema\/logo\/image\/\",\"url\":\"https:\/\/i0.wp.com\/ksiegarnia.republikaostrowska.pl\/wp-content\/uploads\/2021\/07\/Wydawnictwo-Republika-Ostrowska-LOGO.png?fit=512%2C512&ssl=1\",\"contentUrl\":\"https:\/\/i0.wp.com\/ksiegarnia.republikaostrowska.pl\/wp-content\/uploads\/2021\/07\/Wydawnictwo-Republika-Ostrowska-LOGO.png?fit=512%2C512&ssl=1\",\"width\":512,\"height\":512,\"caption\":\"Wydawnictwo Republika Ostrowska\"},\"image\":{\"@id\":\"https:\/\/ksiegarnia.republikaostrowska.pl\/#\/schema\/logo\/image\/\"}}]}<\/script>\n<!-- \/ Yoast SEO plugin. -->","yoast_head_json":{"title":"Ksi\u0119garnia Wydawnictwa Republika Ostrowska","robots":{"index":"index","follow":"follow","max-snippet":"max-snippet:-1","max-image-preview":"max-image-preview:large","max-video-preview":"max-video-preview:-1"},"canonical":"https:\/\/ksiegarnia.republikaostrowska.pl\/index.php\/produkt\/apostol-wielkiej-dobroci-sluga-bozy-ksiadz-kazimierz-rolewski\/","og_locale":"pl_PL","og_type":"article","og_title":"Ksi\u0119garnia Wydawnictwa Republika Ostrowska","og_description":"Fascynacja osob\u0105 i dzia\u0142alno\u015bci\u0105 ksi\u0119dza Kazimierza Rolewskiego jest w pewniej mierze deklaracj\u0105. W czasach, kiedy \u017cycie rodzinne i spo\u0142eczne reguluje konkubinat, asertywno\u015b\u0107, tutoring i ewaluacja, mo\u017ce warto przypomnie\u0107 \u2013 i dobr\u0105 okazj\u0105 ku temu s\u0105 studia nad \u017cyciem S\u0142ugi Bo\u017cego \u2013 czym jest ma\u0142\u017ce\u0144stwo, po\u015bwi\u0119cenie, autorytet i rachunek sumienia. Pracy nad ksi\u0105\u017ck\u0105 towarzyszy\u0142a wiara, \u017ce [&hellip;]","og_url":"https:\/\/ksiegarnia.republikaostrowska.pl\/index.php\/produkt\/apostol-wielkiej-dobroci-sluga-bozy-ksiadz-kazimierz-rolewski\/","og_site_name":"Ksi\u0119garnia Wydawnictwa Republika Ostrowska","article_modified_time":"2022-02-05T20:15:47+00:00","og_image":[{"width":233,"height":350,"url":"https:\/\/i0.wp.com\/ksiegarnia.republikaostrowska.pl\/wp-content\/uploads\/2021\/06\/Apostol-wielkiej-dobroci.jpg?fit=233%2C350&ssl=1","type":"image\/jpeg"}],"twitter_card":"summary_large_image","twitter_misc":{"Szacowany czas czytania":"1 minuta"},"schema":{"@context":"https:\/\/schema.org","@graph":[{"@type":"WebPage","@id":"https:\/\/ksiegarnia.republikaostrowska.pl\/index.php\/produkt\/apostol-wielkiej-dobroci-sluga-bozy-ksiadz-kazimierz-rolewski\/","url":"https:\/\/ksiegarnia.republikaostrowska.pl\/index.php\/produkt\/apostol-wielkiej-dobroci-sluga-bozy-ksiadz-kazimierz-rolewski\/","name":"Ksi\u0119garnia Wydawnictwa Republika Ostrowska","isPartOf":{"@id":"https:\/\/ksiegarnia.republikaostrowska.pl\/#website"},"primaryImageOfPage":{"@id":"https:\/\/ksiegarnia.republikaostrowska.pl\/index.php\/produkt\/apostol-wielkiej-dobroci-sluga-bozy-ksiadz-kazimierz-rolewski\/#primaryimage"},"image":{"@id":"https:\/\/ksiegarnia.republikaostrowska.pl\/index.php\/produkt\/apostol-wielkiej-dobroci-sluga-bozy-ksiadz-kazimierz-rolewski\/#primaryimage"},"thumbnailUrl":"https:\/\/i0.wp.com\/ksiegarnia.republikaostrowska.pl\/wp-content\/uploads\/2021\/06\/Apostol-wielkiej-dobroci.jpg?fit=233%2C350&ssl=1","datePublished":"2021-06-22T14:34:47+00:00","dateModified":"2022-02-05T20:15:47+00:00","breadcrumb":{"@id":"https:\/\/ksiegarnia.republikaostrowska.pl\/index.php\/produkt\/apostol-wielkiej-dobroci-sluga-bozy-ksiadz-kazimierz-rolewski\/#breadcrumb"},"inLanguage":"pl-PL","potentialAction":[{"@type":"ReadAction","target":["https:\/\/ksiegarnia.republikaostrowska.pl\/index.php\/produkt\/apostol-wielkiej-dobroci-sluga-bozy-ksiadz-kazimierz-rolewski\/"]}]},{"@type":"ImageObject","inLanguage":"pl-PL","@id":"https:\/\/ksiegarnia.republikaostrowska.pl\/index.php\/produkt\/apostol-wielkiej-dobroci-sluga-bozy-ksiadz-kazimierz-rolewski\/#primaryimage","url":"https:\/\/i0.wp.com\/ksiegarnia.republikaostrowska.pl\/wp-content\/uploads\/2021\/06\/Apostol-wielkiej-dobroci.jpg?fit=233%2C350&ssl=1","contentUrl":"https:\/\/i0.wp.com\/ksiegarnia.republikaostrowska.pl\/wp-content\/uploads\/2021\/06\/Apostol-wielkiej-dobroci.jpg?fit=233%2C350&ssl=1","width":233,"height":350},{"@type":"BreadcrumbList","@id":"https:\/\/ksiegarnia.republikaostrowska.pl\/index.php\/produkt\/apostol-wielkiej-dobroci-sluga-bozy-ksiadz-kazimierz-rolewski\/#breadcrumb","itemListElement":[{"@type":"ListItem","position":1,"name":"Strona g\u0142\u00f3wna","item":"https:\/\/ksiegarnia.republikaostrowska.pl\/"},{"@type":"ListItem","position":2,"name":"Sklep","item":"https:\/\/ksiegarnia.republikaostrowska.pl\/"},{"@type":"ListItem","position":3,"name":"Aposto\u0142 wielkiej dobroci. S\u0142uga Bo\u017cy ksi\u0105dz Kazimierz Rolewski"}]},{"@type":"WebSite","@id":"https:\/\/ksiegarnia.republikaostrowska.pl\/#website","url":"https:\/\/ksiegarnia.republikaostrowska.pl\/","name":"Ksi\u0119garnia Wydawnictwa Republika Ostrowska","description":"Sprzeda\u017c ksi\u0105\u017cek Wydawnictwa Republika Ostrowska","publisher":{"@id":"https:\/\/ksiegarnia.republikaostrowska.pl\/#organization"},"potentialAction":[{"@type":"SearchAction","target":{"@type":"EntryPoint","urlTemplate":"https:\/\/ksiegarnia.republikaostrowska.pl\/?s={search_term_string}"},"query-input":{"@type":"PropertyValueSpecification","valueRequired":true,"valueName":"search_term_string"}}],"inLanguage":"pl-PL"},{"@type":"Organization","@id":"https:\/\/ksiegarnia.republikaostrowska.pl\/#organization","name":"Wydawnictwo Republika Ostrowska","url":"https:\/\/ksiegarnia.republikaostrowska.pl\/","logo":{"@type":"ImageObject","inLanguage":"pl-PL","@id":"https:\/\/ksiegarnia.republikaostrowska.pl\/#\/schema\/logo\/image\/","url":"https:\/\/i0.wp.com\/ksiegarnia.republikaostrowska.pl\/wp-content\/uploads\/2021\/07\/Wydawnictwo-Republika-Ostrowska-LOGO.png?fit=512%2C512&ssl=1","contentUrl":"https:\/\/i0.wp.com\/ksiegarnia.republikaostrowska.pl\/wp-content\/uploads\/2021\/07\/Wydawnictwo-Republika-Ostrowska-LOGO.png?fit=512%2C512&ssl=1","width":512,"height":512,"caption":"Wydawnictwo Republika Ostrowska"},"image":{"@id":"https:\/\/ksiegarnia.republikaostrowska.pl\/#\/schema\/logo\/image\/"}}]}},"jetpack-related-posts":[{"id":142,"url":"https:\/\/ksiegarnia.republikaostrowska.pl\/index.php\/produkt\/ostrowskie-misteria-meki-panskiej-2014-2020\/","url_meta":{"origin":80,"position":0},"title":"Ostrowskie Misteria M\u0119ki Pa\u0144skiej 2014-2020","author":"Tomasz Mieloch","date":"1 lipca 2021","format":false,"excerpt":"Misterium M\u0119ki Pa\u0144skiej wystawiane cyklicznie od 2014 roku w\u00a0Ostrowie Wielkopolskim uderza rozmachem i\u00a0dba\u0142o\u015bci\u0105 o\u00a0szczeg\u00f3\u0142. Prace nad spektaklem rozpoczynaj\u0105 si\u0119 tu\u017c po \u015awi\u0119tach Bo\u017cego Narodzenia. Zar\u00f3wno aktorzy, obs\u0142uga techniczna, jak i\u00a0widzowie podkre\u015blaj\u0105, \u017ce udzia\u0142 w\u00a0wydarzeniu stanowi rodzaj rekolekcji przed \u015awi\u0119tami Wielkiej Nocy. Przez siedem lat misterium zgromadzi\u0142o setki zaanga\u017cowanych os\u00f3b, kt\u00f3re\u2026","rel":"","context":"Podobny wpis","block_context":{"text":"Podobny wpis","link":""},"img":{"alt_text":"","src":"https:\/\/i0.wp.com\/ksiegarnia.republikaostrowska.pl\/wp-content\/uploads\/2021\/07\/Ostrowskie-Misteria.jpg?fit=858%2C1200&ssl=1&resize=350%2C200","width":350,"height":200,"srcset":"https:\/\/i0.wp.com\/ksiegarnia.republikaostrowska.pl\/wp-content\/uploads\/2021\/07\/Ostrowskie-Misteria.jpg?fit=858%2C1200&ssl=1&resize=350%2C200 1x, https:\/\/i0.wp.com\/ksiegarnia.republikaostrowska.pl\/wp-content\/uploads\/2021\/07\/Ostrowskie-Misteria.jpg?fit=858%2C1200&ssl=1&resize=525%2C300 1.5x, https:\/\/i0.wp.com\/ksiegarnia.republikaostrowska.pl\/wp-content\/uploads\/2021\/07\/Ostrowskie-Misteria.jpg?fit=858%2C1200&ssl=1&resize=700%2C400 2x"},"classes":[]},{"id":106,"url":"https:\/\/ksiegarnia.republikaostrowska.pl\/index.php\/produkt\/krzysztof-kuczkowski-kladka-wiersze-duchowe\/","url_meta":{"origin":80,"position":1},"title":"Krzysztof Kuczkowski, K\u0142adka. Wiersze duchowe","author":"Tomasz Mieloch","date":"30 czerwca 2021","format":false,"excerpt":"Wiersze pisze si\u0119 po to \u2013 twierdzi Krzysztof Kuczkowski \u2013 \u017ceby wej\u015b\u0107 w komuni\u0119, nawi\u0105za\u0107 kontakt, rozmow\u0119, zainicjowa\u0107 wymian\u0119 my\u015bli i idei, a nie po to \u017ceby rzuci\u0107 na kolana, by\u0107 podziwianym, zyska\u0107 presti\u017c i zdoby\u0107 znaczenie. To chyba dlatego prawdziwemu poecie tak trudno uwierzy\u0107, \u017ce naprawd\u0119 jest poet\u0105. Sam\u2026","rel":"","context":"Podobny wpis","block_context":{"text":"Podobny wpis","link":""},"img":{"alt_text":"","src":"https:\/\/i0.wp.com\/ksiegarnia.republikaostrowska.pl\/wp-content\/uploads\/2021\/06\/Kladka.jpg?fit=247%2C350&ssl=1&resize=350%2C200","width":350,"height":200},"classes":[]},{"id":96,"url":"https:\/\/ksiegarnia.republikaostrowska.pl\/index.php\/produkt\/hymn-zachwytu-antologia-pokonkursowa-2018\/","url_meta":{"origin":80,"position":2},"title":"Hymn zachwytu. Antologia pokonkursowa 2018","author":"Tomasz Mieloch","date":"30 czerwca 2021","format":false,"excerpt":"\u201eOni byli poetami. Ich kr\u0119powa\u0142a jasno\u015b\u0107 poj\u0119\u0107, \u015bcis\u0142o\u015b\u0107 s\u0142owa, bo nawet nasza mowa, tak dziwnie pi\u0119kna i bogata, wypowiedzie\u0107 wszystkiego nie jest w stanie\u201d \u2013 m\u00f3wi\u0142 Paderewski. Samo podj\u0119cie si\u0119 napisania \u201ewiersza chopinowskiego\u201d i to jeszcze w blasku Norwidowskiego flesza jest \u015bwiadectwem gotowo\u015bci prze\u0142amania barier. A je\u015bli te pr\u00f3by podejmowane\u2026","rel":"","context":"Podobny wpis","block_context":{"text":"Podobny wpis","link":""},"img":{"alt_text":"","src":"https:\/\/i0.wp.com\/ksiegarnia.republikaostrowska.pl\/wp-content\/uploads\/2021\/06\/Hymn-zachwytu-2018.jpg?fit=248%2C350&ssl=1&resize=350%2C200","width":350,"height":200},"classes":[]},{"id":198,"url":"https:\/\/ksiegarnia.republikaostrowska.pl\/index.php\/produkt\/ebook-aneta-franc-wojna-nie-byla-kobieta-powiesc-o-powstaniu-wielkopolskim\/","url_meta":{"origin":80,"position":3},"title":"EBOOK Aneta Franc, Wojna nie by\u0142a kobiet\u0105. Powie\u015b\u0107 o Powstaniu Wielkopolskim","author":"Tomasz Mieloch","date":"7 lutego 2022","format":false,"excerpt":"Ksi\u0105\u017cka w formacie elektronicznym ePub i mobi. Pobierz fragment","rel":"","context":"Podobny wpis","block_context":{"text":"Podobny wpis","link":""},"img":{"alt_text":"Ok\u0142adka ebooka \u201eWojna nie by\u0142a kobiet\u0105\u201d","src":"https:\/\/i0.wp.com\/ksiegarnia.republikaostrowska.pl\/wp-content\/uploads\/2022\/02\/Wojna-cover-EBOOK.jpg?fit=750%2C1200&ssl=1&resize=350%2C200","width":350,"height":200,"srcset":"https:\/\/i0.wp.com\/ksiegarnia.republikaostrowska.pl\/wp-content\/uploads\/2022\/02\/Wojna-cover-EBOOK.jpg?fit=750%2C1200&ssl=1&resize=350%2C200 1x, https:\/\/i0.wp.com\/ksiegarnia.republikaostrowska.pl\/wp-content\/uploads\/2022\/02\/Wojna-cover-EBOOK.jpg?fit=750%2C1200&ssl=1&resize=525%2C300 1.5x, https:\/\/i0.wp.com\/ksiegarnia.republikaostrowska.pl\/wp-content\/uploads\/2022\/02\/Wojna-cover-EBOOK.jpg?fit=750%2C1200&ssl=1&resize=700%2C400 2x"},"classes":[]},{"id":76,"url":"https:\/\/ksiegarnia.republikaostrowska.pl\/index.php\/produkt\/wspomnienia-z-kulturkampfu-1875-1878\/","url_meta":{"origin":80,"position":4},"title":"Wspomnienia z kulturkampfu 1875-1878","author":"Tomasz Mieloch","date":"22 czerwca 2021","format":false,"excerpt":"Autentyczna i przejmuj\u0105ca, napisana z\u00a0humorem, niezwykle barwna opowie\u015b\u0107 o\u00a0heroicznym sprzeciwie Polak\u00f3w\u00a0\u2013 \u015bwieckich oraz duchownych\u00a0\u2013 wobec germanizacyjnej i\u00a0antyko\u015bcielnej polityki kanclerza Ottona von Bismarcka. Ksi\u0105dz Walenty \u015amigielski (1849\u00a0\u2013 1906), mianowany przez kardyna\u0142a Mieczys\u0142awa Halk\u0119-Led\u00f3chowskiego tajnym misjonarzem w\u00a0parafii kot\u0142owskiej, przedstawia swoje perypetie, prowadz\u0105c czytelnika od obrazu nielegalnej pracy duszpasterskiej poprzez salon ksi\u0105\u017c\u0105t Radziwi\u0142\u0142\u00f3w\u2026","rel":"","context":"Podobny wpis","block_context":{"text":"Podobny wpis","link":""},"img":{"alt_text":"","src":"https:\/\/i0.wp.com\/ksiegarnia.republikaostrowska.pl\/wp-content\/uploads\/2021\/06\/Wspomnienia-z-kulturkampfu.png?fit=775%2C1200&ssl=1&resize=350%2C200","width":350,"height":200,"srcset":"https:\/\/i0.wp.com\/ksiegarnia.republikaostrowska.pl\/wp-content\/uploads\/2021\/06\/Wspomnienia-z-kulturkampfu.png?fit=775%2C1200&ssl=1&resize=350%2C200 1x, https:\/\/i0.wp.com\/ksiegarnia.republikaostrowska.pl\/wp-content\/uploads\/2021\/06\/Wspomnienia-z-kulturkampfu.png?fit=775%2C1200&ssl=1&resize=525%2C300 1.5x, https:\/\/i0.wp.com\/ksiegarnia.republikaostrowska.pl\/wp-content\/uploads\/2021\/06\/Wspomnienia-z-kulturkampfu.png?fit=775%2C1200&ssl=1&resize=700%2C400 2x"},"classes":[]},{"id":102,"url":"https:\/\/ksiegarnia.republikaostrowska.pl\/index.php\/produkt\/szymon-babuchowski-zanim-przyjdziesz-wiersze-metafizyczne-i-religijne\/","url_meta":{"origin":80,"position":5},"title":"Szymon Babuchowski, Zanim przyjdziesz. Wiersze metafizyczne i religijne","author":"Tomasz Mieloch","date":"30 czerwca 2021","format":false,"excerpt":"\u201eZanim przyjdziesz\u201d Szymona Babuchowskiego to drugi tom serii wydawniczej \u201eBiblioteka \u015bwi\u0119tego Grzegorza z Nazjanzu. Polska wsp\u00f3\u0142czesna poezja religijna\u201d. \u201eDruga Rzeczpospolita mia\u0142a Jerzego Lieberta. W naszej kulturze podobn\u0105 rol\u0119 pe\u0142ni Szymon Babuchowski. Gdybym mia\u0142 poda\u0107 jedno s\u0142owo, kt\u00f3re mi si\u0119 z nim kojarzy, brzmia\u0142oby ono: wierno\u015b\u0107. U\u015bwi\u0119caj\u0105c czas marny, w kt\u00f3rym\u2026","rel":"","context":"Podobny wpis","block_context":{"text":"Podobny wpis","link":""},"img":{"alt_text":"","src":"https:\/\/i0.wp.com\/ksiegarnia.republikaostrowska.pl\/wp-content\/uploads\/2021\/06\/Zanim-przyjdziesz.jpg?fit=247%2C350&ssl=1&resize=350%2C200","width":350,"height":200},"classes":[]}],"jetpack_sharing_enabled":true,"_links":{"self":[{"href":"https:\/\/ksiegarnia.republikaostrowska.pl\/index.php\/wp-json\/wp\/v2\/product\/80","targetHints":{"allow":["GET"]}}],"collection":[{"href":"https:\/\/ksiegarnia.republikaostrowska.pl\/index.php\/wp-json\/wp\/v2\/product"}],"about":[{"href":"https:\/\/ksiegarnia.republikaostrowska.pl\/index.php\/wp-json\/wp\/v2\/types\/product"}],"replies":[{"embeddable":true,"href":"https:\/\/ksiegarnia.republikaostrowska.pl\/index.php\/wp-json\/wp\/v2\/comments?post=80"}],"wp:featuredmedia":[{"embeddable":true,"href":"https:\/\/ksiegarnia.republikaostrowska.pl\/index.php\/wp-json\/wp\/v2\/media\/81"}],"wp:attachment":[{"href":"https:\/\/ksiegarnia.republikaostrowska.pl\/index.php\/wp-json\/wp\/v2\/media?parent=80"}],"wp:term":[{"taxonomy":"product_brand","embeddable":true,"href":"https:\/\/ksiegarnia.republikaostrowska.pl\/index.php\/wp-json\/wp\/v2\/product_brand?post=80"},{"taxonomy":"product_cat","embeddable":true,"href":"https:\/\/ksiegarnia.republikaostrowska.pl\/index.php\/wp-json\/wp\/v2\/product_cat?post=80"},{"taxonomy":"product_tag","embeddable":true,"href":"https:\/\/ksiegarnia.republikaostrowska.pl\/index.php\/wp-json\/wp\/v2\/product_tag?post=80"}],"curies":[{"name":"wp","href":"https:\/\/api.w.org\/{rel}","templated":true}]}}