{"id":294,"date":"2022-12-05T11:09:52","date_gmt":"2022-12-05T10:09:52","guid":{"rendered":"https:\/\/ksiegarnia.republikaostrowska.pl\/?post_type=product&#038;p=294"},"modified":"2022-12-05T16:15:12","modified_gmt":"2022-12-05T15:15:12","slug":"ksiega-smakow-powiatu-ostrowskiego-czesc-druga","status":"publish","type":"product","link":"https:\/\/ksiegarnia.republikaostrowska.pl\/index.php\/produkt\/ksiega-smakow-powiatu-ostrowskiego-czesc-druga\/","title":{"rendered":"Ksi\u0119ga smak\u00f3w powiatu ostrowskiego. Cz\u0119\u015b\u0107 druga"},"content":{"rendered":"<p>Druga cz\u0119\u015b\u0107 ciesz\u0105cej si\u0119 wielk\u0105 popularno\u015bci\u0105 ksi\u0105\u017cki kulinarnej. Nowe pomys\u0142y na potrawy przygotowane przez Ko\u0142a Gospody\u0144 Wiejskich i mieszka\u0144c\u00f3w powiatu ostrowskiego.<\/p>\n","protected":false},"excerpt":{"rendered":"<p>Druga cz\u0119\u015b\u0107 ciesz\u0105cej si\u0119 wielk\u0105 popularno\u015bci\u0105 ksi\u0105\u017cki kulinarnej. Nowe pomys\u0142y na potrawy przygotowane przez Ko\u0142a Gospody\u0144 Wiejskich i mieszka\u0144c\u00f3w powiatu ostrowskiego.<\/p>\n","protected":false},"featured_media":295,"comment_status":"open","ping_status":"closed","template":"","meta":[],"product_brand":[],"product_cat":[95,43,48],"product_tag":[],"class_list":{"0":"post-294","1":"product","2":"type-product","3":"status-publish","4":"has-post-thumbnail","6":"product_cat-album-fotograficzny","7":"product_cat-hobby","8":"product_cat-przepisy-kulinarne","10":"first","11":"instock","12":"featured","13":"taxable","14":"shipping-taxable","15":"purchasable","16":"product-type-simple"},"yoast_head":"<!-- This site is optimized with the Yoast SEO plugin v26.9 - https:\/\/yoast.com\/product\/yoast-seo-wordpress\/ -->\n<title>Ksi\u0119garnia Wydawnictwa Republika Ostrowska<\/title>\n<meta name=\"robots\" content=\"index, follow, max-snippet:-1, max-image-preview:large, max-video-preview:-1\" \/>\n<link rel=\"canonical\" href=\"https:\/\/ksiegarnia.republikaostrowska.pl\/index.php\/produkt\/ksiega-smakow-powiatu-ostrowskiego-czesc-druga\/\" \/>\n<meta property=\"og:locale\" content=\"pl_PL\" \/>\n<meta property=\"og:type\" content=\"article\" \/>\n<meta property=\"og:title\" content=\"Ksi\u0119garnia Wydawnictwa Republika Ostrowska\" \/>\n<meta property=\"og:description\" content=\"Druga cz\u0119\u015b\u0107 ciesz\u0105cej si\u0119 wielk\u0105 popularno\u015bci\u0105 ksi\u0105\u017cki kulinarnej. Nowe pomys\u0142y na potrawy przygotowane przez Ko\u0142a Gospody\u0144 Wiejskich i mieszka\u0144c\u00f3w powiatu ostrowskiego.\" \/>\n<meta property=\"og:url\" content=\"https:\/\/ksiegarnia.republikaostrowska.pl\/index.php\/produkt\/ksiega-smakow-powiatu-ostrowskiego-czesc-druga\/\" \/>\n<meta property=\"og:site_name\" content=\"Ksi\u0119garnia Wydawnictwa Republika Ostrowska\" \/>\n<meta property=\"article:modified_time\" content=\"2022-12-05T15:15:12+00:00\" \/>\n<meta property=\"og:image\" content=\"https:\/\/ksiegarnia.republikaostrowska.pl\/wp-content\/uploads\/2022\/12\/HBK6-Render.jpg\" \/>\n\t<meta property=\"og:image:width\" content=\"1771\" \/>\n\t<meta property=\"og:image:height\" content=\"2400\" \/>\n\t<meta property=\"og:image:type\" content=\"image\/jpeg\" \/>\n<meta name=\"twitter:card\" content=\"summary_large_image\" \/>\n<meta name=\"twitter:label1\" content=\"Szacowany czas czytania\" \/>\n\t<meta name=\"twitter:data1\" content=\"1 minuta\" \/>\n<script type=\"application\/ld+json\" class=\"yoast-schema-graph\">{\"@context\":\"https:\/\/schema.org\",\"@graph\":[{\"@type\":\"WebPage\",\"@id\":\"https:\/\/ksiegarnia.republikaostrowska.pl\/index.php\/produkt\/ksiega-smakow-powiatu-ostrowskiego-czesc-druga\/\",\"url\":\"https:\/\/ksiegarnia.republikaostrowska.pl\/index.php\/produkt\/ksiega-smakow-powiatu-ostrowskiego-czesc-druga\/\",\"name\":\"Ksi\u0119garnia Wydawnictwa Republika Ostrowska\",\"isPartOf\":{\"@id\":\"https:\/\/ksiegarnia.republikaostrowska.pl\/#website\"},\"primaryImageOfPage\":{\"@id\":\"https:\/\/ksiegarnia.republikaostrowska.pl\/index.php\/produkt\/ksiega-smakow-powiatu-ostrowskiego-czesc-druga\/#primaryimage\"},\"image\":{\"@id\":\"https:\/\/ksiegarnia.republikaostrowska.pl\/index.php\/produkt\/ksiega-smakow-powiatu-ostrowskiego-czesc-druga\/#primaryimage\"},\"thumbnailUrl\":\"https:\/\/i0.wp.com\/ksiegarnia.republikaostrowska.pl\/wp-content\/uploads\/2022\/12\/HBK6-Render.jpg?fit=1771%2C2400&ssl=1\",\"datePublished\":\"2022-12-05T10:09:52+00:00\",\"dateModified\":\"2022-12-05T15:15:12+00:00\",\"breadcrumb\":{\"@id\":\"https:\/\/ksiegarnia.republikaostrowska.pl\/index.php\/produkt\/ksiega-smakow-powiatu-ostrowskiego-czesc-druga\/#breadcrumb\"},\"inLanguage\":\"pl-PL\",\"potentialAction\":[{\"@type\":\"ReadAction\",\"target\":[\"https:\/\/ksiegarnia.republikaostrowska.pl\/index.php\/produkt\/ksiega-smakow-powiatu-ostrowskiego-czesc-druga\/\"]}]},{\"@type\":\"ImageObject\",\"inLanguage\":\"pl-PL\",\"@id\":\"https:\/\/ksiegarnia.republikaostrowska.pl\/index.php\/produkt\/ksiega-smakow-powiatu-ostrowskiego-czesc-druga\/#primaryimage\",\"url\":\"https:\/\/i0.wp.com\/ksiegarnia.republikaostrowska.pl\/wp-content\/uploads\/2022\/12\/HBK6-Render.jpg?fit=1771%2C2400&ssl=1\",\"contentUrl\":\"https:\/\/i0.wp.com\/ksiegarnia.republikaostrowska.pl\/wp-content\/uploads\/2022\/12\/HBK6-Render.jpg?fit=1771%2C2400&ssl=1\",\"width\":1771,\"height\":2400},{\"@type\":\"BreadcrumbList\",\"@id\":\"https:\/\/ksiegarnia.republikaostrowska.pl\/index.php\/produkt\/ksiega-smakow-powiatu-ostrowskiego-czesc-druga\/#breadcrumb\",\"itemListElement\":[{\"@type\":\"ListItem\",\"position\":1,\"name\":\"Strona g\u0142\u00f3wna\",\"item\":\"https:\/\/ksiegarnia.republikaostrowska.pl\/\"},{\"@type\":\"ListItem\",\"position\":2,\"name\":\"Sklep\",\"item\":\"https:\/\/ksiegarnia.republikaostrowska.pl\/\"},{\"@type\":\"ListItem\",\"position\":3,\"name\":\"Ksi\u0119ga smak\u00f3w powiatu ostrowskiego. Cz\u0119\u015b\u0107 druga\"}]},{\"@type\":\"WebSite\",\"@id\":\"https:\/\/ksiegarnia.republikaostrowska.pl\/#website\",\"url\":\"https:\/\/ksiegarnia.republikaostrowska.pl\/\",\"name\":\"Ksi\u0119garnia Wydawnictwa Republika Ostrowska\",\"description\":\"Sprzeda\u017c ksi\u0105\u017cek Wydawnictwa Republika Ostrowska\",\"publisher\":{\"@id\":\"https:\/\/ksiegarnia.republikaostrowska.pl\/#organization\"},\"potentialAction\":[{\"@type\":\"SearchAction\",\"target\":{\"@type\":\"EntryPoint\",\"urlTemplate\":\"https:\/\/ksiegarnia.republikaostrowska.pl\/?s={search_term_string}\"},\"query-input\":{\"@type\":\"PropertyValueSpecification\",\"valueRequired\":true,\"valueName\":\"search_term_string\"}}],\"inLanguage\":\"pl-PL\"},{\"@type\":\"Organization\",\"@id\":\"https:\/\/ksiegarnia.republikaostrowska.pl\/#organization\",\"name\":\"Wydawnictwo Republika Ostrowska\",\"url\":\"https:\/\/ksiegarnia.republikaostrowska.pl\/\",\"logo\":{\"@type\":\"ImageObject\",\"inLanguage\":\"pl-PL\",\"@id\":\"https:\/\/ksiegarnia.republikaostrowska.pl\/#\/schema\/logo\/image\/\",\"url\":\"https:\/\/i0.wp.com\/ksiegarnia.republikaostrowska.pl\/wp-content\/uploads\/2021\/07\/Wydawnictwo-Republika-Ostrowska-LOGO.png?fit=512%2C512&ssl=1\",\"contentUrl\":\"https:\/\/i0.wp.com\/ksiegarnia.republikaostrowska.pl\/wp-content\/uploads\/2021\/07\/Wydawnictwo-Republika-Ostrowska-LOGO.png?fit=512%2C512&ssl=1\",\"width\":512,\"height\":512,\"caption\":\"Wydawnictwo Republika Ostrowska\"},\"image\":{\"@id\":\"https:\/\/ksiegarnia.republikaostrowska.pl\/#\/schema\/logo\/image\/\"}}]}<\/script>\n<!-- \/ Yoast SEO plugin. -->","yoast_head_json":{"title":"Ksi\u0119garnia Wydawnictwa Republika Ostrowska","robots":{"index":"index","follow":"follow","max-snippet":"max-snippet:-1","max-image-preview":"max-image-preview:large","max-video-preview":"max-video-preview:-1"},"canonical":"https:\/\/ksiegarnia.republikaostrowska.pl\/index.php\/produkt\/ksiega-smakow-powiatu-ostrowskiego-czesc-druga\/","og_locale":"pl_PL","og_type":"article","og_title":"Ksi\u0119garnia Wydawnictwa Republika Ostrowska","og_description":"Druga cz\u0119\u015b\u0107 ciesz\u0105cej si\u0119 wielk\u0105 popularno\u015bci\u0105 ksi\u0105\u017cki kulinarnej. Nowe pomys\u0142y na potrawy przygotowane przez Ko\u0142a Gospody\u0144 Wiejskich i mieszka\u0144c\u00f3w powiatu ostrowskiego.","og_url":"https:\/\/ksiegarnia.republikaostrowska.pl\/index.php\/produkt\/ksiega-smakow-powiatu-ostrowskiego-czesc-druga\/","og_site_name":"Ksi\u0119garnia Wydawnictwa Republika Ostrowska","article_modified_time":"2022-12-05T15:15:12+00:00","og_image":[{"width":1771,"height":2400,"url":"https:\/\/ksiegarnia.republikaostrowska.pl\/wp-content\/uploads\/2022\/12\/HBK6-Render.jpg","type":"image\/jpeg"}],"twitter_card":"summary_large_image","twitter_misc":{"Szacowany czas czytania":"1 minuta"},"schema":{"@context":"https:\/\/schema.org","@graph":[{"@type":"WebPage","@id":"https:\/\/ksiegarnia.republikaostrowska.pl\/index.php\/produkt\/ksiega-smakow-powiatu-ostrowskiego-czesc-druga\/","url":"https:\/\/ksiegarnia.republikaostrowska.pl\/index.php\/produkt\/ksiega-smakow-powiatu-ostrowskiego-czesc-druga\/","name":"Ksi\u0119garnia Wydawnictwa Republika Ostrowska","isPartOf":{"@id":"https:\/\/ksiegarnia.republikaostrowska.pl\/#website"},"primaryImageOfPage":{"@id":"https:\/\/ksiegarnia.republikaostrowska.pl\/index.php\/produkt\/ksiega-smakow-powiatu-ostrowskiego-czesc-druga\/#primaryimage"},"image":{"@id":"https:\/\/ksiegarnia.republikaostrowska.pl\/index.php\/produkt\/ksiega-smakow-powiatu-ostrowskiego-czesc-druga\/#primaryimage"},"thumbnailUrl":"https:\/\/i0.wp.com\/ksiegarnia.republikaostrowska.pl\/wp-content\/uploads\/2022\/12\/HBK6-Render.jpg?fit=1771%2C2400&ssl=1","datePublished":"2022-12-05T10:09:52+00:00","dateModified":"2022-12-05T15:15:12+00:00","breadcrumb":{"@id":"https:\/\/ksiegarnia.republikaostrowska.pl\/index.php\/produkt\/ksiega-smakow-powiatu-ostrowskiego-czesc-druga\/#breadcrumb"},"inLanguage":"pl-PL","potentialAction":[{"@type":"ReadAction","target":["https:\/\/ksiegarnia.republikaostrowska.pl\/index.php\/produkt\/ksiega-smakow-powiatu-ostrowskiego-czesc-druga\/"]}]},{"@type":"ImageObject","inLanguage":"pl-PL","@id":"https:\/\/ksiegarnia.republikaostrowska.pl\/index.php\/produkt\/ksiega-smakow-powiatu-ostrowskiego-czesc-druga\/#primaryimage","url":"https:\/\/i0.wp.com\/ksiegarnia.republikaostrowska.pl\/wp-content\/uploads\/2022\/12\/HBK6-Render.jpg?fit=1771%2C2400&ssl=1","contentUrl":"https:\/\/i0.wp.com\/ksiegarnia.republikaostrowska.pl\/wp-content\/uploads\/2022\/12\/HBK6-Render.jpg?fit=1771%2C2400&ssl=1","width":1771,"height":2400},{"@type":"BreadcrumbList","@id":"https:\/\/ksiegarnia.republikaostrowska.pl\/index.php\/produkt\/ksiega-smakow-powiatu-ostrowskiego-czesc-druga\/#breadcrumb","itemListElement":[{"@type":"ListItem","position":1,"name":"Strona g\u0142\u00f3wna","item":"https:\/\/ksiegarnia.republikaostrowska.pl\/"},{"@type":"ListItem","position":2,"name":"Sklep","item":"https:\/\/ksiegarnia.republikaostrowska.pl\/"},{"@type":"ListItem","position":3,"name":"Ksi\u0119ga smak\u00f3w powiatu ostrowskiego. Cz\u0119\u015b\u0107 druga"}]},{"@type":"WebSite","@id":"https:\/\/ksiegarnia.republikaostrowska.pl\/#website","url":"https:\/\/ksiegarnia.republikaostrowska.pl\/","name":"Ksi\u0119garnia Wydawnictwa Republika Ostrowska","description":"Sprzeda\u017c ksi\u0105\u017cek Wydawnictwa Republika Ostrowska","publisher":{"@id":"https:\/\/ksiegarnia.republikaostrowska.pl\/#organization"},"potentialAction":[{"@type":"SearchAction","target":{"@type":"EntryPoint","urlTemplate":"https:\/\/ksiegarnia.republikaostrowska.pl\/?s={search_term_string}"},"query-input":{"@type":"PropertyValueSpecification","valueRequired":true,"valueName":"search_term_string"}}],"inLanguage":"pl-PL"},{"@type":"Organization","@id":"https:\/\/ksiegarnia.republikaostrowska.pl\/#organization","name":"Wydawnictwo Republika Ostrowska","url":"https:\/\/ksiegarnia.republikaostrowska.pl\/","logo":{"@type":"ImageObject","inLanguage":"pl-PL","@id":"https:\/\/ksiegarnia.republikaostrowska.pl\/#\/schema\/logo\/image\/","url":"https:\/\/i0.wp.com\/ksiegarnia.republikaostrowska.pl\/wp-content\/uploads\/2021\/07\/Wydawnictwo-Republika-Ostrowska-LOGO.png?fit=512%2C512&ssl=1","contentUrl":"https:\/\/i0.wp.com\/ksiegarnia.republikaostrowska.pl\/wp-content\/uploads\/2021\/07\/Wydawnictwo-Republika-Ostrowska-LOGO.png?fit=512%2C512&ssl=1","width":512,"height":512,"caption":"Wydawnictwo Republika Ostrowska"},"image":{"@id":"https:\/\/ksiegarnia.republikaostrowska.pl\/#\/schema\/logo\/image\/"}}]}},"jetpack-related-posts":[{"id":221,"url":"https:\/\/ksiegarnia.republikaostrowska.pl\/index.php\/produkt\/ksiega-smakow-powiatu-ostrowskiego\/","url_meta":{"origin":294,"position":0},"title":"Ksi\u0119ga smak\u00f3w powiatu ostrowskiego","author":"Tomasz Mieloch","date":"13 lutego 2022","format":false,"excerpt":"\u201eKsi\u0119ga smak\u00f3w powiatu ostrowskiego\u201d zawiera ponad trzysta przepis\u00f3w kulinarnych przygotowanych przez mieszka\u0144c\u00f3w i ko\u0142a gospody\u0144 wiejskich. Pi\u0119kne fotografie przedstawiaj\u0105 autentyczne potrawy oraz ich autor\u00f3w. Tradycja kulinarna po\u0142udniowej Wielkopolski, regionalne potrawy i \u0142atwo dost\u0119pne sk\u0142adniki to unikalny walor tej wyj\u0105tkowej ksi\u0119gi.","rel":"","context":"Podobny wpis","block_context":{"text":"Podobny wpis","link":""},"img":{"alt_text":"Ok\u0142adka \u201eKsi\u0119gi smak\u00f3w powiatu ostrowskiego\u201d","src":"https:\/\/i0.wp.com\/ksiegarnia.republikaostrowska.pl\/wp-content\/uploads\/2022\/02\/Ksiega-smakow-Mockup-3.jpg?fit=886%2C1200&ssl=1&resize=350%2C200","width":350,"height":200,"srcset":"https:\/\/i0.wp.com\/ksiegarnia.republikaostrowska.pl\/wp-content\/uploads\/2022\/02\/Ksiega-smakow-Mockup-3.jpg?fit=886%2C1200&ssl=1&resize=350%2C200 1x, https:\/\/i0.wp.com\/ksiegarnia.republikaostrowska.pl\/wp-content\/uploads\/2022\/02\/Ksiega-smakow-Mockup-3.jpg?fit=886%2C1200&ssl=1&resize=525%2C300 1.5x, https:\/\/i0.wp.com\/ksiegarnia.republikaostrowska.pl\/wp-content\/uploads\/2022\/02\/Ksiega-smakow-Mockup-3.jpg?fit=886%2C1200&ssl=1&resize=700%2C400 2x"},"classes":[]},{"id":297,"url":"https:\/\/ksiegarnia.republikaostrowska.pl\/index.php\/produkt\/ksiega-smakow-powiatu-ostrowskiego-promocja-w-pakiecie-12\/","url_meta":{"origin":294,"position":1},"title":"Ksi\u0119ga smak\u00f3w powiatu ostrowskiego &#8211; promocja w pakiecie 1+2","author":"Tomasz Mieloch","date":"5 grudnia 2022","format":false,"excerpt":"Promocyjna cena przy zakupie obu cz\u0119\u015bci \u201eKsi\u0119gi smak\u00f3w powiatu ostrowskiego\u201d \u2013 oszcz\u0119dzasz 45 z\u0142!","rel":"","context":"Podobny wpis","block_context":{"text":"Podobny wpis","link":""},"img":{"alt_text":"","src":"https:\/\/i0.wp.com\/ksiegarnia.republikaostrowska.pl\/wp-content\/uploads\/2022\/12\/HBK6-BUNDLE-Render.jpg?fit=886%2C1200&ssl=1&resize=350%2C200","width":350,"height":200,"srcset":"https:\/\/i0.wp.com\/ksiegarnia.republikaostrowska.pl\/wp-content\/uploads\/2022\/12\/HBK6-BUNDLE-Render.jpg?fit=886%2C1200&ssl=1&resize=350%2C200 1x, https:\/\/i0.wp.com\/ksiegarnia.republikaostrowska.pl\/wp-content\/uploads\/2022\/12\/HBK6-BUNDLE-Render.jpg?fit=886%2C1200&ssl=1&resize=525%2C300 1.5x, https:\/\/i0.wp.com\/ksiegarnia.republikaostrowska.pl\/wp-content\/uploads\/2022\/12\/HBK6-BUNDLE-Render.jpg?fit=886%2C1200&ssl=1&resize=700%2C400 2x"},"classes":[]},{"id":104,"url":"https:\/\/ksiegarnia.republikaostrowska.pl\/index.php\/produkt\/wojciech-gawlowski-rozo-szronu-wiersze-metafizyczne-i-religijne\/","url_meta":{"origin":294,"position":2},"title":"Wojciech Gaw\u0142owski, R\u00f3\u017co szronu. Wiersze metafizyczne i religijne","author":"Tomasz Mieloch","date":"30 czerwca 2021","format":false,"excerpt":"\u201eR\u00f3\u017co szronu\u201d Wojciecha Gaw\u0142owskiego to trzeci tom serii wydawniczej \u201eBiblioteka \u015bwi\u0119tego Grzegorza z Nazjanzu. Polska wsp\u00f3\u0142czesna poezja religijna\u201d. \u201eWiersze Wojciecha Gaw\u0142owskiego po mistrzowsku balansuj\u0105 pomi\u0119dzy oczywisto\u015bci\u0105 a tajemnic\u0105. Tylko niewielu poet\u00f3w potrafi tak pisa\u0107, \u017ceby podszewk\u0105 tego, co jawne, by\u0142o to, co zakryte, i na odwr\u00f3t, \u017ceby tajemnica by\u0142a podszyta\u2026","rel":"","context":"Podobny wpis","block_context":{"text":"Podobny wpis","link":""},"img":{"alt_text":"","src":"https:\/\/i0.wp.com\/ksiegarnia.republikaostrowska.pl\/wp-content\/uploads\/2021\/06\/Rozo-szronu.jpg?fit=247%2C350&ssl=1&resize=350%2C200","width":350,"height":200},"classes":[]},{"id":102,"url":"https:\/\/ksiegarnia.republikaostrowska.pl\/index.php\/produkt\/szymon-babuchowski-zanim-przyjdziesz-wiersze-metafizyczne-i-religijne\/","url_meta":{"origin":294,"position":3},"title":"Szymon Babuchowski, Zanim przyjdziesz. Wiersze metafizyczne i religijne","author":"Tomasz Mieloch","date":"30 czerwca 2021","format":false,"excerpt":"\u201eZanim przyjdziesz\u201d Szymona Babuchowskiego to drugi tom serii wydawniczej \u201eBiblioteka \u015bwi\u0119tego Grzegorza z Nazjanzu. Polska wsp\u00f3\u0142czesna poezja religijna\u201d. \u201eDruga Rzeczpospolita mia\u0142a Jerzego Lieberta. W naszej kulturze podobn\u0105 rol\u0119 pe\u0142ni Szymon Babuchowski. Gdybym mia\u0142 poda\u0107 jedno s\u0142owo, kt\u00f3re mi si\u0119 z nim kojarzy, brzmia\u0142oby ono: wierno\u015b\u0107. U\u015bwi\u0119caj\u0105c czas marny, w kt\u00f3rym\u2026","rel":"","context":"Podobny wpis","block_context":{"text":"Podobny wpis","link":""},"img":{"alt_text":"","src":"https:\/\/i0.wp.com\/ksiegarnia.republikaostrowska.pl\/wp-content\/uploads\/2021\/06\/Zanim-przyjdziesz.jpg?fit=247%2C350&ssl=1&resize=350%2C200","width":350,"height":200},"classes":[]},{"id":198,"url":"https:\/\/ksiegarnia.republikaostrowska.pl\/index.php\/produkt\/ebook-aneta-franc-wojna-nie-byla-kobieta-powiesc-o-powstaniu-wielkopolskim\/","url_meta":{"origin":294,"position":4},"title":"EBOOK Aneta Franc, Wojna nie by\u0142a kobiet\u0105. Powie\u015b\u0107 o Powstaniu Wielkopolskim","author":"Tomasz Mieloch","date":"7 lutego 2022","format":false,"excerpt":"Ksi\u0105\u017cka w formacie elektronicznym ePub i mobi. Pobierz fragment","rel":"","context":"Podobny wpis","block_context":{"text":"Podobny wpis","link":""},"img":{"alt_text":"Ok\u0142adka ebooka \u201eWojna nie by\u0142a kobiet\u0105\u201d","src":"https:\/\/i0.wp.com\/ksiegarnia.republikaostrowska.pl\/wp-content\/uploads\/2022\/02\/Wojna-cover-EBOOK.jpg?fit=750%2C1200&ssl=1&resize=350%2C200","width":350,"height":200,"srcset":"https:\/\/i0.wp.com\/ksiegarnia.republikaostrowska.pl\/wp-content\/uploads\/2022\/02\/Wojna-cover-EBOOK.jpg?fit=750%2C1200&ssl=1&resize=350%2C200 1x, https:\/\/i0.wp.com\/ksiegarnia.republikaostrowska.pl\/wp-content\/uploads\/2022\/02\/Wojna-cover-EBOOK.jpg?fit=750%2C1200&ssl=1&resize=525%2C300 1.5x, https:\/\/i0.wp.com\/ksiegarnia.republikaostrowska.pl\/wp-content\/uploads\/2022\/02\/Wojna-cover-EBOOK.jpg?fit=750%2C1200&ssl=1&resize=700%2C400 2x"},"classes":[]}],"jetpack_sharing_enabled":true,"_links":{"self":[{"href":"https:\/\/ksiegarnia.republikaostrowska.pl\/index.php\/wp-json\/wp\/v2\/product\/294","targetHints":{"allow":["GET"]}}],"collection":[{"href":"https:\/\/ksiegarnia.republikaostrowska.pl\/index.php\/wp-json\/wp\/v2\/product"}],"about":[{"href":"https:\/\/ksiegarnia.republikaostrowska.pl\/index.php\/wp-json\/wp\/v2\/types\/product"}],"replies":[{"embeddable":true,"href":"https:\/\/ksiegarnia.republikaostrowska.pl\/index.php\/wp-json\/wp\/v2\/comments?post=294"}],"wp:featuredmedia":[{"embeddable":true,"href":"https:\/\/ksiegarnia.republikaostrowska.pl\/index.php\/wp-json\/wp\/v2\/media\/295"}],"wp:attachment":[{"href":"https:\/\/ksiegarnia.republikaostrowska.pl\/index.php\/wp-json\/wp\/v2\/media?parent=294"}],"wp:term":[{"taxonomy":"product_brand","embeddable":true,"href":"https:\/\/ksiegarnia.republikaostrowska.pl\/index.php\/wp-json\/wp\/v2\/product_brand?post=294"},{"taxonomy":"product_cat","embeddable":true,"href":"https:\/\/ksiegarnia.republikaostrowska.pl\/index.php\/wp-json\/wp\/v2\/product_cat?post=294"},{"taxonomy":"product_tag","embeddable":true,"href":"https:\/\/ksiegarnia.republikaostrowska.pl\/index.php\/wp-json\/wp\/v2\/product_tag?post=294"}],"curies":[{"name":"wp","href":"https:\/\/api.w.org\/{rel}","templated":true}]}}