{"id":146,"date":"2021-07-01T12:44:40","date_gmt":"2021-07-01T10:44:40","guid":{"rendered":"https:\/\/ksiegarnia.republikaostrowska.pl\/?post_type=product&#038;p=146"},"modified":"2021-07-03T16:09:43","modified_gmt":"2021-07-03T14:09:43","slug":"noc-chopina-jubileuszowa-antologia-pokonkursowa-v-ogolnopolskiego-poetyckiego-konkursu-chopinowskiego-hymn-zachwytu-2020","status":"publish","type":"product","link":"https:\/\/ksiegarnia.republikaostrowska.pl\/index.php\/produkt\/noc-chopina-jubileuszowa-antologia-pokonkursowa-v-ogolnopolskiego-poetyckiego-konkursu-chopinowskiego-hymn-zachwytu-2020\/","title":{"rendered":"Noc Chopina. Jubileuszowa antologia pokonkursowa V Og\u00f3lnopolskiego Poetyckiego Konkursu Chopinowskiego ,\u201eHymn zachwytu\u201d 2020"},"content":{"rendered":"<p>Jubileusze to dobry moment na podsumowania. W\u00a0czasie pi\u0119ciu edycji na konkurs nap\u0142yn\u0119\u0142o \u0142\u0105cznie 916 utwor\u00f3w. Zwa\u017cywszy na jego tematyczne ograniczenie, liczba ta jest imponuj\u0105ca, a\u00a0w\u00a0tym roku zapewne w\u00a0zwi\u0105zku z\u00a0mo\u017cliwo\u015bci\u0105 zg\u0142oszenia przez jednego autora a\u017c trzech wierszy\u00a0\u2013 ogromna: 460 utwor\u00f3w. Konkursowe ograniczenie\u00a0\u2013 jak pisa\u0142am w\u00a0antologii podsumowuj\u0105cej pierwsz\u0105 edycj\u0119\u00a0\u2013 nie jest jedynie tematyczne, bowiem konkurs poetycki w\u00a0centrum zainteresowania autor\u00f3w, juror\u00f3w i\u00a0czytelnik\u00f3w stawia przede wszystkim s\u0142owo jako tworzywo lite\u00adratury. \u017be s\u0142owo tak\u017ce w\u00a0kontek\u015bcie jego mo\u017cliwo\u015bci brzmieniowych, to ju\u017c zupe\u0142nie inna\u00a0\u2013 cho\u0107 tak\u017ce kluczowa\u00a0\u2013 sprawa. Wiele nadsy\u0142anych od pierwszej edycji wierszy stanowi \u015bwiadectwo niezgody na te ograniczenia, co owocuje z\u00a0jednej strony\u00a0\u2013 odej\u015bciem od tematu chopinowskiego, z\u00a0drugiej\u00a0\u2013 rezygnacj\u0105 z\u00a0muzycznego potencja\u0142u polszczyzny, w\u00a0tym wersyfikacji.<\/p>\n","protected":false},"excerpt":{"rendered":"<p>Jubileusze to dobry moment na podsumowania. W\u00a0czasie pi\u0119ciu edycji na konkurs nap\u0142yn\u0119\u0142o \u0142\u0105cznie 916 utwor\u00f3w. Zwa\u017cywszy na jego tematyczne ograniczenie, liczba ta jest imponuj\u0105ca, a\u00a0w\u00a0tym roku zapewne w\u00a0zwi\u0105zku z\u00a0mo\u017cliwo\u015bci\u0105 zg\u0142oszenia przez jednego autora a\u017c trzech wierszy\u00a0\u2013 ogromna: 460 utwor\u00f3w. Konkursowe ograniczenie\u00a0\u2013 jak pisa\u0142am w\u00a0antologii podsumowuj\u0105cej pierwsz\u0105 edycj\u0119\u00a0\u2013 nie jest jedynie tematyczne, bowiem konkurs poetycki w\u00a0centrum [&hellip;]<\/p>\n","protected":false},"featured_media":147,"comment_status":"open","ping_status":"closed","template":"","meta":[],"product_brand":[],"product_cat":[45],"product_tag":[],"class_list":{"0":"post-146","1":"product","2":"type-product","3":"status-publish","4":"has-post-thumbnail","6":"product_cat-poezja","8":"first","9":"instock","10":"featured","11":"taxable","12":"shipping-taxable","13":"purchasable","14":"product-type-simple"},"yoast_head":"<!-- This site is optimized with the Yoast SEO plugin v26.9 - https:\/\/yoast.com\/product\/yoast-seo-wordpress\/ -->\n<title>Ksi\u0119garnia Wydawnictwa Republika Ostrowska<\/title>\n<meta name=\"robots\" content=\"index, follow, max-snippet:-1, max-image-preview:large, max-video-preview:-1\" \/>\n<link rel=\"canonical\" href=\"https:\/\/ksiegarnia.republikaostrowska.pl\/index.php\/produkt\/noc-chopina-jubileuszowa-antologia-pokonkursowa-v-ogolnopolskiego-poetyckiego-konkursu-chopinowskiego-hymn-zachwytu-2020\/\" \/>\n<meta property=\"og:locale\" content=\"pl_PL\" \/>\n<meta property=\"og:type\" content=\"article\" \/>\n<meta property=\"og:title\" content=\"Ksi\u0119garnia Wydawnictwa Republika Ostrowska\" \/>\n<meta property=\"og:description\" content=\"Jubileusze to dobry moment na podsumowania. W\u00a0czasie pi\u0119ciu edycji na konkurs nap\u0142yn\u0119\u0142o \u0142\u0105cznie 916 utwor\u00f3w. Zwa\u017cywszy na jego tematyczne ograniczenie, liczba ta jest imponuj\u0105ca, a\u00a0w\u00a0tym roku zapewne w\u00a0zwi\u0105zku z\u00a0mo\u017cliwo\u015bci\u0105 zg\u0142oszenia przez jednego autora a\u017c trzech wierszy\u00a0\u2013 ogromna: 460 utwor\u00f3w. Konkursowe ograniczenie\u00a0\u2013 jak pisa\u0142am w\u00a0antologii podsumowuj\u0105cej pierwsz\u0105 edycj\u0119\u00a0\u2013 nie jest jedynie tematyczne, bowiem konkurs poetycki w\u00a0centrum [&hellip;]\" \/>\n<meta property=\"og:url\" content=\"https:\/\/ksiegarnia.republikaostrowska.pl\/index.php\/produkt\/noc-chopina-jubileuszowa-antologia-pokonkursowa-v-ogolnopolskiego-poetyckiego-konkursu-chopinowskiego-hymn-zachwytu-2020\/\" \/>\n<meta property=\"og:site_name\" content=\"Ksi\u0119garnia Wydawnictwa Republika Ostrowska\" \/>\n<meta property=\"article:modified_time\" content=\"2021-07-03T14:09:43+00:00\" \/>\n<meta property=\"og:image\" content=\"https:\/\/i0.wp.com\/ksiegarnia.republikaostrowska.pl\/wp-content\/uploads\/2021\/07\/Noc-Chopina-OKLADKA-store.jpg?fit=1000%2C1419&ssl=1\" \/>\n\t<meta property=\"og:image:width\" content=\"1000\" \/>\n\t<meta property=\"og:image:height\" content=\"1419\" \/>\n\t<meta property=\"og:image:type\" content=\"image\/jpeg\" \/>\n<meta name=\"twitter:card\" content=\"summary_large_image\" \/>\n<meta name=\"twitter:label1\" content=\"Szacowany czas czytania\" \/>\n\t<meta name=\"twitter:data1\" content=\"1 minuta\" \/>\n<script type=\"application\/ld+json\" class=\"yoast-schema-graph\">{\"@context\":\"https:\/\/schema.org\",\"@graph\":[{\"@type\":\"WebPage\",\"@id\":\"https:\/\/ksiegarnia.republikaostrowska.pl\/index.php\/produkt\/noc-chopina-jubileuszowa-antologia-pokonkursowa-v-ogolnopolskiego-poetyckiego-konkursu-chopinowskiego-hymn-zachwytu-2020\/\",\"url\":\"https:\/\/ksiegarnia.republikaostrowska.pl\/index.php\/produkt\/noc-chopina-jubileuszowa-antologia-pokonkursowa-v-ogolnopolskiego-poetyckiego-konkursu-chopinowskiego-hymn-zachwytu-2020\/\",\"name\":\"Ksi\u0119garnia Wydawnictwa Republika Ostrowska\",\"isPartOf\":{\"@id\":\"https:\/\/ksiegarnia.republikaostrowska.pl\/#website\"},\"primaryImageOfPage\":{\"@id\":\"https:\/\/ksiegarnia.republikaostrowska.pl\/index.php\/produkt\/noc-chopina-jubileuszowa-antologia-pokonkursowa-v-ogolnopolskiego-poetyckiego-konkursu-chopinowskiego-hymn-zachwytu-2020\/#primaryimage\"},\"image\":{\"@id\":\"https:\/\/ksiegarnia.republikaostrowska.pl\/index.php\/produkt\/noc-chopina-jubileuszowa-antologia-pokonkursowa-v-ogolnopolskiego-poetyckiego-konkursu-chopinowskiego-hymn-zachwytu-2020\/#primaryimage\"},\"thumbnailUrl\":\"https:\/\/i0.wp.com\/ksiegarnia.republikaostrowska.pl\/wp-content\/uploads\/2021\/07\/Noc-Chopina-OKLADKA-store.jpg?fit=1000%2C1419&ssl=1\",\"datePublished\":\"2021-07-01T10:44:40+00:00\",\"dateModified\":\"2021-07-03T14:09:43+00:00\",\"breadcrumb\":{\"@id\":\"https:\/\/ksiegarnia.republikaostrowska.pl\/index.php\/produkt\/noc-chopina-jubileuszowa-antologia-pokonkursowa-v-ogolnopolskiego-poetyckiego-konkursu-chopinowskiego-hymn-zachwytu-2020\/#breadcrumb\"},\"inLanguage\":\"pl-PL\",\"potentialAction\":[{\"@type\":\"ReadAction\",\"target\":[\"https:\/\/ksiegarnia.republikaostrowska.pl\/index.php\/produkt\/noc-chopina-jubileuszowa-antologia-pokonkursowa-v-ogolnopolskiego-poetyckiego-konkursu-chopinowskiego-hymn-zachwytu-2020\/\"]}]},{\"@type\":\"ImageObject\",\"inLanguage\":\"pl-PL\",\"@id\":\"https:\/\/ksiegarnia.republikaostrowska.pl\/index.php\/produkt\/noc-chopina-jubileuszowa-antologia-pokonkursowa-v-ogolnopolskiego-poetyckiego-konkursu-chopinowskiego-hymn-zachwytu-2020\/#primaryimage\",\"url\":\"https:\/\/i0.wp.com\/ksiegarnia.republikaostrowska.pl\/wp-content\/uploads\/2021\/07\/Noc-Chopina-OKLADKA-store.jpg?fit=1000%2C1419&ssl=1\",\"contentUrl\":\"https:\/\/i0.wp.com\/ksiegarnia.republikaostrowska.pl\/wp-content\/uploads\/2021\/07\/Noc-Chopina-OKLADKA-store.jpg?fit=1000%2C1419&ssl=1\",\"width\":1000,\"height\":1419},{\"@type\":\"BreadcrumbList\",\"@id\":\"https:\/\/ksiegarnia.republikaostrowska.pl\/index.php\/produkt\/noc-chopina-jubileuszowa-antologia-pokonkursowa-v-ogolnopolskiego-poetyckiego-konkursu-chopinowskiego-hymn-zachwytu-2020\/#breadcrumb\",\"itemListElement\":[{\"@type\":\"ListItem\",\"position\":1,\"name\":\"Strona g\u0142\u00f3wna\",\"item\":\"https:\/\/ksiegarnia.republikaostrowska.pl\/\"},{\"@type\":\"ListItem\",\"position\":2,\"name\":\"Sklep\",\"item\":\"https:\/\/ksiegarnia.republikaostrowska.pl\/\"},{\"@type\":\"ListItem\",\"position\":3,\"name\":\"Noc Chopina. Jubileuszowa antologia pokonkursowa V Og\u00f3lnopolskiego Poetyckiego Konkursu Chopinowskiego ,\u201eHymn zachwytu\u201d 2020\"}]},{\"@type\":\"WebSite\",\"@id\":\"https:\/\/ksiegarnia.republikaostrowska.pl\/#website\",\"url\":\"https:\/\/ksiegarnia.republikaostrowska.pl\/\",\"name\":\"Ksi\u0119garnia Wydawnictwa Republika Ostrowska\",\"description\":\"Sprzeda\u017c ksi\u0105\u017cek Wydawnictwa Republika Ostrowska\",\"publisher\":{\"@id\":\"https:\/\/ksiegarnia.republikaostrowska.pl\/#organization\"},\"potentialAction\":[{\"@type\":\"SearchAction\",\"target\":{\"@type\":\"EntryPoint\",\"urlTemplate\":\"https:\/\/ksiegarnia.republikaostrowska.pl\/?s={search_term_string}\"},\"query-input\":{\"@type\":\"PropertyValueSpecification\",\"valueRequired\":true,\"valueName\":\"search_term_string\"}}],\"inLanguage\":\"pl-PL\"},{\"@type\":\"Organization\",\"@id\":\"https:\/\/ksiegarnia.republikaostrowska.pl\/#organization\",\"name\":\"Wydawnictwo Republika Ostrowska\",\"url\":\"https:\/\/ksiegarnia.republikaostrowska.pl\/\",\"logo\":{\"@type\":\"ImageObject\",\"inLanguage\":\"pl-PL\",\"@id\":\"https:\/\/ksiegarnia.republikaostrowska.pl\/#\/schema\/logo\/image\/\",\"url\":\"https:\/\/i0.wp.com\/ksiegarnia.republikaostrowska.pl\/wp-content\/uploads\/2021\/07\/Wydawnictwo-Republika-Ostrowska-LOGO.png?fit=512%2C512&ssl=1\",\"contentUrl\":\"https:\/\/i0.wp.com\/ksiegarnia.republikaostrowska.pl\/wp-content\/uploads\/2021\/07\/Wydawnictwo-Republika-Ostrowska-LOGO.png?fit=512%2C512&ssl=1\",\"width\":512,\"height\":512,\"caption\":\"Wydawnictwo Republika Ostrowska\"},\"image\":{\"@id\":\"https:\/\/ksiegarnia.republikaostrowska.pl\/#\/schema\/logo\/image\/\"}}]}<\/script>\n<!-- \/ Yoast SEO plugin. -->","yoast_head_json":{"title":"Ksi\u0119garnia Wydawnictwa Republika Ostrowska","robots":{"index":"index","follow":"follow","max-snippet":"max-snippet:-1","max-image-preview":"max-image-preview:large","max-video-preview":"max-video-preview:-1"},"canonical":"https:\/\/ksiegarnia.republikaostrowska.pl\/index.php\/produkt\/noc-chopina-jubileuszowa-antologia-pokonkursowa-v-ogolnopolskiego-poetyckiego-konkursu-chopinowskiego-hymn-zachwytu-2020\/","og_locale":"pl_PL","og_type":"article","og_title":"Ksi\u0119garnia Wydawnictwa Republika Ostrowska","og_description":"Jubileusze to dobry moment na podsumowania. W\u00a0czasie pi\u0119ciu edycji na konkurs nap\u0142yn\u0119\u0142o \u0142\u0105cznie 916 utwor\u00f3w. Zwa\u017cywszy na jego tematyczne ograniczenie, liczba ta jest imponuj\u0105ca, a\u00a0w\u00a0tym roku zapewne w\u00a0zwi\u0105zku z\u00a0mo\u017cliwo\u015bci\u0105 zg\u0142oszenia przez jednego autora a\u017c trzech wierszy\u00a0\u2013 ogromna: 460 utwor\u00f3w. Konkursowe ograniczenie\u00a0\u2013 jak pisa\u0142am w\u00a0antologii podsumowuj\u0105cej pierwsz\u0105 edycj\u0119\u00a0\u2013 nie jest jedynie tematyczne, bowiem konkurs poetycki w\u00a0centrum [&hellip;]","og_url":"https:\/\/ksiegarnia.republikaostrowska.pl\/index.php\/produkt\/noc-chopina-jubileuszowa-antologia-pokonkursowa-v-ogolnopolskiego-poetyckiego-konkursu-chopinowskiego-hymn-zachwytu-2020\/","og_site_name":"Ksi\u0119garnia Wydawnictwa Republika Ostrowska","article_modified_time":"2021-07-03T14:09:43+00:00","og_image":[{"width":1000,"height":1419,"url":"https:\/\/i0.wp.com\/ksiegarnia.republikaostrowska.pl\/wp-content\/uploads\/2021\/07\/Noc-Chopina-OKLADKA-store.jpg?fit=1000%2C1419&ssl=1","type":"image\/jpeg"}],"twitter_card":"summary_large_image","twitter_misc":{"Szacowany czas czytania":"1 minuta"},"schema":{"@context":"https:\/\/schema.org","@graph":[{"@type":"WebPage","@id":"https:\/\/ksiegarnia.republikaostrowska.pl\/index.php\/produkt\/noc-chopina-jubileuszowa-antologia-pokonkursowa-v-ogolnopolskiego-poetyckiego-konkursu-chopinowskiego-hymn-zachwytu-2020\/","url":"https:\/\/ksiegarnia.republikaostrowska.pl\/index.php\/produkt\/noc-chopina-jubileuszowa-antologia-pokonkursowa-v-ogolnopolskiego-poetyckiego-konkursu-chopinowskiego-hymn-zachwytu-2020\/","name":"Ksi\u0119garnia Wydawnictwa Republika Ostrowska","isPartOf":{"@id":"https:\/\/ksiegarnia.republikaostrowska.pl\/#website"},"primaryImageOfPage":{"@id":"https:\/\/ksiegarnia.republikaostrowska.pl\/index.php\/produkt\/noc-chopina-jubileuszowa-antologia-pokonkursowa-v-ogolnopolskiego-poetyckiego-konkursu-chopinowskiego-hymn-zachwytu-2020\/#primaryimage"},"image":{"@id":"https:\/\/ksiegarnia.republikaostrowska.pl\/index.php\/produkt\/noc-chopina-jubileuszowa-antologia-pokonkursowa-v-ogolnopolskiego-poetyckiego-konkursu-chopinowskiego-hymn-zachwytu-2020\/#primaryimage"},"thumbnailUrl":"https:\/\/i0.wp.com\/ksiegarnia.republikaostrowska.pl\/wp-content\/uploads\/2021\/07\/Noc-Chopina-OKLADKA-store.jpg?fit=1000%2C1419&ssl=1","datePublished":"2021-07-01T10:44:40+00:00","dateModified":"2021-07-03T14:09:43+00:00","breadcrumb":{"@id":"https:\/\/ksiegarnia.republikaostrowska.pl\/index.php\/produkt\/noc-chopina-jubileuszowa-antologia-pokonkursowa-v-ogolnopolskiego-poetyckiego-konkursu-chopinowskiego-hymn-zachwytu-2020\/#breadcrumb"},"inLanguage":"pl-PL","potentialAction":[{"@type":"ReadAction","target":["https:\/\/ksiegarnia.republikaostrowska.pl\/index.php\/produkt\/noc-chopina-jubileuszowa-antologia-pokonkursowa-v-ogolnopolskiego-poetyckiego-konkursu-chopinowskiego-hymn-zachwytu-2020\/"]}]},{"@type":"ImageObject","inLanguage":"pl-PL","@id":"https:\/\/ksiegarnia.republikaostrowska.pl\/index.php\/produkt\/noc-chopina-jubileuszowa-antologia-pokonkursowa-v-ogolnopolskiego-poetyckiego-konkursu-chopinowskiego-hymn-zachwytu-2020\/#primaryimage","url":"https:\/\/i0.wp.com\/ksiegarnia.republikaostrowska.pl\/wp-content\/uploads\/2021\/07\/Noc-Chopina-OKLADKA-store.jpg?fit=1000%2C1419&ssl=1","contentUrl":"https:\/\/i0.wp.com\/ksiegarnia.republikaostrowska.pl\/wp-content\/uploads\/2021\/07\/Noc-Chopina-OKLADKA-store.jpg?fit=1000%2C1419&ssl=1","width":1000,"height":1419},{"@type":"BreadcrumbList","@id":"https:\/\/ksiegarnia.republikaostrowska.pl\/index.php\/produkt\/noc-chopina-jubileuszowa-antologia-pokonkursowa-v-ogolnopolskiego-poetyckiego-konkursu-chopinowskiego-hymn-zachwytu-2020\/#breadcrumb","itemListElement":[{"@type":"ListItem","position":1,"name":"Strona g\u0142\u00f3wna","item":"https:\/\/ksiegarnia.republikaostrowska.pl\/"},{"@type":"ListItem","position":2,"name":"Sklep","item":"https:\/\/ksiegarnia.republikaostrowska.pl\/"},{"@type":"ListItem","position":3,"name":"Noc Chopina. Jubileuszowa antologia pokonkursowa V Og\u00f3lnopolskiego Poetyckiego Konkursu Chopinowskiego ,\u201eHymn zachwytu\u201d 2020"}]},{"@type":"WebSite","@id":"https:\/\/ksiegarnia.republikaostrowska.pl\/#website","url":"https:\/\/ksiegarnia.republikaostrowska.pl\/","name":"Ksi\u0119garnia Wydawnictwa Republika Ostrowska","description":"Sprzeda\u017c ksi\u0105\u017cek Wydawnictwa Republika Ostrowska","publisher":{"@id":"https:\/\/ksiegarnia.republikaostrowska.pl\/#organization"},"potentialAction":[{"@type":"SearchAction","target":{"@type":"EntryPoint","urlTemplate":"https:\/\/ksiegarnia.republikaostrowska.pl\/?s={search_term_string}"},"query-input":{"@type":"PropertyValueSpecification","valueRequired":true,"valueName":"search_term_string"}}],"inLanguage":"pl-PL"},{"@type":"Organization","@id":"https:\/\/ksiegarnia.republikaostrowska.pl\/#organization","name":"Wydawnictwo Republika Ostrowska","url":"https:\/\/ksiegarnia.republikaostrowska.pl\/","logo":{"@type":"ImageObject","inLanguage":"pl-PL","@id":"https:\/\/ksiegarnia.republikaostrowska.pl\/#\/schema\/logo\/image\/","url":"https:\/\/i0.wp.com\/ksiegarnia.republikaostrowska.pl\/wp-content\/uploads\/2021\/07\/Wydawnictwo-Republika-Ostrowska-LOGO.png?fit=512%2C512&ssl=1","contentUrl":"https:\/\/i0.wp.com\/ksiegarnia.republikaostrowska.pl\/wp-content\/uploads\/2021\/07\/Wydawnictwo-Republika-Ostrowska-LOGO.png?fit=512%2C512&ssl=1","width":512,"height":512,"caption":"Wydawnictwo Republika Ostrowska"},"image":{"@id":"https:\/\/ksiegarnia.republikaostrowska.pl\/#\/schema\/logo\/image\/"}}]}},"jetpack-related-posts":[{"id":98,"url":"https:\/\/ksiegarnia.republikaostrowska.pl\/index.php\/produkt\/hymn-zachwytu-antologia-pokonkursowa-2019\/","url_meta":{"origin":146,"position":0},"title":"Hymn zachwytu. Antologia pokonkursowa 2019","author":"Tomasz Mieloch","date":"30 czerwca 2021","format":false,"excerpt":"Tradycj\u0105 Mi\u0119dzynarodowego Festiwalu \u201eChopin w barwach jesieni\u201d w Antoninie jest poszukiwanie kontrapunkt\u00f3w dla tw\u00f3rczo\u015bci Fryderyka Chopina. R\u00f3\u017cne s\u0105 p\u0142aszczyzny tych eksploracji: uczestnicy koncert\u00f3w przemieszczaj\u0105 si\u0119 w czasie (szukaj\u0105c muzycznych \u017ar\u00f3de\u0142 w przesz\u0142o\u015bci, ale tak\u017ce pok\u0142osia licznych kontynuator\u00f3w Chopina), przestrzeni (pod\u0105\u017caj\u0105 za interpretacjami utwor\u00f3w Chopina zaprezentowanymi przez przedstawicieli r\u00f3\u017cnych narod\u00f3w), prze\u0142\u0105czaj\u0105\u2026","rel":"","context":"Podobny wpis","block_context":{"text":"Podobny wpis","link":""},"img":{"alt_text":"","src":"https:\/\/i0.wp.com\/ksiegarnia.republikaostrowska.pl\/wp-content\/uploads\/2021\/06\/Hymn-zachwytu-2019.jpg?fit=248%2C350&ssl=1&resize=350%2C200","width":350,"height":200},"classes":[]},{"id":102,"url":"https:\/\/ksiegarnia.republikaostrowska.pl\/index.php\/produkt\/szymon-babuchowski-zanim-przyjdziesz-wiersze-metafizyczne-i-religijne\/","url_meta":{"origin":146,"position":1},"title":"Szymon Babuchowski, Zanim przyjdziesz. Wiersze metafizyczne i religijne","author":"Tomasz Mieloch","date":"30 czerwca 2021","format":false,"excerpt":"\u201eZanim przyjdziesz\u201d Szymona Babuchowskiego to drugi tom serii wydawniczej \u201eBiblioteka \u015bwi\u0119tego Grzegorza z Nazjanzu. Polska wsp\u00f3\u0142czesna poezja religijna\u201d. \u201eDruga Rzeczpospolita mia\u0142a Jerzego Lieberta. W naszej kulturze podobn\u0105 rol\u0119 pe\u0142ni Szymon Babuchowski. Gdybym mia\u0142 poda\u0107 jedno s\u0142owo, kt\u00f3re mi si\u0119 z nim kojarzy, brzmia\u0142oby ono: wierno\u015b\u0107. U\u015bwi\u0119caj\u0105c czas marny, w kt\u00f3rym\u2026","rel":"","context":"Podobny wpis","block_context":{"text":"Podobny wpis","link":""},"img":{"alt_text":"","src":"https:\/\/i0.wp.com\/ksiegarnia.republikaostrowska.pl\/wp-content\/uploads\/2021\/06\/Zanim-przyjdziesz.jpg?fit=247%2C350&ssl=1&resize=350%2C200","width":350,"height":200},"classes":[]},{"id":100,"url":"https:\/\/ksiegarnia.republikaostrowska.pl\/index.php\/produkt\/marek-czuku-nietrwala-kompozycja-wiersze-metafizyczne-i-religijne\/","url_meta":{"origin":146,"position":2},"title":"Marek Czuku, Nietrwa\u0142a kompozycja. Wiersze metafizyczne i religijne","author":"Tomasz Mieloch","date":"30 czerwca 2021","format":false,"excerpt":"\u201eNietrwa\u0142a kompozycja\u201d Marka Czuku otwiera seri\u0119 wydawnicz\u0105 \u201eBiblioteka \u015bwi\u0119tego Grzegorza z Nazjanzu. Polska wsp\u00f3\u0142czesna poezja religijna\u201d. \u201eU poety z cenzusem fizyka, ale i polonisty, najbardziej podobaj\u0105 mi si\u0119 przewrotne wiersze metafizyczne z zastosowaniem paradoks\u00f3w i kalambur\u00f3w j\u0119zykowych. Poeta prowadzi niekiedy wyrafinowan\u0105 gr\u0119 z j\u0119zykiem na planie rozwa\u017ca\u0144 filozoficznych o czasie,\u2026","rel":"","context":"Podobny wpis","block_context":{"text":"Podobny wpis","link":""},"img":{"alt_text":"","src":"https:\/\/i0.wp.com\/ksiegarnia.republikaostrowska.pl\/wp-content\/uploads\/2021\/06\/Nietrwala-kompozycja.jpg?fit=247%2C350&ssl=1&resize=350%2C200","width":350,"height":200},"classes":[]},{"id":85,"url":"https:\/\/ksiegarnia.republikaostrowska.pl\/index.php\/produkt\/hymn-zachwytu-antologia-pokonkursowa-2016\/","url_meta":{"origin":146,"position":3},"title":"Hymn zachwytu. Antologia pokonkursowa 2016","author":"Tomasz Mieloch","date":"22 czerwca 2021","format":false,"excerpt":"Czego \u015bwiadectwem s\u0105 zgromadzone w antologii utwory? Stanowi\u0105 dow\u00f3d znamiennej, dawno przez Micha\u0142a G\u0142owi\u0144skiego opisanej tendencji: \u201eLiteracko\u015b\u0107 muzyki przejawia si\u0119 w \u2013 bezpo\u015brednich b\u0105d\u017a po\u015brednich \u2013 d\u0105\u017ceniach do wyj\u015bcia z tworzywa i przezwyci\u0119\u017cania jego naturalnych ogranicze\u0144. Muzyczno\u015b\u0107 literatury ujawnia si\u0119 w d\u0105\u017ceniu do wej\u015bcia w tworzywo, a dok\u0142adnie \u2013 w\u2026","rel":"","context":"Podobny wpis","block_context":{"text":"Podobny wpis","link":""},"img":{"alt_text":"","src":"https:\/\/i0.wp.com\/ksiegarnia.republikaostrowska.pl\/wp-content\/uploads\/2021\/06\/Hymn-zachwytu-2016.jpg?fit=247%2C350&ssl=1&resize=350%2C200","width":350,"height":200},"classes":[]},{"id":94,"url":"https:\/\/ksiegarnia.republikaostrowska.pl\/index.php\/produkt\/hymn-zachwytu-antologia-pokonkursowa-2017\/","url_meta":{"origin":146,"position":4},"title":"Hymn zachwytu. Antologia pokonkursowa 2017","author":"Tomasz Mieloch","date":"30 czerwca 2021","format":false,"excerpt":"Nie mo\u017cna lepiej wyrazi\u0107 idei artystycznej konkursu \u201eHymn zachwytu\u201d: muzyka Fryderyka Chopina ma sta\u0107 si\u0119 wieloznacz\u0105cym symbolem dla tych, kt\u00f3rzy w niestrudzonej pracy podejm\u0105 wyzwanie poszukiwania nowego wyrazu. Zamieszczone w antologii 43 prace poetyckie s\u0105 \u015bwiadectwem podj\u0119cia tego wysi\u0142ku. A poniewa\u017c punkt wyj\u015bcia z za\u0142o\u017cenia jest wieloznaczny, jako czytelnicy mo\u017cemy\u2026","rel":"","context":"Podobny wpis","block_context":{"text":"Podobny wpis","link":""},"img":{"alt_text":"","src":"https:\/\/i0.wp.com\/ksiegarnia.republikaostrowska.pl\/wp-content\/uploads\/2021\/06\/Hymn-zachwytu-2017.jpg?fit=247%2C350&ssl=1&resize=350%2C200","width":350,"height":200},"classes":[]},{"id":96,"url":"https:\/\/ksiegarnia.republikaostrowska.pl\/index.php\/produkt\/hymn-zachwytu-antologia-pokonkursowa-2018\/","url_meta":{"origin":146,"position":5},"title":"Hymn zachwytu. Antologia pokonkursowa 2018","author":"Tomasz Mieloch","date":"30 czerwca 2021","format":false,"excerpt":"\u201eOni byli poetami. Ich kr\u0119powa\u0142a jasno\u015b\u0107 poj\u0119\u0107, \u015bcis\u0142o\u015b\u0107 s\u0142owa, bo nawet nasza mowa, tak dziwnie pi\u0119kna i bogata, wypowiedzie\u0107 wszystkiego nie jest w stanie\u201d \u2013 m\u00f3wi\u0142 Paderewski. Samo podj\u0119cie si\u0119 napisania \u201ewiersza chopinowskiego\u201d i to jeszcze w blasku Norwidowskiego flesza jest \u015bwiadectwem gotowo\u015bci prze\u0142amania barier. A je\u015bli te pr\u00f3by podejmowane\u2026","rel":"","context":"Podobny wpis","block_context":{"text":"Podobny wpis","link":""},"img":{"alt_text":"","src":"https:\/\/i0.wp.com\/ksiegarnia.republikaostrowska.pl\/wp-content\/uploads\/2021\/06\/Hymn-zachwytu-2018.jpg?fit=248%2C350&ssl=1&resize=350%2C200","width":350,"height":200},"classes":[]}],"jetpack_sharing_enabled":true,"_links":{"self":[{"href":"https:\/\/ksiegarnia.republikaostrowska.pl\/index.php\/wp-json\/wp\/v2\/product\/146","targetHints":{"allow":["GET"]}}],"collection":[{"href":"https:\/\/ksiegarnia.republikaostrowska.pl\/index.php\/wp-json\/wp\/v2\/product"}],"about":[{"href":"https:\/\/ksiegarnia.republikaostrowska.pl\/index.php\/wp-json\/wp\/v2\/types\/product"}],"replies":[{"embeddable":true,"href":"https:\/\/ksiegarnia.republikaostrowska.pl\/index.php\/wp-json\/wp\/v2\/comments?post=146"}],"wp:featuredmedia":[{"embeddable":true,"href":"https:\/\/ksiegarnia.republikaostrowska.pl\/index.php\/wp-json\/wp\/v2\/media\/147"}],"wp:attachment":[{"href":"https:\/\/ksiegarnia.republikaostrowska.pl\/index.php\/wp-json\/wp\/v2\/media?parent=146"}],"wp:term":[{"taxonomy":"product_brand","embeddable":true,"href":"https:\/\/ksiegarnia.republikaostrowska.pl\/index.php\/wp-json\/wp\/v2\/product_brand?post=146"},{"taxonomy":"product_cat","embeddable":true,"href":"https:\/\/ksiegarnia.republikaostrowska.pl\/index.php\/wp-json\/wp\/v2\/product_cat?post=146"},{"taxonomy":"product_tag","embeddable":true,"href":"https:\/\/ksiegarnia.republikaostrowska.pl\/index.php\/wp-json\/wp\/v2\/product_tag?post=146"}],"curies":[{"name":"wp","href":"https:\/\/api.w.org\/{rel}","templated":true}]}}