{"id":142,"date":"2021-07-01T12:29:02","date_gmt":"2021-07-01T10:29:02","guid":{"rendered":"https:\/\/ksiegarnia.republikaostrowska.pl\/?post_type=product&#038;p=142"},"modified":"2021-07-03T12:33:00","modified_gmt":"2021-07-03T10:33:00","slug":"ostrowskie-misteria-meki-panskiej-2014-2020","status":"publish","type":"product","link":"https:\/\/ksiegarnia.republikaostrowska.pl\/index.php\/produkt\/ostrowskie-misteria-meki-panskiej-2014-2020\/","title":{"rendered":"Ostrowskie Misteria M\u0119ki Pa\u0144skiej 2014-2020"},"content":{"rendered":"<p>Misterium M\u0119ki Pa\u0144skiej wystawiane cyklicznie od 2014 roku w\u00a0Ostrowie Wielkopolskim uderza rozmachem i\u00a0dba\u0142o\u015bci\u0105 o\u00a0szczeg\u00f3\u0142. Prace nad spektaklem rozpoczynaj\u0105 si\u0119 tu\u017c po \u015awi\u0119tach Bo\u017cego Narodzenia. Zar\u00f3wno aktorzy, obs\u0142uga techniczna, jak i\u00a0widzowie podkre\u015blaj\u0105, \u017ce udzia\u0142 w\u00a0wydarzeniu stanowi rodzaj rekolekcji przed \u015awi\u0119tami Wielkiej Nocy. Przez siedem lat misterium zgromadzi\u0142o setki zaanga\u017cowanych os\u00f3b, kt\u00f3re tworz\u0105 swoist\u0105 spo\u0142eczno\u015b\u0107. Ostrowskie misterium na sta\u0142e wpisa\u0142o si\u0119 w\u00a0kalendarz wydarze\u0144 religijnych i\u00a0kulturalnych miasta oraz regionu.<\/p>\n<p>Gospodarzem misterium jest parafia konkatedralna pod wezwaniem \u015bwi\u0119tego Stanis\u0142awa Biskupa i\u00a0M\u0119czennika w\u00a0Ostrowie Wielkopolskim, a\u00a0tw\u00f3rcami \u2013 osoby \u015bwieckie i\u00a0duchowne z\u00a0miasta i\u00a0jego okolic: doro\u015bli, m\u0142odzie\u017c oraz\u00a0dzieci.<\/p>\n<p>Album prezentuje zatrzymany w\u00a0kadrze i\u00a0\u015bwiadectwach uczestnik\u00f3w dorobek tego najwi\u0119kszego w\u00a0po\u0142udniowej Wielkopolsce widowiska plenerowego, odkrywaj\u0105c r\u00f3wnie\u017c jego korzenie.<br \/>\nW\u00a0ksi\u0105\u017cce znajdziemy dziesi\u0105tki fotografii, czterdzie\u015bci siedem refleksji tw\u00f3rc\u00f3w oraz widz\u00f3w Ostrowskich Misteri\u00f3w M\u0119ki Pa\u0144skiej, a\u00a0tak\u017ce rozmowy z\u00a0re\u017cyserami i\u00a0organizatorami.<\/p>\n","protected":false},"excerpt":{"rendered":"<p>Misterium M\u0119ki Pa\u0144skiej wystawiane cyklicznie od 2014 roku w\u00a0Ostrowie Wielkopolskim uderza rozmachem i\u00a0dba\u0142o\u015bci\u0105 o\u00a0szczeg\u00f3\u0142. Prace nad spektaklem rozpoczynaj\u0105 si\u0119 tu\u017c po \u015awi\u0119tach Bo\u017cego Narodzenia. Zar\u00f3wno aktorzy, obs\u0142uga techniczna, jak i\u00a0widzowie podkre\u015blaj\u0105, \u017ce udzia\u0142 w\u00a0wydarzeniu stanowi rodzaj rekolekcji przed \u015awi\u0119tami Wielkiej Nocy. Przez siedem lat misterium zgromadzi\u0142o setki zaanga\u017cowanych os\u00f3b, kt\u00f3re tworz\u0105 swoist\u0105 spo\u0142eczno\u015b\u0107. Ostrowskie misterium [&hellip;]<\/p>\n","protected":false},"featured_media":143,"comment_status":"open","ping_status":"closed","template":"","meta":[],"product_brand":[],"product_cat":[37,75],"product_tag":[],"class_list":{"0":"post-142","1":"product","2":"type-product","3":"status-publish","4":"has-post-thumbnail","6":"product_cat-historia","7":"product_cat-wiara","9":"first","10":"instock","11":"featured","12":"taxable","13":"shipping-taxable","14":"purchasable","15":"product-type-simple"},"yoast_head":"<!-- This site is optimized with the Yoast SEO plugin v26.9 - https:\/\/yoast.com\/product\/yoast-seo-wordpress\/ -->\n<title>Ksi\u0119garnia Wydawnictwa Republika Ostrowska<\/title>\n<meta name=\"robots\" content=\"index, follow, max-snippet:-1, max-image-preview:large, max-video-preview:-1\" \/>\n<link rel=\"canonical\" href=\"https:\/\/ksiegarnia.republikaostrowska.pl\/index.php\/produkt\/ostrowskie-misteria-meki-panskiej-2014-2020\/\" \/>\n<meta property=\"og:locale\" content=\"pl_PL\" \/>\n<meta property=\"og:type\" content=\"article\" \/>\n<meta property=\"og:title\" content=\"Ksi\u0119garnia Wydawnictwa Republika Ostrowska\" \/>\n<meta property=\"og:description\" content=\"Misterium M\u0119ki Pa\u0144skiej wystawiane cyklicznie od 2014 roku w\u00a0Ostrowie Wielkopolskim uderza rozmachem i\u00a0dba\u0142o\u015bci\u0105 o\u00a0szczeg\u00f3\u0142. Prace nad spektaklem rozpoczynaj\u0105 si\u0119 tu\u017c po \u015awi\u0119tach Bo\u017cego Narodzenia. Zar\u00f3wno aktorzy, obs\u0142uga techniczna, jak i\u00a0widzowie podkre\u015blaj\u0105, \u017ce udzia\u0142 w\u00a0wydarzeniu stanowi rodzaj rekolekcji przed \u015awi\u0119tami Wielkiej Nocy. Przez siedem lat misterium zgromadzi\u0142o setki zaanga\u017cowanych os\u00f3b, kt\u00f3re tworz\u0105 swoist\u0105 spo\u0142eczno\u015b\u0107. Ostrowskie misterium [&hellip;]\" \/>\n<meta property=\"og:url\" content=\"https:\/\/ksiegarnia.republikaostrowska.pl\/index.php\/produkt\/ostrowskie-misteria-meki-panskiej-2014-2020\/\" \/>\n<meta property=\"og:site_name\" content=\"Ksi\u0119garnia Wydawnictwa Republika Ostrowska\" \/>\n<meta property=\"article:modified_time\" content=\"2021-07-03T10:33:00+00:00\" \/>\n<meta property=\"og:image\" content=\"https:\/\/i0.wp.com\/ksiegarnia.republikaostrowska.pl\/wp-content\/uploads\/2021\/07\/Ostrowskie-Misteria.jpg?fit=1000%2C1398&ssl=1\" \/>\n\t<meta property=\"og:image:width\" content=\"1000\" \/>\n\t<meta property=\"og:image:height\" content=\"1398\" \/>\n\t<meta property=\"og:image:type\" content=\"image\/jpeg\" \/>\n<meta name=\"twitter:card\" content=\"summary_large_image\" \/>\n<meta name=\"twitter:label1\" content=\"Szacowany czas czytania\" \/>\n\t<meta name=\"twitter:data1\" content=\"1 minuta\" \/>\n<script type=\"application\/ld+json\" class=\"yoast-schema-graph\">{\"@context\":\"https:\/\/schema.org\",\"@graph\":[{\"@type\":\"WebPage\",\"@id\":\"https:\/\/ksiegarnia.republikaostrowska.pl\/index.php\/produkt\/ostrowskie-misteria-meki-panskiej-2014-2020\/\",\"url\":\"https:\/\/ksiegarnia.republikaostrowska.pl\/index.php\/produkt\/ostrowskie-misteria-meki-panskiej-2014-2020\/\",\"name\":\"Ksi\u0119garnia Wydawnictwa Republika Ostrowska\",\"isPartOf\":{\"@id\":\"https:\/\/ksiegarnia.republikaostrowska.pl\/#website\"},\"primaryImageOfPage\":{\"@id\":\"https:\/\/ksiegarnia.republikaostrowska.pl\/index.php\/produkt\/ostrowskie-misteria-meki-panskiej-2014-2020\/#primaryimage\"},\"image\":{\"@id\":\"https:\/\/ksiegarnia.republikaostrowska.pl\/index.php\/produkt\/ostrowskie-misteria-meki-panskiej-2014-2020\/#primaryimage\"},\"thumbnailUrl\":\"https:\/\/i0.wp.com\/ksiegarnia.republikaostrowska.pl\/wp-content\/uploads\/2021\/07\/Ostrowskie-Misteria.jpg?fit=1000%2C1398&ssl=1\",\"datePublished\":\"2021-07-01T10:29:02+00:00\",\"dateModified\":\"2021-07-03T10:33:00+00:00\",\"breadcrumb\":{\"@id\":\"https:\/\/ksiegarnia.republikaostrowska.pl\/index.php\/produkt\/ostrowskie-misteria-meki-panskiej-2014-2020\/#breadcrumb\"},\"inLanguage\":\"pl-PL\",\"potentialAction\":[{\"@type\":\"ReadAction\",\"target\":[\"https:\/\/ksiegarnia.republikaostrowska.pl\/index.php\/produkt\/ostrowskie-misteria-meki-panskiej-2014-2020\/\"]}]},{\"@type\":\"ImageObject\",\"inLanguage\":\"pl-PL\",\"@id\":\"https:\/\/ksiegarnia.republikaostrowska.pl\/index.php\/produkt\/ostrowskie-misteria-meki-panskiej-2014-2020\/#primaryimage\",\"url\":\"https:\/\/i0.wp.com\/ksiegarnia.republikaostrowska.pl\/wp-content\/uploads\/2021\/07\/Ostrowskie-Misteria.jpg?fit=1000%2C1398&ssl=1\",\"contentUrl\":\"https:\/\/i0.wp.com\/ksiegarnia.republikaostrowska.pl\/wp-content\/uploads\/2021\/07\/Ostrowskie-Misteria.jpg?fit=1000%2C1398&ssl=1\",\"width\":1000,\"height\":1398},{\"@type\":\"BreadcrumbList\",\"@id\":\"https:\/\/ksiegarnia.republikaostrowska.pl\/index.php\/produkt\/ostrowskie-misteria-meki-panskiej-2014-2020\/#breadcrumb\",\"itemListElement\":[{\"@type\":\"ListItem\",\"position\":1,\"name\":\"Strona g\u0142\u00f3wna\",\"item\":\"https:\/\/ksiegarnia.republikaostrowska.pl\/\"},{\"@type\":\"ListItem\",\"position\":2,\"name\":\"Sklep\",\"item\":\"https:\/\/ksiegarnia.republikaostrowska.pl\/\"},{\"@type\":\"ListItem\",\"position\":3,\"name\":\"Ostrowskie Misteria M\u0119ki Pa\u0144skiej 2014-2020\"}]},{\"@type\":\"WebSite\",\"@id\":\"https:\/\/ksiegarnia.republikaostrowska.pl\/#website\",\"url\":\"https:\/\/ksiegarnia.republikaostrowska.pl\/\",\"name\":\"Ksi\u0119garnia Wydawnictwa Republika Ostrowska\",\"description\":\"Sprzeda\u017c ksi\u0105\u017cek Wydawnictwa Republika Ostrowska\",\"publisher\":{\"@id\":\"https:\/\/ksiegarnia.republikaostrowska.pl\/#organization\"},\"potentialAction\":[{\"@type\":\"SearchAction\",\"target\":{\"@type\":\"EntryPoint\",\"urlTemplate\":\"https:\/\/ksiegarnia.republikaostrowska.pl\/?s={search_term_string}\"},\"query-input\":{\"@type\":\"PropertyValueSpecification\",\"valueRequired\":true,\"valueName\":\"search_term_string\"}}],\"inLanguage\":\"pl-PL\"},{\"@type\":\"Organization\",\"@id\":\"https:\/\/ksiegarnia.republikaostrowska.pl\/#organization\",\"name\":\"Wydawnictwo Republika Ostrowska\",\"url\":\"https:\/\/ksiegarnia.republikaostrowska.pl\/\",\"logo\":{\"@type\":\"ImageObject\",\"inLanguage\":\"pl-PL\",\"@id\":\"https:\/\/ksiegarnia.republikaostrowska.pl\/#\/schema\/logo\/image\/\",\"url\":\"https:\/\/i0.wp.com\/ksiegarnia.republikaostrowska.pl\/wp-content\/uploads\/2021\/07\/Wydawnictwo-Republika-Ostrowska-LOGO.png?fit=512%2C512&ssl=1\",\"contentUrl\":\"https:\/\/i0.wp.com\/ksiegarnia.republikaostrowska.pl\/wp-content\/uploads\/2021\/07\/Wydawnictwo-Republika-Ostrowska-LOGO.png?fit=512%2C512&ssl=1\",\"width\":512,\"height\":512,\"caption\":\"Wydawnictwo Republika Ostrowska\"},\"image\":{\"@id\":\"https:\/\/ksiegarnia.republikaostrowska.pl\/#\/schema\/logo\/image\/\"}}]}<\/script>\n<!-- \/ Yoast SEO plugin. -->","yoast_head_json":{"title":"Ksi\u0119garnia Wydawnictwa Republika Ostrowska","robots":{"index":"index","follow":"follow","max-snippet":"max-snippet:-1","max-image-preview":"max-image-preview:large","max-video-preview":"max-video-preview:-1"},"canonical":"https:\/\/ksiegarnia.republikaostrowska.pl\/index.php\/produkt\/ostrowskie-misteria-meki-panskiej-2014-2020\/","og_locale":"pl_PL","og_type":"article","og_title":"Ksi\u0119garnia Wydawnictwa Republika Ostrowska","og_description":"Misterium M\u0119ki Pa\u0144skiej wystawiane cyklicznie od 2014 roku w\u00a0Ostrowie Wielkopolskim uderza rozmachem i\u00a0dba\u0142o\u015bci\u0105 o\u00a0szczeg\u00f3\u0142. Prace nad spektaklem rozpoczynaj\u0105 si\u0119 tu\u017c po \u015awi\u0119tach Bo\u017cego Narodzenia. Zar\u00f3wno aktorzy, obs\u0142uga techniczna, jak i\u00a0widzowie podkre\u015blaj\u0105, \u017ce udzia\u0142 w\u00a0wydarzeniu stanowi rodzaj rekolekcji przed \u015awi\u0119tami Wielkiej Nocy. Przez siedem lat misterium zgromadzi\u0142o setki zaanga\u017cowanych os\u00f3b, kt\u00f3re tworz\u0105 swoist\u0105 spo\u0142eczno\u015b\u0107. Ostrowskie misterium [&hellip;]","og_url":"https:\/\/ksiegarnia.republikaostrowska.pl\/index.php\/produkt\/ostrowskie-misteria-meki-panskiej-2014-2020\/","og_site_name":"Ksi\u0119garnia Wydawnictwa Republika Ostrowska","article_modified_time":"2021-07-03T10:33:00+00:00","og_image":[{"width":1000,"height":1398,"url":"https:\/\/i0.wp.com\/ksiegarnia.republikaostrowska.pl\/wp-content\/uploads\/2021\/07\/Ostrowskie-Misteria.jpg?fit=1000%2C1398&ssl=1","type":"image\/jpeg"}],"twitter_card":"summary_large_image","twitter_misc":{"Szacowany czas czytania":"1 minuta"},"schema":{"@context":"https:\/\/schema.org","@graph":[{"@type":"WebPage","@id":"https:\/\/ksiegarnia.republikaostrowska.pl\/index.php\/produkt\/ostrowskie-misteria-meki-panskiej-2014-2020\/","url":"https:\/\/ksiegarnia.republikaostrowska.pl\/index.php\/produkt\/ostrowskie-misteria-meki-panskiej-2014-2020\/","name":"Ksi\u0119garnia Wydawnictwa Republika Ostrowska","isPartOf":{"@id":"https:\/\/ksiegarnia.republikaostrowska.pl\/#website"},"primaryImageOfPage":{"@id":"https:\/\/ksiegarnia.republikaostrowska.pl\/index.php\/produkt\/ostrowskie-misteria-meki-panskiej-2014-2020\/#primaryimage"},"image":{"@id":"https:\/\/ksiegarnia.republikaostrowska.pl\/index.php\/produkt\/ostrowskie-misteria-meki-panskiej-2014-2020\/#primaryimage"},"thumbnailUrl":"https:\/\/i0.wp.com\/ksiegarnia.republikaostrowska.pl\/wp-content\/uploads\/2021\/07\/Ostrowskie-Misteria.jpg?fit=1000%2C1398&ssl=1","datePublished":"2021-07-01T10:29:02+00:00","dateModified":"2021-07-03T10:33:00+00:00","breadcrumb":{"@id":"https:\/\/ksiegarnia.republikaostrowska.pl\/index.php\/produkt\/ostrowskie-misteria-meki-panskiej-2014-2020\/#breadcrumb"},"inLanguage":"pl-PL","potentialAction":[{"@type":"ReadAction","target":["https:\/\/ksiegarnia.republikaostrowska.pl\/index.php\/produkt\/ostrowskie-misteria-meki-panskiej-2014-2020\/"]}]},{"@type":"ImageObject","inLanguage":"pl-PL","@id":"https:\/\/ksiegarnia.republikaostrowska.pl\/index.php\/produkt\/ostrowskie-misteria-meki-panskiej-2014-2020\/#primaryimage","url":"https:\/\/i0.wp.com\/ksiegarnia.republikaostrowska.pl\/wp-content\/uploads\/2021\/07\/Ostrowskie-Misteria.jpg?fit=1000%2C1398&ssl=1","contentUrl":"https:\/\/i0.wp.com\/ksiegarnia.republikaostrowska.pl\/wp-content\/uploads\/2021\/07\/Ostrowskie-Misteria.jpg?fit=1000%2C1398&ssl=1","width":1000,"height":1398},{"@type":"BreadcrumbList","@id":"https:\/\/ksiegarnia.republikaostrowska.pl\/index.php\/produkt\/ostrowskie-misteria-meki-panskiej-2014-2020\/#breadcrumb","itemListElement":[{"@type":"ListItem","position":1,"name":"Strona g\u0142\u00f3wna","item":"https:\/\/ksiegarnia.republikaostrowska.pl\/"},{"@type":"ListItem","position":2,"name":"Sklep","item":"https:\/\/ksiegarnia.republikaostrowska.pl\/"},{"@type":"ListItem","position":3,"name":"Ostrowskie Misteria M\u0119ki Pa\u0144skiej 2014-2020"}]},{"@type":"WebSite","@id":"https:\/\/ksiegarnia.republikaostrowska.pl\/#website","url":"https:\/\/ksiegarnia.republikaostrowska.pl\/","name":"Ksi\u0119garnia Wydawnictwa Republika Ostrowska","description":"Sprzeda\u017c ksi\u0105\u017cek Wydawnictwa Republika Ostrowska","publisher":{"@id":"https:\/\/ksiegarnia.republikaostrowska.pl\/#organization"},"potentialAction":[{"@type":"SearchAction","target":{"@type":"EntryPoint","urlTemplate":"https:\/\/ksiegarnia.republikaostrowska.pl\/?s={search_term_string}"},"query-input":{"@type":"PropertyValueSpecification","valueRequired":true,"valueName":"search_term_string"}}],"inLanguage":"pl-PL"},{"@type":"Organization","@id":"https:\/\/ksiegarnia.republikaostrowska.pl\/#organization","name":"Wydawnictwo Republika Ostrowska","url":"https:\/\/ksiegarnia.republikaostrowska.pl\/","logo":{"@type":"ImageObject","inLanguage":"pl-PL","@id":"https:\/\/ksiegarnia.republikaostrowska.pl\/#\/schema\/logo\/image\/","url":"https:\/\/i0.wp.com\/ksiegarnia.republikaostrowska.pl\/wp-content\/uploads\/2021\/07\/Wydawnictwo-Republika-Ostrowska-LOGO.png?fit=512%2C512&ssl=1","contentUrl":"https:\/\/i0.wp.com\/ksiegarnia.republikaostrowska.pl\/wp-content\/uploads\/2021\/07\/Wydawnictwo-Republika-Ostrowska-LOGO.png?fit=512%2C512&ssl=1","width":512,"height":512,"caption":"Wydawnictwo Republika Ostrowska"},"image":{"@id":"https:\/\/ksiegarnia.republikaostrowska.pl\/#\/schema\/logo\/image\/"}}]}},"jetpack-related-posts":[{"id":198,"url":"https:\/\/ksiegarnia.republikaostrowska.pl\/index.php\/produkt\/ebook-aneta-franc-wojna-nie-byla-kobieta-powiesc-o-powstaniu-wielkopolskim\/","url_meta":{"origin":142,"position":0},"title":"EBOOK Aneta Franc, Wojna nie by\u0142a kobiet\u0105. Powie\u015b\u0107 o Powstaniu Wielkopolskim","author":"Tomasz Mieloch","date":"7 lutego 2022","format":false,"excerpt":"Ksi\u0105\u017cka w formacie elektronicznym ePub i mobi. Pobierz fragment","rel":"","context":"Podobny wpis","block_context":{"text":"Podobny wpis","link":""},"img":{"alt_text":"Ok\u0142adka ebooka \u201eWojna nie by\u0142a kobiet\u0105\u201d","src":"https:\/\/i0.wp.com\/ksiegarnia.republikaostrowska.pl\/wp-content\/uploads\/2022\/02\/Wojna-cover-EBOOK.jpg?fit=750%2C1200&ssl=1&resize=350%2C200","width":350,"height":200,"srcset":"https:\/\/i0.wp.com\/ksiegarnia.republikaostrowska.pl\/wp-content\/uploads\/2022\/02\/Wojna-cover-EBOOK.jpg?fit=750%2C1200&ssl=1&resize=350%2C200 1x, https:\/\/i0.wp.com\/ksiegarnia.republikaostrowska.pl\/wp-content\/uploads\/2022\/02\/Wojna-cover-EBOOK.jpg?fit=750%2C1200&ssl=1&resize=525%2C300 1.5x, https:\/\/i0.wp.com\/ksiegarnia.republikaostrowska.pl\/wp-content\/uploads\/2022\/02\/Wojna-cover-EBOOK.jpg?fit=750%2C1200&ssl=1&resize=700%2C400 2x"},"classes":[]},{"id":80,"url":"https:\/\/ksiegarnia.republikaostrowska.pl\/index.php\/produkt\/apostol-wielkiej-dobroci-sluga-bozy-ksiadz-kazimierz-rolewski\/","url_meta":{"origin":142,"position":1},"title":"Aposto\u0142 wielkiej dobroci. S\u0142uga Bo\u017cy ksi\u0105dz Kazimierz Rolewski","author":"Tomasz Mieloch","date":"22 czerwca 2021","format":false,"excerpt":"Fascynacja osob\u0105 i dzia\u0142alno\u015bci\u0105 ksi\u0119dza Kazimierza Rolewskiego jest w pewniej mierze deklaracj\u0105. W czasach, kiedy \u017cycie rodzinne i spo\u0142eczne reguluje konkubinat, asertywno\u015b\u0107, tutoring i ewaluacja, mo\u017ce warto przypomnie\u0107 \u2013 i dobr\u0105 okazj\u0105 ku temu s\u0105 studia nad \u017cyciem S\u0142ugi Bo\u017cego \u2013 czym jest ma\u0142\u017ce\u0144stwo, po\u015bwi\u0119cenie, autorytet i rachunek sumienia. Pracy\u2026","rel":"","context":"Podobny wpis","block_context":{"text":"Podobny wpis","link":""},"img":{"alt_text":"","src":"https:\/\/i0.wp.com\/ksiegarnia.republikaostrowska.pl\/wp-content\/uploads\/2021\/06\/Apostol-wielkiej-dobroci.jpg?fit=233%2C350&ssl=1&resize=350%2C200","width":350,"height":200},"classes":[]},{"id":96,"url":"https:\/\/ksiegarnia.republikaostrowska.pl\/index.php\/produkt\/hymn-zachwytu-antologia-pokonkursowa-2018\/","url_meta":{"origin":142,"position":2},"title":"Hymn zachwytu. Antologia pokonkursowa 2018","author":"Tomasz Mieloch","date":"30 czerwca 2021","format":false,"excerpt":"\u201eOni byli poetami. Ich kr\u0119powa\u0142a jasno\u015b\u0107 poj\u0119\u0107, \u015bcis\u0142o\u015b\u0107 s\u0142owa, bo nawet nasza mowa, tak dziwnie pi\u0119kna i bogata, wypowiedzie\u0107 wszystkiego nie jest w stanie\u201d \u2013 m\u00f3wi\u0142 Paderewski. Samo podj\u0119cie si\u0119 napisania \u201ewiersza chopinowskiego\u201d i to jeszcze w blasku Norwidowskiego flesza jest \u015bwiadectwem gotowo\u015bci prze\u0142amania barier. A je\u015bli te pr\u00f3by podejmowane\u2026","rel":"","context":"Podobny wpis","block_context":{"text":"Podobny wpis","link":""},"img":{"alt_text":"","src":"https:\/\/i0.wp.com\/ksiegarnia.republikaostrowska.pl\/wp-content\/uploads\/2021\/06\/Hymn-zachwytu-2018.jpg?fit=248%2C350&ssl=1&resize=350%2C200","width":350,"height":200},"classes":[]},{"id":85,"url":"https:\/\/ksiegarnia.republikaostrowska.pl\/index.php\/produkt\/hymn-zachwytu-antologia-pokonkursowa-2016\/","url_meta":{"origin":142,"position":3},"title":"Hymn zachwytu. Antologia pokonkursowa 2016","author":"Tomasz Mieloch","date":"22 czerwca 2021","format":false,"excerpt":"Czego \u015bwiadectwem s\u0105 zgromadzone w antologii utwory? Stanowi\u0105 dow\u00f3d znamiennej, dawno przez Micha\u0142a G\u0142owi\u0144skiego opisanej tendencji: \u201eLiteracko\u015b\u0107 muzyki przejawia si\u0119 w \u2013 bezpo\u015brednich b\u0105d\u017a po\u015brednich \u2013 d\u0105\u017ceniach do wyj\u015bcia z tworzywa i przezwyci\u0119\u017cania jego naturalnych ogranicze\u0144. Muzyczno\u015b\u0107 literatury ujawnia si\u0119 w d\u0105\u017ceniu do wej\u015bcia w tworzywo, a dok\u0142adnie \u2013 w\u2026","rel":"","context":"Podobny wpis","block_context":{"text":"Podobny wpis","link":""},"img":{"alt_text":"","src":"https:\/\/i0.wp.com\/ksiegarnia.republikaostrowska.pl\/wp-content\/uploads\/2021\/06\/Hymn-zachwytu-2016.jpg?fit=247%2C350&ssl=1&resize=350%2C200","width":350,"height":200},"classes":[]},{"id":102,"url":"https:\/\/ksiegarnia.republikaostrowska.pl\/index.php\/produkt\/szymon-babuchowski-zanim-przyjdziesz-wiersze-metafizyczne-i-religijne\/","url_meta":{"origin":142,"position":4},"title":"Szymon Babuchowski, Zanim przyjdziesz. Wiersze metafizyczne i religijne","author":"Tomasz Mieloch","date":"30 czerwca 2021","format":false,"excerpt":"\u201eZanim przyjdziesz\u201d Szymona Babuchowskiego to drugi tom serii wydawniczej \u201eBiblioteka \u015bwi\u0119tego Grzegorza z Nazjanzu. Polska wsp\u00f3\u0142czesna poezja religijna\u201d. \u201eDruga Rzeczpospolita mia\u0142a Jerzego Lieberta. W naszej kulturze podobn\u0105 rol\u0119 pe\u0142ni Szymon Babuchowski. Gdybym mia\u0142 poda\u0107 jedno s\u0142owo, kt\u00f3re mi si\u0119 z nim kojarzy, brzmia\u0142oby ono: wierno\u015b\u0107. U\u015bwi\u0119caj\u0105c czas marny, w kt\u00f3rym\u2026","rel":"","context":"Podobny wpis","block_context":{"text":"Podobny wpis","link":""},"img":{"alt_text":"","src":"https:\/\/i0.wp.com\/ksiegarnia.republikaostrowska.pl\/wp-content\/uploads\/2021\/06\/Zanim-przyjdziesz.jpg?fit=247%2C350&ssl=1&resize=350%2C200","width":350,"height":200},"classes":[]},{"id":83,"url":"https:\/\/ksiegarnia.republikaostrowska.pl\/index.php\/produkt\/tomasz-niewodniczanski-marna-glowa-jednozakresowa\/","url_meta":{"origin":142,"position":5},"title":"Tomasz Niewodnicza\u0144ski, Marna g\u0142owa jednozakresowa","author":"Tomasz Mieloch","date":"22 czerwca 2021","format":false,"excerpt":"Tomasz Niewodnicza\u0144ski w barwny spos\u00f3b opowiada o swojej \u017cyciowej pasji \u2013 kr\u00f3tkofalarstwie. Z pe\u0142nej anegdot opowie\u015bci, kt\u00f3rej porz\u0105dku pilnuje prowadz\u0105ca rozmow\u0119 Ma\u0142gorzata Juda-Mieloch, mo\u017cna odtworzy\u0107 zar\u00f3wno niebanalny portret kr\u00f3tkofalarskiego mistrza, jak i histori\u0119 polskiego kr\u00f3tkofalarstwa. Czytelnik dowie si\u0119 r\u00f3wnie\u017c, jaki sprz\u0119t potrzebny jest, by zosta\u0107 kr\u00f3tkofalowcem, oraz jakie s\u0105 dziedziny\u2026","rel":"","context":"Podobny wpis","block_context":{"text":"Podobny wpis","link":""},"img":{"alt_text":"","src":"https:\/\/i0.wp.com\/ksiegarnia.republikaostrowska.pl\/wp-content\/uploads\/2021\/06\/Marna-glowa-jednozakresowa.jpg?fit=226%2C350&ssl=1&resize=350%2C200","width":350,"height":200},"classes":[]}],"jetpack_sharing_enabled":true,"_links":{"self":[{"href":"https:\/\/ksiegarnia.republikaostrowska.pl\/index.php\/wp-json\/wp\/v2\/product\/142","targetHints":{"allow":["GET"]}}],"collection":[{"href":"https:\/\/ksiegarnia.republikaostrowska.pl\/index.php\/wp-json\/wp\/v2\/product"}],"about":[{"href":"https:\/\/ksiegarnia.republikaostrowska.pl\/index.php\/wp-json\/wp\/v2\/types\/product"}],"replies":[{"embeddable":true,"href":"https:\/\/ksiegarnia.republikaostrowska.pl\/index.php\/wp-json\/wp\/v2\/comments?post=142"}],"wp:featuredmedia":[{"embeddable":true,"href":"https:\/\/ksiegarnia.republikaostrowska.pl\/index.php\/wp-json\/wp\/v2\/media\/143"}],"wp:attachment":[{"href":"https:\/\/ksiegarnia.republikaostrowska.pl\/index.php\/wp-json\/wp\/v2\/media?parent=142"}],"wp:term":[{"taxonomy":"product_brand","embeddable":true,"href":"https:\/\/ksiegarnia.republikaostrowska.pl\/index.php\/wp-json\/wp\/v2\/product_brand?post=142"},{"taxonomy":"product_cat","embeddable":true,"href":"https:\/\/ksiegarnia.republikaostrowska.pl\/index.php\/wp-json\/wp\/v2\/product_cat?post=142"},{"taxonomy":"product_tag","embeddable":true,"href":"https:\/\/ksiegarnia.republikaostrowska.pl\/index.php\/wp-json\/wp\/v2\/product_tag?post=142"}],"curies":[{"name":"wp","href":"https:\/\/api.w.org\/{rel}","templated":true}]}}