{"id":106,"date":"2021-06-30T12:45:38","date_gmt":"2021-06-30T10:45:38","guid":{"rendered":"https:\/\/ksiegarnia.republikaostrowska.pl\/?post_type=product&#038;p=106"},"modified":"2021-06-30T22:17:24","modified_gmt":"2021-06-30T20:17:24","slug":"krzysztof-kuczkowski-kladka-wiersze-duchowe","status":"publish","type":"product","link":"https:\/\/ksiegarnia.republikaostrowska.pl\/index.php\/produkt\/krzysztof-kuczkowski-kladka-wiersze-duchowe\/","title":{"rendered":"Krzysztof Kuczkowski, K\u0142adka. Wiersze duchowe"},"content":{"rendered":"<p>Wiersze pisze si\u0119 po to \u2013 twierdzi Krzysztof Kuczkowski \u2013 <em>\u017ceby wej\u015b\u0107 w komuni\u0119, nawi\u0105za\u0107 kontakt, rozmow\u0119, zainicjowa\u0107 wymian\u0119 my\u015bli i idei, a nie po to \u017ceby rzuci\u0107 na kolana, by\u0107 podziwianym, zyska\u0107 presti\u017c i zdoby\u0107 znaczenie<\/em>. To chyba dlatego prawdziwemu poecie tak trudno uwierzy\u0107, \u017ce naprawd\u0119 jest poet\u0105. Sam nawet Adam Mickiewicz \u2013 b\u0119d\u0105c ju\u017c autorem <em>Dziad\u00f3w<\/em> i <em>Pana Tadeusza<\/em> \u2013 wyznawa\u0142: <em>Cz\u0119sto zdaje mi si\u0119, \u017ce widz\u0119 ziemi\u0119 obiecan\u0105 poezji jak Moj\u017cesz z g\u00f3ry, ale czuj\u0119, \u017cem niegodzien zaj\u015b\u0107 do niej! Wiem przecie\u017c, gdzie le\u017cy, i wy m\u0142odsi patrzcie w tamt\u0105 stron\u0119\u2026<\/em>\u00a0M\u0142odszy o 150 lat Kuczkowski wie, o czym Mickiewicz m\u00f3wi\u0142!<br \/>\nJacek Salij OP<\/p>\n<p>Ju\u017c \u2013 o, pycho! \u2013 my\u015bla\u0142em, \u017ce troch\u0119 znam poezj\u0119 Kuczkowskiego. Jego <em>K\u0142adka<\/em> rzucona w inne przestrzenie: <em>z zamieci niebytu, z nico\u015bci<\/em> ku\u2026 Oto jeden z tych najczystszych poet\u00f3w S\u0142owa. \u017baden tu z niego kaznodzieja, moralista, erudyta. Ch\u0119tnie nazwa\u0142bym go ochrzczonym presokratykiem, poet\u0105 pierwszych element\u00f3w, \u017cywio\u0142\u00f3w, kt\u00f3rych tajemnicze \u017cycie, fluktuacje obserwuje on w ruchu trzcin, w <em>martwym oku wody<\/em>, chmurach. Kuczkowski jest z tych i takich poet\u00f3w, kt\u00f3rzy szczerze ciesz\u0105 si\u0119 ka\u017cdym <em>nie wiem<\/em> i kt\u00f3rych ta rado\u015b\u0107 wiedzie ku <em>innemu nie wiem<\/em>. Wtedy przychodzi do nich tchnienie wiary, w apofatycznej ekstazie, czu\u0142o\u015bci spojrze\u0144, w s\u0142awieniu Stw\u00f3rcy, kt\u00f3ry nawet w <em>nie wiem<\/em> jest. I kogo wtedy wielbi\u0107 bardziej: poezj\u0119, poet\u0119, \u015bwiat czy jego Stw\u00f3rc\u0119?<br \/>\nprof. Jaros\u0142aw \u0141awski<\/p>\n","protected":false},"excerpt":{"rendered":"<p>Wiersze pisze si\u0119 po to \u2013 twierdzi Krzysztof Kuczkowski \u2013 \u017ceby wej\u015b\u0107 w komuni\u0119, nawi\u0105za\u0107 kontakt, rozmow\u0119, zainicjowa\u0107 wymian\u0119 my\u015bli i idei, a nie po to \u017ceby rzuci\u0107 na kolana, by\u0107 podziwianym, zyska\u0107 presti\u017c i zdoby\u0107 znaczenie. To chyba dlatego prawdziwemu poecie tak trudno uwierzy\u0107, \u017ce naprawd\u0119 jest poet\u0105. Sam nawet Adam Mickiewicz \u2013 b\u0119d\u0105c [&hellip;]<\/p>\n","protected":false},"featured_media":107,"comment_status":"open","ping_status":"closed","template":"","meta":[],"product_brand":[],"product_cat":[45],"product_tag":[],"class_list":{"0":"post-106","1":"product","2":"type-product","3":"status-publish","4":"has-post-thumbnail","6":"product_cat-poezja","8":"first","9":"instock","10":"taxable","11":"shipping-taxable","12":"purchasable","13":"product-type-simple"},"yoast_head":"<!-- This site is optimized with the Yoast SEO plugin v26.9 - https:\/\/yoast.com\/product\/yoast-seo-wordpress\/ -->\n<title>Ksi\u0119garnia Wydawnictwa Republika Ostrowska<\/title>\n<meta name=\"robots\" content=\"index, follow, max-snippet:-1, max-image-preview:large, max-video-preview:-1\" \/>\n<link rel=\"canonical\" href=\"https:\/\/ksiegarnia.republikaostrowska.pl\/index.php\/produkt\/krzysztof-kuczkowski-kladka-wiersze-duchowe\/\" \/>\n<meta property=\"og:locale\" content=\"pl_PL\" \/>\n<meta property=\"og:type\" content=\"article\" \/>\n<meta property=\"og:title\" content=\"Ksi\u0119garnia Wydawnictwa Republika Ostrowska\" \/>\n<meta property=\"og:description\" content=\"Wiersze pisze si\u0119 po to \u2013 twierdzi Krzysztof Kuczkowski \u2013 \u017ceby wej\u015b\u0107 w komuni\u0119, nawi\u0105za\u0107 kontakt, rozmow\u0119, zainicjowa\u0107 wymian\u0119 my\u015bli i idei, a nie po to \u017ceby rzuci\u0107 na kolana, by\u0107 podziwianym, zyska\u0107 presti\u017c i zdoby\u0107 znaczenie. To chyba dlatego prawdziwemu poecie tak trudno uwierzy\u0107, \u017ce naprawd\u0119 jest poet\u0105. Sam nawet Adam Mickiewicz \u2013 b\u0119d\u0105c [&hellip;]\" \/>\n<meta property=\"og:url\" content=\"https:\/\/ksiegarnia.republikaostrowska.pl\/index.php\/produkt\/krzysztof-kuczkowski-kladka-wiersze-duchowe\/\" \/>\n<meta property=\"og:site_name\" content=\"Ksi\u0119garnia Wydawnictwa Republika Ostrowska\" \/>\n<meta property=\"article:modified_time\" content=\"2021-06-30T20:17:24+00:00\" \/>\n<meta property=\"og:image\" content=\"https:\/\/i0.wp.com\/ksiegarnia.republikaostrowska.pl\/wp-content\/uploads\/2021\/06\/Kladka.jpg?fit=247%2C350&ssl=1\" \/>\n\t<meta property=\"og:image:width\" content=\"247\" \/>\n\t<meta property=\"og:image:height\" content=\"350\" \/>\n\t<meta property=\"og:image:type\" content=\"image\/jpeg\" \/>\n<meta name=\"twitter:card\" content=\"summary_large_image\" \/>\n<meta name=\"twitter:label1\" content=\"Szacowany czas czytania\" \/>\n\t<meta name=\"twitter:data1\" content=\"1 minuta\" \/>\n<script type=\"application\/ld+json\" class=\"yoast-schema-graph\">{\"@context\":\"https:\/\/schema.org\",\"@graph\":[{\"@type\":\"WebPage\",\"@id\":\"https:\/\/ksiegarnia.republikaostrowska.pl\/index.php\/produkt\/krzysztof-kuczkowski-kladka-wiersze-duchowe\/\",\"url\":\"https:\/\/ksiegarnia.republikaostrowska.pl\/index.php\/produkt\/krzysztof-kuczkowski-kladka-wiersze-duchowe\/\",\"name\":\"Ksi\u0119garnia Wydawnictwa Republika Ostrowska\",\"isPartOf\":{\"@id\":\"https:\/\/ksiegarnia.republikaostrowska.pl\/#website\"},\"primaryImageOfPage\":{\"@id\":\"https:\/\/ksiegarnia.republikaostrowska.pl\/index.php\/produkt\/krzysztof-kuczkowski-kladka-wiersze-duchowe\/#primaryimage\"},\"image\":{\"@id\":\"https:\/\/ksiegarnia.republikaostrowska.pl\/index.php\/produkt\/krzysztof-kuczkowski-kladka-wiersze-duchowe\/#primaryimage\"},\"thumbnailUrl\":\"https:\/\/i0.wp.com\/ksiegarnia.republikaostrowska.pl\/wp-content\/uploads\/2021\/06\/Kladka.jpg?fit=247%2C350&ssl=1\",\"datePublished\":\"2021-06-30T10:45:38+00:00\",\"dateModified\":\"2021-06-30T20:17:24+00:00\",\"breadcrumb\":{\"@id\":\"https:\/\/ksiegarnia.republikaostrowska.pl\/index.php\/produkt\/krzysztof-kuczkowski-kladka-wiersze-duchowe\/#breadcrumb\"},\"inLanguage\":\"pl-PL\",\"potentialAction\":[{\"@type\":\"ReadAction\",\"target\":[\"https:\/\/ksiegarnia.republikaostrowska.pl\/index.php\/produkt\/krzysztof-kuczkowski-kladka-wiersze-duchowe\/\"]}]},{\"@type\":\"ImageObject\",\"inLanguage\":\"pl-PL\",\"@id\":\"https:\/\/ksiegarnia.republikaostrowska.pl\/index.php\/produkt\/krzysztof-kuczkowski-kladka-wiersze-duchowe\/#primaryimage\",\"url\":\"https:\/\/i0.wp.com\/ksiegarnia.republikaostrowska.pl\/wp-content\/uploads\/2021\/06\/Kladka.jpg?fit=247%2C350&ssl=1\",\"contentUrl\":\"https:\/\/i0.wp.com\/ksiegarnia.republikaostrowska.pl\/wp-content\/uploads\/2021\/06\/Kladka.jpg?fit=247%2C350&ssl=1\",\"width\":247,\"height\":350},{\"@type\":\"BreadcrumbList\",\"@id\":\"https:\/\/ksiegarnia.republikaostrowska.pl\/index.php\/produkt\/krzysztof-kuczkowski-kladka-wiersze-duchowe\/#breadcrumb\",\"itemListElement\":[{\"@type\":\"ListItem\",\"position\":1,\"name\":\"Strona g\u0142\u00f3wna\",\"item\":\"https:\/\/ksiegarnia.republikaostrowska.pl\/\"},{\"@type\":\"ListItem\",\"position\":2,\"name\":\"Sklep\",\"item\":\"https:\/\/ksiegarnia.republikaostrowska.pl\/\"},{\"@type\":\"ListItem\",\"position\":3,\"name\":\"Krzysztof Kuczkowski, K\u0142adka. Wiersze duchowe\"}]},{\"@type\":\"WebSite\",\"@id\":\"https:\/\/ksiegarnia.republikaostrowska.pl\/#website\",\"url\":\"https:\/\/ksiegarnia.republikaostrowska.pl\/\",\"name\":\"Ksi\u0119garnia Wydawnictwa Republika Ostrowska\",\"description\":\"Sprzeda\u017c ksi\u0105\u017cek Wydawnictwa Republika Ostrowska\",\"publisher\":{\"@id\":\"https:\/\/ksiegarnia.republikaostrowska.pl\/#organization\"},\"potentialAction\":[{\"@type\":\"SearchAction\",\"target\":{\"@type\":\"EntryPoint\",\"urlTemplate\":\"https:\/\/ksiegarnia.republikaostrowska.pl\/?s={search_term_string}\"},\"query-input\":{\"@type\":\"PropertyValueSpecification\",\"valueRequired\":true,\"valueName\":\"search_term_string\"}}],\"inLanguage\":\"pl-PL\"},{\"@type\":\"Organization\",\"@id\":\"https:\/\/ksiegarnia.republikaostrowska.pl\/#organization\",\"name\":\"Wydawnictwo Republika Ostrowska\",\"url\":\"https:\/\/ksiegarnia.republikaostrowska.pl\/\",\"logo\":{\"@type\":\"ImageObject\",\"inLanguage\":\"pl-PL\",\"@id\":\"https:\/\/ksiegarnia.republikaostrowska.pl\/#\/schema\/logo\/image\/\",\"url\":\"https:\/\/i0.wp.com\/ksiegarnia.republikaostrowska.pl\/wp-content\/uploads\/2021\/07\/Wydawnictwo-Republika-Ostrowska-LOGO.png?fit=512%2C512&ssl=1\",\"contentUrl\":\"https:\/\/i0.wp.com\/ksiegarnia.republikaostrowska.pl\/wp-content\/uploads\/2021\/07\/Wydawnictwo-Republika-Ostrowska-LOGO.png?fit=512%2C512&ssl=1\",\"width\":512,\"height\":512,\"caption\":\"Wydawnictwo Republika Ostrowska\"},\"image\":{\"@id\":\"https:\/\/ksiegarnia.republikaostrowska.pl\/#\/schema\/logo\/image\/\"}}]}<\/script>\n<!-- \/ Yoast SEO plugin. -->","yoast_head_json":{"title":"Ksi\u0119garnia Wydawnictwa Republika Ostrowska","robots":{"index":"index","follow":"follow","max-snippet":"max-snippet:-1","max-image-preview":"max-image-preview:large","max-video-preview":"max-video-preview:-1"},"canonical":"https:\/\/ksiegarnia.republikaostrowska.pl\/index.php\/produkt\/krzysztof-kuczkowski-kladka-wiersze-duchowe\/","og_locale":"pl_PL","og_type":"article","og_title":"Ksi\u0119garnia Wydawnictwa Republika Ostrowska","og_description":"Wiersze pisze si\u0119 po to \u2013 twierdzi Krzysztof Kuczkowski \u2013 \u017ceby wej\u015b\u0107 w komuni\u0119, nawi\u0105za\u0107 kontakt, rozmow\u0119, zainicjowa\u0107 wymian\u0119 my\u015bli i idei, a nie po to \u017ceby rzuci\u0107 na kolana, by\u0107 podziwianym, zyska\u0107 presti\u017c i zdoby\u0107 znaczenie. To chyba dlatego prawdziwemu poecie tak trudno uwierzy\u0107, \u017ce naprawd\u0119 jest poet\u0105. Sam nawet Adam Mickiewicz \u2013 b\u0119d\u0105c [&hellip;]","og_url":"https:\/\/ksiegarnia.republikaostrowska.pl\/index.php\/produkt\/krzysztof-kuczkowski-kladka-wiersze-duchowe\/","og_site_name":"Ksi\u0119garnia Wydawnictwa Republika Ostrowska","article_modified_time":"2021-06-30T20:17:24+00:00","og_image":[{"width":247,"height":350,"url":"https:\/\/i0.wp.com\/ksiegarnia.republikaostrowska.pl\/wp-content\/uploads\/2021\/06\/Kladka.jpg?fit=247%2C350&ssl=1","type":"image\/jpeg"}],"twitter_card":"summary_large_image","twitter_misc":{"Szacowany czas czytania":"1 minuta"},"schema":{"@context":"https:\/\/schema.org","@graph":[{"@type":"WebPage","@id":"https:\/\/ksiegarnia.republikaostrowska.pl\/index.php\/produkt\/krzysztof-kuczkowski-kladka-wiersze-duchowe\/","url":"https:\/\/ksiegarnia.republikaostrowska.pl\/index.php\/produkt\/krzysztof-kuczkowski-kladka-wiersze-duchowe\/","name":"Ksi\u0119garnia Wydawnictwa Republika Ostrowska","isPartOf":{"@id":"https:\/\/ksiegarnia.republikaostrowska.pl\/#website"},"primaryImageOfPage":{"@id":"https:\/\/ksiegarnia.republikaostrowska.pl\/index.php\/produkt\/krzysztof-kuczkowski-kladka-wiersze-duchowe\/#primaryimage"},"image":{"@id":"https:\/\/ksiegarnia.republikaostrowska.pl\/index.php\/produkt\/krzysztof-kuczkowski-kladka-wiersze-duchowe\/#primaryimage"},"thumbnailUrl":"https:\/\/i0.wp.com\/ksiegarnia.republikaostrowska.pl\/wp-content\/uploads\/2021\/06\/Kladka.jpg?fit=247%2C350&ssl=1","datePublished":"2021-06-30T10:45:38+00:00","dateModified":"2021-06-30T20:17:24+00:00","breadcrumb":{"@id":"https:\/\/ksiegarnia.republikaostrowska.pl\/index.php\/produkt\/krzysztof-kuczkowski-kladka-wiersze-duchowe\/#breadcrumb"},"inLanguage":"pl-PL","potentialAction":[{"@type":"ReadAction","target":["https:\/\/ksiegarnia.republikaostrowska.pl\/index.php\/produkt\/krzysztof-kuczkowski-kladka-wiersze-duchowe\/"]}]},{"@type":"ImageObject","inLanguage":"pl-PL","@id":"https:\/\/ksiegarnia.republikaostrowska.pl\/index.php\/produkt\/krzysztof-kuczkowski-kladka-wiersze-duchowe\/#primaryimage","url":"https:\/\/i0.wp.com\/ksiegarnia.republikaostrowska.pl\/wp-content\/uploads\/2021\/06\/Kladka.jpg?fit=247%2C350&ssl=1","contentUrl":"https:\/\/i0.wp.com\/ksiegarnia.republikaostrowska.pl\/wp-content\/uploads\/2021\/06\/Kladka.jpg?fit=247%2C350&ssl=1","width":247,"height":350},{"@type":"BreadcrumbList","@id":"https:\/\/ksiegarnia.republikaostrowska.pl\/index.php\/produkt\/krzysztof-kuczkowski-kladka-wiersze-duchowe\/#breadcrumb","itemListElement":[{"@type":"ListItem","position":1,"name":"Strona g\u0142\u00f3wna","item":"https:\/\/ksiegarnia.republikaostrowska.pl\/"},{"@type":"ListItem","position":2,"name":"Sklep","item":"https:\/\/ksiegarnia.republikaostrowska.pl\/"},{"@type":"ListItem","position":3,"name":"Krzysztof Kuczkowski, K\u0142adka. Wiersze duchowe"}]},{"@type":"WebSite","@id":"https:\/\/ksiegarnia.republikaostrowska.pl\/#website","url":"https:\/\/ksiegarnia.republikaostrowska.pl\/","name":"Ksi\u0119garnia Wydawnictwa Republika Ostrowska","description":"Sprzeda\u017c ksi\u0105\u017cek Wydawnictwa Republika Ostrowska","publisher":{"@id":"https:\/\/ksiegarnia.republikaostrowska.pl\/#organization"},"potentialAction":[{"@type":"SearchAction","target":{"@type":"EntryPoint","urlTemplate":"https:\/\/ksiegarnia.republikaostrowska.pl\/?s={search_term_string}"},"query-input":{"@type":"PropertyValueSpecification","valueRequired":true,"valueName":"search_term_string"}}],"inLanguage":"pl-PL"},{"@type":"Organization","@id":"https:\/\/ksiegarnia.republikaostrowska.pl\/#organization","name":"Wydawnictwo Republika Ostrowska","url":"https:\/\/ksiegarnia.republikaostrowska.pl\/","logo":{"@type":"ImageObject","inLanguage":"pl-PL","@id":"https:\/\/ksiegarnia.republikaostrowska.pl\/#\/schema\/logo\/image\/","url":"https:\/\/i0.wp.com\/ksiegarnia.republikaostrowska.pl\/wp-content\/uploads\/2021\/07\/Wydawnictwo-Republika-Ostrowska-LOGO.png?fit=512%2C512&ssl=1","contentUrl":"https:\/\/i0.wp.com\/ksiegarnia.republikaostrowska.pl\/wp-content\/uploads\/2021\/07\/Wydawnictwo-Republika-Ostrowska-LOGO.png?fit=512%2C512&ssl=1","width":512,"height":512,"caption":"Wydawnictwo Republika Ostrowska"},"image":{"@id":"https:\/\/ksiegarnia.republikaostrowska.pl\/#\/schema\/logo\/image\/"}}]}},"jetpack-related-posts":[{"id":104,"url":"https:\/\/ksiegarnia.republikaostrowska.pl\/index.php\/produkt\/wojciech-gawlowski-rozo-szronu-wiersze-metafizyczne-i-religijne\/","url_meta":{"origin":106,"position":0},"title":"Wojciech Gaw\u0142owski, R\u00f3\u017co szronu. Wiersze metafizyczne i religijne","author":"Tomasz Mieloch","date":"30 czerwca 2021","format":false,"excerpt":"\u201eR\u00f3\u017co szronu\u201d Wojciecha Gaw\u0142owskiego to trzeci tom serii wydawniczej \u201eBiblioteka \u015bwi\u0119tego Grzegorza z Nazjanzu. Polska wsp\u00f3\u0142czesna poezja religijna\u201d. \u201eWiersze Wojciecha Gaw\u0142owskiego po mistrzowsku balansuj\u0105 pomi\u0119dzy oczywisto\u015bci\u0105 a tajemnic\u0105. Tylko niewielu poet\u00f3w potrafi tak pisa\u0107, \u017ceby podszewk\u0105 tego, co jawne, by\u0142o to, co zakryte, i na odwr\u00f3t, \u017ceby tajemnica by\u0142a podszyta\u2026","rel":"","context":"Podobny wpis","block_context":{"text":"Podobny wpis","link":""},"img":{"alt_text":"","src":"https:\/\/i0.wp.com\/ksiegarnia.republikaostrowska.pl\/wp-content\/uploads\/2021\/06\/Rozo-szronu.jpg?fit=247%2C350&ssl=1&resize=350%2C200","width":350,"height":200},"classes":[]},{"id":100,"url":"https:\/\/ksiegarnia.republikaostrowska.pl\/index.php\/produkt\/marek-czuku-nietrwala-kompozycja-wiersze-metafizyczne-i-religijne\/","url_meta":{"origin":106,"position":1},"title":"Marek Czuku, Nietrwa\u0142a kompozycja. Wiersze metafizyczne i religijne","author":"Tomasz Mieloch","date":"30 czerwca 2021","format":false,"excerpt":"\u201eNietrwa\u0142a kompozycja\u201d Marka Czuku otwiera seri\u0119 wydawnicz\u0105 \u201eBiblioteka \u015bwi\u0119tego Grzegorza z Nazjanzu. Polska wsp\u00f3\u0142czesna poezja religijna\u201d. \u201eU poety z cenzusem fizyka, ale i polonisty, najbardziej podobaj\u0105 mi si\u0119 przewrotne wiersze metafizyczne z zastosowaniem paradoks\u00f3w i kalambur\u00f3w j\u0119zykowych. Poeta prowadzi niekiedy wyrafinowan\u0105 gr\u0119 z j\u0119zykiem na planie rozwa\u017ca\u0144 filozoficznych o czasie,\u2026","rel":"","context":"Podobny wpis","block_context":{"text":"Podobny wpis","link":""},"img":{"alt_text":"","src":"https:\/\/i0.wp.com\/ksiegarnia.republikaostrowska.pl\/wp-content\/uploads\/2021\/06\/Nietrwala-kompozycja.jpg?fit=247%2C350&ssl=1&resize=350%2C200","width":350,"height":200},"classes":[]},{"id":96,"url":"https:\/\/ksiegarnia.republikaostrowska.pl\/index.php\/produkt\/hymn-zachwytu-antologia-pokonkursowa-2018\/","url_meta":{"origin":106,"position":2},"title":"Hymn zachwytu. Antologia pokonkursowa 2018","author":"Tomasz Mieloch","date":"30 czerwca 2021","format":false,"excerpt":"\u201eOni byli poetami. Ich kr\u0119powa\u0142a jasno\u015b\u0107 poj\u0119\u0107, \u015bcis\u0142o\u015b\u0107 s\u0142owa, bo nawet nasza mowa, tak dziwnie pi\u0119kna i bogata, wypowiedzie\u0107 wszystkiego nie jest w stanie\u201d \u2013 m\u00f3wi\u0142 Paderewski. Samo podj\u0119cie si\u0119 napisania \u201ewiersza chopinowskiego\u201d i to jeszcze w blasku Norwidowskiego flesza jest \u015bwiadectwem gotowo\u015bci prze\u0142amania barier. A je\u015bli te pr\u00f3by podejmowane\u2026","rel":"","context":"Podobny wpis","block_context":{"text":"Podobny wpis","link":""},"img":{"alt_text":"","src":"https:\/\/i0.wp.com\/ksiegarnia.republikaostrowska.pl\/wp-content\/uploads\/2021\/06\/Hymn-zachwytu-2018.jpg?fit=248%2C350&ssl=1&resize=350%2C200","width":350,"height":200},"classes":[]},{"id":102,"url":"https:\/\/ksiegarnia.republikaostrowska.pl\/index.php\/produkt\/szymon-babuchowski-zanim-przyjdziesz-wiersze-metafizyczne-i-religijne\/","url_meta":{"origin":106,"position":3},"title":"Szymon Babuchowski, Zanim przyjdziesz. Wiersze metafizyczne i religijne","author":"Tomasz Mieloch","date":"30 czerwca 2021","format":false,"excerpt":"\u201eZanim przyjdziesz\u201d Szymona Babuchowskiego to drugi tom serii wydawniczej \u201eBiblioteka \u015bwi\u0119tego Grzegorza z Nazjanzu. Polska wsp\u00f3\u0142czesna poezja religijna\u201d. \u201eDruga Rzeczpospolita mia\u0142a Jerzego Lieberta. W naszej kulturze podobn\u0105 rol\u0119 pe\u0142ni Szymon Babuchowski. Gdybym mia\u0142 poda\u0107 jedno s\u0142owo, kt\u00f3re mi si\u0119 z nim kojarzy, brzmia\u0142oby ono: wierno\u015b\u0107. U\u015bwi\u0119caj\u0105c czas marny, w kt\u00f3rym\u2026","rel":"","context":"Podobny wpis","block_context":{"text":"Podobny wpis","link":""},"img":{"alt_text":"","src":"https:\/\/i0.wp.com\/ksiegarnia.republikaostrowska.pl\/wp-content\/uploads\/2021\/06\/Zanim-przyjdziesz.jpg?fit=247%2C350&ssl=1&resize=350%2C200","width":350,"height":200},"classes":[]},{"id":98,"url":"https:\/\/ksiegarnia.republikaostrowska.pl\/index.php\/produkt\/hymn-zachwytu-antologia-pokonkursowa-2019\/","url_meta":{"origin":106,"position":4},"title":"Hymn zachwytu. Antologia pokonkursowa 2019","author":"Tomasz Mieloch","date":"30 czerwca 2021","format":false,"excerpt":"Tradycj\u0105 Mi\u0119dzynarodowego Festiwalu \u201eChopin w barwach jesieni\u201d w Antoninie jest poszukiwanie kontrapunkt\u00f3w dla tw\u00f3rczo\u015bci Fryderyka Chopina. R\u00f3\u017cne s\u0105 p\u0142aszczyzny tych eksploracji: uczestnicy koncert\u00f3w przemieszczaj\u0105 si\u0119 w czasie (szukaj\u0105c muzycznych \u017ar\u00f3de\u0142 w przesz\u0142o\u015bci, ale tak\u017ce pok\u0142osia licznych kontynuator\u00f3w Chopina), przestrzeni (pod\u0105\u017caj\u0105 za interpretacjami utwor\u00f3w Chopina zaprezentowanymi przez przedstawicieli r\u00f3\u017cnych narod\u00f3w), prze\u0142\u0105czaj\u0105\u2026","rel":"","context":"Podobny wpis","block_context":{"text":"Podobny wpis","link":""},"img":{"alt_text":"","src":"https:\/\/i0.wp.com\/ksiegarnia.republikaostrowska.pl\/wp-content\/uploads\/2021\/06\/Hymn-zachwytu-2019.jpg?fit=248%2C350&ssl=1&resize=350%2C200","width":350,"height":200},"classes":[]},{"id":85,"url":"https:\/\/ksiegarnia.republikaostrowska.pl\/index.php\/produkt\/hymn-zachwytu-antologia-pokonkursowa-2016\/","url_meta":{"origin":106,"position":5},"title":"Hymn zachwytu. Antologia pokonkursowa 2016","author":"Tomasz Mieloch","date":"22 czerwca 2021","format":false,"excerpt":"Czego \u015bwiadectwem s\u0105 zgromadzone w antologii utwory? Stanowi\u0105 dow\u00f3d znamiennej, dawno przez Micha\u0142a G\u0142owi\u0144skiego opisanej tendencji: \u201eLiteracko\u015b\u0107 muzyki przejawia si\u0119 w \u2013 bezpo\u015brednich b\u0105d\u017a po\u015brednich \u2013 d\u0105\u017ceniach do wyj\u015bcia z tworzywa i przezwyci\u0119\u017cania jego naturalnych ogranicze\u0144. Muzyczno\u015b\u0107 literatury ujawnia si\u0119 w d\u0105\u017ceniu do wej\u015bcia w tworzywo, a dok\u0142adnie \u2013 w\u2026","rel":"","context":"Podobny wpis","block_context":{"text":"Podobny wpis","link":""},"img":{"alt_text":"","src":"https:\/\/i0.wp.com\/ksiegarnia.republikaostrowska.pl\/wp-content\/uploads\/2021\/06\/Hymn-zachwytu-2016.jpg?fit=247%2C350&ssl=1&resize=350%2C200","width":350,"height":200},"classes":[]}],"jetpack_sharing_enabled":true,"_links":{"self":[{"href":"https:\/\/ksiegarnia.republikaostrowska.pl\/index.php\/wp-json\/wp\/v2\/product\/106","targetHints":{"allow":["GET"]}}],"collection":[{"href":"https:\/\/ksiegarnia.republikaostrowska.pl\/index.php\/wp-json\/wp\/v2\/product"}],"about":[{"href":"https:\/\/ksiegarnia.republikaostrowska.pl\/index.php\/wp-json\/wp\/v2\/types\/product"}],"replies":[{"embeddable":true,"href":"https:\/\/ksiegarnia.republikaostrowska.pl\/index.php\/wp-json\/wp\/v2\/comments?post=106"}],"wp:featuredmedia":[{"embeddable":true,"href":"https:\/\/ksiegarnia.republikaostrowska.pl\/index.php\/wp-json\/wp\/v2\/media\/107"}],"wp:attachment":[{"href":"https:\/\/ksiegarnia.republikaostrowska.pl\/index.php\/wp-json\/wp\/v2\/media?parent=106"}],"wp:term":[{"taxonomy":"product_brand","embeddable":true,"href":"https:\/\/ksiegarnia.republikaostrowska.pl\/index.php\/wp-json\/wp\/v2\/product_brand?post=106"},{"taxonomy":"product_cat","embeddable":true,"href":"https:\/\/ksiegarnia.republikaostrowska.pl\/index.php\/wp-json\/wp\/v2\/product_cat?post=106"},{"taxonomy":"product_tag","embeddable":true,"href":"https:\/\/ksiegarnia.republikaostrowska.pl\/index.php\/wp-json\/wp\/v2\/product_tag?post=106"}],"curies":[{"name":"wp","href":"https:\/\/api.w.org\/{rel}","templated":true}]}}